{"id":1554,"date":"2023-04-26T10:04:07","date_gmt":"2023-04-26T02:04:07","guid":{"rendered":"https:\/\/fsportsnet.com\/?post_type=product&#038;p=1554"},"modified":"2023-04-26T10:27:10","modified_gmt":"2023-04-26T02:27:10","slug":"ezgoal-lacrosse-folding-goal-with-steel-frame","status":"publish","type":"product","link":"https:\/\/fsportsnet.com\/ar\/product\/ezgoal-lacrosse-folding-goal-with-steel-frame\/","title":{"rendered":"\u0623\u0647\u062f\u0627\u0641 \u0632\u0627\u0648\u064a\u0629 \u062d\u0627\u0631\u0633 \u0645\u0631\u0645\u0649 \u0644\u0627\u0643\u0631\u0648\u0633 \u0644\u0644\u062a\u0633\u062f\u064a\u062f \u0639\u0644\u0649 \u0645\u0631\u0645\u0649 \u0627\u0644\u0644\u0627\u0643\u0631\u0648\u0633 \u0644\u0644\u062a\u062f\u0631\u0628 \u0639\u0644\u0649 \u0627\u0644\u0631\u0645\u0627\u064a\u0629"},"content":{"rendered":"<ul class=\"a-unordered-list a-vertical a-spacing-mini\">\n<li><span class=\"a-list-item\">\u0647\u062f\u0641 \u0627\u0644\u0631\u0645\u0627\u064a\u0629 \u0627\u0644\u0645\u0645\u062a\u0627\u0632: \u0647\u062f\u0641 \u0627\u0644\u0631\u0645\u0627\u064a\u0629 \u0627\u0644\u0645\u0642\u0627\u0648\u0645 \u0644\u0644\u0645\u0627\u0621 \u062b\u0642\u064a\u0644 \u0627\u0644\u0648\u0632\u0646 \u0647\u0630\u0627 \u0645\u0635\u0646\u0648\u0639 \u0645\u0646 \u0642\u0645\u0627\u0634 \u0646\u0627\u064a\u0644\u0648\u0646 \u0639\u0627\u0644\u064a \u0627\u0644\u062c\u0648\u062f\u0629\u060c \u0642\u0645\u0627\u0634 \u0647\u062f\u0641 \u0627\u0644\u0644\u0627\u0643\u0631\u0648\u0633 \u0642\u0627\u0628\u0644 \u0644\u0644\u062d\u0645\u0644 \u0648\u0633\u0647\u0644 \u0627\u0644\u0637\u064a \u0644\u0646 \u064a\u0646\u0643\u0633\u0631 \u0623\u0648 \u064a\u0628\u0647\u062a \u0628\u0633\u0647\u0648\u0644\u0629 \u0648\u064a\u0645\u0643\u0646\u0647 \u062a\u062d\u0645\u0644 \u0645\u0639\u0638\u0645 \u0627\u0644\u0638\u0631\u0648\u0641 \u0627\u0644\u062c\u0648\u064a\u0629<\/span><\/li>\n<li><span class=\"a-list-item\">\u0623\u0647\u062f\u0627\u0641 \u0644\u0627\u0643\u0631\u0648\u0633 \u0628\u0627\u0644\u062d\u062c\u0645 \u0627\u0644\u0631\u0633\u0645\u064a: 6\u2032 \u00d7 6\u2032 \u0645\u0635\u0645\u0645\u0629 \u0644\u0644\u0627\u0633\u062a\u062e\u062f\u0627\u0645 \u0639\u0644\u0649 \u0623\u0647\u062f\u0627\u0641 \u0644\u0627\u0643\u0631\u0648\u0633 \u0630\u0627\u062a \u0627\u0644\u0645\u0642\u0627\u0633\u0627\u062a \u0627\u0644\u0631\u0633\u0645\u064a\u0629 \u0644\u0643\u0644 \u0645\u0646 \u0627\u0644\u0644\u0627\u0639\u0628\u064a\u0646 \u0627\u0644\u0643\u0628\u0627\u0631 \u0648\u0627\u0644\u0634\u0628\u0627\u0628.<\/span><\/li>\n<li><span class=\"a-list-item\">9 \u0645\u0646\u0627\u0637\u0642 \u0644\u0644\u062a\u0633\u062f\u064a\u062f: \u064a\u062a\u0645\u064a\u0632 \u0647\u062f\u0641 \u0627\u0644\u062a\u0635\u0648\u064a\u0628 \u0627\u0644\u0645\u062a\u0645\u064a\u0632 \u0647\u0630\u0627 \u0628\u0640 9 \u0645\u0646\u0627\u0637\u0642 \u062a\u0635\u0648\u064a\u0628 \u0648\u0627\u0642\u0639\u064a\u0629 \u0644\u0645\u0633\u0627\u0639\u062f\u0629 \u0627\u0644\u0644\u0627\u0639\u0628\u064a\u0646 \u0639\u0644\u0649 \u0627\u0644\u062a\u062f\u0631\u0628 \u0639\u0644\u0649 \u062f\u0642\u0629 \u0627\u0644\u062a\u0635\u0648\u064a\u0628 \u062f\u0648\u0646 \u0627\u0644\u062d\u0627\u062c\u0629 \u0625\u0644\u0649 \u062d\u0627\u0631\u0633 \u0645\u0631\u0645\u0649\u060c \u0645\u0646 \u0627\u0644\u0623\u0637\u0641\u0627\u0644 \u0625\u0644\u0649 \u0627\u0644\u0644\u0627\u0639\u0628\u064a\u0646 \u0627\u0644\u0645\u062a\u0645\u0631\u0633\u064a\u0646\u060c \u0641\u0623\u0647\u062f\u0627\u0641\u0646\u0627 \u0641\u064a \u0644\u0639\u0628\u0629 \u0627\u0644\u0644\u0627\u0643\u0631\u0648\u0633 \u0645\u062e\u0635\u0635\u0629 \u0644\u0644\u0627\u0639\u0628\u064a\u0646 \u0627\u0644\u0645\u0628\u062a\u062f\u0626\u064a\u0646 \u0648\u0627\u0644\u0645\u062a\u0648\u0633\u0637\u064a\u0646 \u0648\u0627\u0644\u0645\u062a\u0642\u062f\u0645\u064a\u0646.<\/span><\/li>\n<li><span class=\"a-list-item\">\u0633\u0647\u0644\u0629 \u0627\u0644\u062a\u0631\u0643\u064a\u0628 \u0648\u0627\u0644\u062d\u0645\u0644: \u0645\u0632\u0648\u062f\u0629 \u0628\u0640 16 \u0645\u0634\u0628\u0643\u064b\u0627 \u0645\u0646 \u0627\u0644\u062d\u0628\u0627\u0644 \u0627\u0644\u0645\u0631\u0646\u0629 \u0627\u0644\u062a\u064a \u064a\u0645\u0643\u0646 \u062a\u0631\u0643\u064a\u0628\u0647\u0627 \u0648\u062a\u0639\u062f\u064a\u0644\u0647\u0627 \u0628\u0633\u0647\u0648\u0644\u0629 \u0648\u0641\u0642\u064b\u0627 \u0644\u0627\u062d\u062a\u064a\u0627\u062c\u0627\u062a\u0643\u060c \u0648\u064a\u0645\u0643\u0646\u0643 \u0628\u0633\u0647\u0648\u0644\u0629 \u0637\u064a \u0645\u0644\u062d\u0642\u0627\u062a \u0627\u0644\u0644\u0627\u0643\u0631\u0648\u0633 \u0648\u062a\u062e\u0632\u064a\u0646\u0647\u0627 \u0641\u064a \u062d\u0642\u064a\u0628\u0629\u060c \u0648\u0647\u064a \u062e\u0641\u064a\u0641\u0629 \u0627\u0644\u0648\u0632\u0646 \u0644\u062a\u0623\u062e\u0630\u0647\u0627 \u0645\u0639\u0643 \u0623\u064a\u0646\u0645\u0627 \u0630\u0647\u0628\u062a\u060c \u0648\u0644\u0627 \u062a\u0634\u063a\u0644 \u0645\u0633\u0627\u062d\u0629 \u0643\u0628\u064a\u0631\u0629 \u0623\u0648 \u0637\u0627\u0642\u0629 \u0643\u0628\u064a\u0631\u0629<\/span><\/li>\n<\/ul>\n<ul class=\"a-unordered-list a-vertical a-spacing-mini\">\n<li>\u00a01. \u0627\u0644\u0623\u0628\u0639\u0627\u062f: 6 \u00d7 6 \u00d7 6 \u00d7 7 \u0623\u0642\u062f\u0627\u0645<br \/>\n2. \u0625\u0637\u0627\u0631: 31.8 \u00d7 0.8 \u0645\u0645 \u0645\u0639 50 \u0642\u0637\u0639\u0629 \u0645\u0646 \u0627\u0644\u0623\u0631\u0628\u0637\u0629<br \/>\n3. \u0634\u0628\u0643\u0629: \u0634\u0628\u0643\u0629 \u0628\u0648\u0644\u064a\u0633\u062a\u0631 \u063a\u064a\u0631 \u0645\u0639\u0642\u0648\u062f\u0629 \u0645\u0646 \u0627\u0644\u0628\u0648\u0644\u064a\u0633\u062a\u0631 \u0645\u0642\u0627\u0633 7 \u0637\u0628\u0642\u0627\u062a 1.5 \u0628\u0648\u0635\u0629<br \/>\n4. \u0627\u0644\u0648\u0632\u0646: 11.35 \u0643\u064a\u0644\u0648\u063a\u0631\u0627\u0645\u0627\u064b<br \/>\n5. \u062d\u062c\u0645 \u0627\u0644\u0639\u0628\u0648\u0629: 39.4 \u00d7 16.4 \u00d7 4.8 \u0628\u0648\u0635\u0629<\/li>\n<\/ul>","protected":false},"excerpt":{"rendered":"<h4 class=\"a-spacing-mini\">\u0628\u0646\u0627\u0621 \u0644\u0644\u0641\u0646\u0627\u0621 \u0627\u0644\u062e\u0644\u0641\u064a \u0648\u0627\u0644\u0644\u0639\u0628 \u0641\u064a \u0627\u0644\u0647\u0648\u0627\u0621 \u0627\u0644\u0637\u0644\u0642<\/h4>\n<p>\u0635\u064f\u0645\u0645 \u0647\u062f\u0641 \u0627\u0644\u0644\u0627\u0643\u0631\u0648\u0633 \u0627\u0644\u062e\u0627\u0635 \u0628\u0646\u0627 \u0644\u0644\u0623\u0644\u0639\u0627\u0628 \u0641\u064a \u0627\u0644\u0641\u0646\u0627\u0621 \u0627\u0644\u062e\u0644\u0641\u064a \u0648\u0627\u0644\u062a\u062f\u0631\u064a\u0628\u0627\u062a \u0627\u0644\u062e\u0627\u0631\u062c\u064a\u0629. \u0645\u0639 \u0627\u0644\u0625\u0637\u0627\u0631 \u0627\u0644\u0641\u0648\u0644\u0627\u0630\u064a \u0627\u0644\u0645\u062a\u064a\u0646 \u0648\u0627\u0644\u0623\u0648\u062a\u0627\u062f \u0627\u0644\u0623\u0631\u0636\u064a\u0629 \u0644\u062a\u062b\u0628\u064a\u062a \u0627\u0644\u0647\u062f\u0641 \u0639\u0644\u0649 \u0627\u0644\u0623\u0631\u0636\u060c \u0645\u0645\u0627 \u064a\u0633\u0627\u0639\u062f\u0643 \u0639\u0644\u0649 \u0645\u0648\u0627\u062c\u0647\u0629 \u0627\u0644\u0637\u0642\u0633 \u0627\u0644\u0630\u064a \u0644\u0627 \u064a\u0645\u0643\u0646 \u0627\u0644\u062a\u0646\u0628\u0624 \u0628\u0647. \u064a\u0648\u0641\u0631 \u0644\u0643 \u0627\u0644\u0647\u062f\u0641 \u0627\u0644\u0645\u062a\u064a\u0646 \u0648\u0627\u0644\u062b\u0627\u0628\u062a \u062a\u062c\u0631\u0628\u0629 \u062a\u062f\u0631\u064a\u0628 \u0628\u0644\u0627 \u062a\u0648\u0642\u0641 \u0644\u0645 \u064a\u0633\u0628\u0642 \u0644\u0643 \u0623\u0646 \u0645\u0631\u0631\u062a \u0628\u0647\u0627.<\/p>","protected":false},"featured_media":1529,"template":"","meta":{"_gspb_post_css":""},"product_brand":[],"product_cat":[38],"product_tag":[],"class_list":{"0":"post-1554","1":"product","2":"type-product","3":"status-publish","4":"has-post-thumbnail","6":"product_cat-lacrosse-goal","8":"first","9":"instock","10":"shipping-taxable","11":"product-type-simple"},"_links":{"self":[{"href":"https:\/\/fsportsnet.com\/ar\/wp-json\/wp\/v2\/product\/1554","targetHints":{"allow":["GET"]}}],"collection":[{"href":"https:\/\/fsportsnet.com\/ar\/wp-json\/wp\/v2\/product"}],"about":[{"href":"https:\/\/fsportsnet.com\/ar\/wp-json\/wp\/v2\/types\/product"}],"wp:featuredmedia":[{"embeddable":true,"href":"https:\/\/fsportsnet.com\/ar\/wp-json\/wp\/v2\/media\/1529"}],"wp:attachment":[{"href":"https:\/\/fsportsnet.com\/ar\/wp-json\/wp\/v2\/media?parent=1554"}],"wp:term":[{"taxonomy":"product_brand","embeddable":true,"href":"https:\/\/fsportsnet.com\/ar\/wp-json\/wp\/v2\/product_brand?post=1554"},{"taxonomy":"product_cat","embeddable":true,"href":"https:\/\/fsportsnet.com\/ar\/wp-json\/wp\/v2\/product_cat?post=1554"},{"taxonomy":"product_tag","embeddable":true,"href":"https:\/\/fsportsnet.com\/ar\/wp-json\/wp\/v2\/product_tag?post=1554"}],"curies":[{"name":"\u062f\u0628\u0644\u064a\u0648 \u0628\u064a","href":"https:\/\/api.w.org\/{rel}","templated":true}]}}