{"id":1603,"date":"2023-04-27T10:29:50","date_gmt":"2023-04-27T02:29:50","guid":{"rendered":"https:\/\/fsportsnet.com\/?post_type=product&#038;p=1603"},"modified":"2023-04-27T10:55:14","modified_gmt":"2023-04-27T02:55:14","slug":"pitch-back-baseball-rebounder-net-softball-baseball-bounce-back-net","status":"publish","type":"product","link":"https:\/\/fsportsnet.com\/ar\/product\/pitch-back-baseball-rebounder-net-softball-baseball-bounce-back-net\/","title":{"rendered":"\u0634\u0628\u0643\u0629 \u0627\u0631\u062a\u062f\u0627\u062f \u0643\u0631\u0629 \u0627\u0644\u0633\u0648\u0641\u062a \u0628\u0648\u0644\/\u0634\u0628\u0643\u0629 \u0627\u0631\u062a\u062f\u0627\u062f \u0643\u0631\u0629 \u0627\u0644\u0642\u0627\u0639\u062f\u0629"},"content":{"rendered":"<div id=\"featurebullets_feature_div\" class=\"celwidget\" data-feature-name=\"featurebullets\" data-csa-c-type=\"widget\" data-csa-c-content-id=\"featurebullets\" data-csa-c-slot-id=\"featurebullets_feature_div\" data-csa-c-asin=\"B00VUMGYLQ\" data-csa-c-is-in-initial-active-row=\"false\" data-csa-c-id=\"r02nsd-ek31ro-15bazj-k71de6\" data-cel-widget=\"featurebullets_feature_div\">\n<div id=\"feature-bullets\" class=\"a-section a-spacing-medium a-spacing-top-small\">\n<ul class=\"a-unordered-list a-vertical a-spacing-mini\">\n<li>\u0627\u0644\u062d\u062c\u0645: 6\u00d74\u2032<br \/>\n\u0627\u0644\u0627\u0631\u062a\u0641\u0627\u0639 \u0627\u0644\u0642\u0627\u0628\u0644 \u0644\u0644\u062a\u0639\u062f\u064a\u0644: 113\/136\/157\/172 \u0633\u0645<br \/>\n\u0627\u0644\u0625\u0637\u0627\u0631: \u0623\u0646\u0628\u0648\u0628 \u0645\u0639\u062f\u0646\u064a \u0645\u0631\u0628\u0639 \u0628\u0633\u064f\u0645\u0643 1 \u0628\u0648\u0635\u0629 1.0 \u0645\u0645<br \/>\n\u0634\u0628\u0643\u0629 \u0634\u0628\u0643\u0629 \u0645\u0644\u062a\u0648\u064a\u0629 \u0645\u0639\u0642\u0648\u062f\u0629 \u0645\u0646 \u0627\u0644\u0628\u0648\u0644\u064a \u0625\u064a\u062b\u064a\u0644\u064a\u0646 30 \u0631\u0642\u0627\u0642\u0629 1.75 \u0628\u0648\u0635\u0629<br \/>\n\u062e\u0637\u0627\u0641 \u0627\u0644\u062d\u0628\u0644 \u0627\u0644\u0645\u0631\u0646: 28 \u0642\u0637\u0639\u0629<br \/>\n\u0627\u0644\u062a\u0639\u0628\u0626\u0629: \u0643\u0644 \u0645\u062c\u0645\u0648\u0639\u0629 \u0641\u064a \u0643\u0631\u062a\u0648\u0646\u0629 K=K\u060c 94 \u00d7 24 \u00d7 24 \u00d7 10 \u0633\u0645\u060c 7 \u0643\u062c\u0645 NW 7 \u0643\u062c\u0645<\/li>\n<li>\n<h1 class=\"a-size-base-plus a-text-bold\">\u062d\u0648\u0644 \u0647\u0630\u0647 \u0627\u0644\u0645\u0627\u062f\u0629<\/h1>\n<ul class=\"a-unordered-list a-vertical a-spacing-mini\">\n<li>\n<div id=\"featurebullets_feature_div\" class=\"celwidget\" data-feature-name=\"featurebullets\" data-csa-c-type=\"widget\" data-csa-c-content-id=\"featurebullets\" data-csa-c-slot-id=\"featurebullets_feature_div\" data-csa-c-asin=\"B0B2J8KKZ2\" data-csa-c-is-in-initial-active-row=\"false\" data-csa-c-id=\"qda9rz-af8e7w-31fb81-8p0mr8\" data-cel-widget=\"featurebullets_feature_div\">\n<div id=\"feature-bullets\" class=\"a-section a-spacing-medium a-spacing-top-small\">\n<ul class=\"a-unordered-list a-vertical a-spacing-mini\">\n<li><span class=\"a-list-item\">\ud83c\udfc6\u0645\u0633\u0627\u0639\u062f \u062a\u062f\u0631\u064a\u0628 \u0623\u0633\u0627\u0633\u064a: \u0642\u0648\u064a \u062c\u062f\u064b\u0627 \u0648\u0645\u062a\u064a\u0646 \u0648\u0645\u062b\u0627\u0644\u064a \u0644\u0644\u0631\u0645\u064a \u0648\u0627\u0644\u0625\u0645\u0633\u0627\u0643 \u0628\u0627\u0644\u0643\u0631\u0629! \u0645\u0635\u0645\u0645\u0629 \u0644\u062a\u0643\u0648\u0646 \u0634\u0631\u064a\u0643 \u062a\u062f\u0631\u064a\u0628 \u0641\u0631\u062f\u064a \u0641\u064a \u0631\u0645\u064a \u0627\u0644\u0628\u064a\u0633\u0628\u0648\u0644 \u0648\u0627\u0644\u0643\u0631\u0629 \u0627\u0644\u0644\u064a\u0646\u0629.<\/span><\/li>\n<li><span class=\"a-list-item\">\u2705\u0632\u0648\u0627\u064a\u0627 \u0642\u0627\u0628\u0644\u0629 \u0644\u0644\u062a\u0639\u062f\u064a\u0644 \u0633\u0647\u0644\u0629 \u0627\u0644\u0636\u0628\u0637 \u0628\u0636\u063a\u0637\u0629 \u0632\u0631 \u0630\u0627\u062a\u064a\u0629 \u0627\u0644\u0636\u0628\u0637 \u062a\u062c\u0639\u0644 \u0627\u0644\u0625\u0639\u062f\u0627\u062f \u062e\u0627\u0644\u064a\u064b\u0627 \u0645\u0646 \u0627\u0644\u0645\u062a\u0627\u0639\u0628.\u064a\u062a\u0645\u064a\u0632 \u0628\u0636\u0628\u0637 \u0633\u0631\u064a\u0639 \u0644\u0644\u0634\u0628\u0643\u0629\u060c \u0648\u0645\u0642\u0628\u0636 \u0633\u062d\u0628 \u0645\u0628\u062a\u0643\u0631 \u064a\u062a\u064a\u062d \u0644\u0643 \u0627\u0644\u062a\u0628\u062f\u064a\u0644 \u0628\u0633\u0647\u0648\u0644\u0629 \u0628\u064a\u0646 \u0623\u0631\u0628\u0639 \u0632\u0648\u0627\u064a\u0627 \u0644\u0644\u0631\u0645\u064a\u061b \u0631\u0627\u0626\u0639 \u0644\u0627\u0644\u062a\u0642\u0627\u0637 \u0627\u0644\u0643\u0631\u0627\u062a \u0627\u0644\u0623\u0631\u0636\u064a\u0629 \u0648\u0645\u062d\u0627\u0643\u0627\u0629 \u0627\u0644\u0643\u0631\u0627\u062a \u0627\u0644\u0637\u0627\u0626\u0631\u0629 \u0627\u0644\u0645\u0646\u0628\u062b\u0642\u0629 \u0648\u0627\u0644\u0645\u062d\u0631\u0643\u0627\u062a\u060c \u0648\u0627\u0644\u0631\u0645\u064a \u0648\u0627\u0644\u0625\u0645\u0633\u0627\u0643 \u0628\u0627\u0644\u0643\u0631\u0629 \u0648\u0627\u0644\u0645\u0632\u064a\u062f!<\/span><\/li>\n<li><span class=\"a-list-item\">\ud83d\udc8e\u0625\u0637\u0627\u0631 \u0641\u0648\u0644\u0627\u0630\u064a \u0645\u062a\u064a\u0646 \u0645\u0646 \u0627\u0644\u0641\u0648\u0644\u0627\u0630 \u0627\u0644\u0645\u0642\u0627\u0648\u0645 \u0644\u0644\u0627\u0631\u062a\u062f\u0627\u062f: \u0635\u064f\u0645\u0645 \u0645\u0646 \u0627\u0644\u0641\u0648\u0644\u0627\u0630 \u0627\u0644\u0642\u0648\u064a \u0648\u0627\u0644\u0634\u0628\u0643\u0629 \u0627\u0644\u0634\u0628\u0643\u064a\u0629 \u0627\u0644\u062a\u064a \u0633\u062a\u0631\u062a\u062f \u0627\u0644\u0643\u0631\u0629 \u0628\u0639\u062f \u0643\u0644 \u0631\u0645\u064a\u0629 \u0648\u062a\u0632\u064a\u0644 \u0645\u062c\u0645\u0648\u0639\u0629 \u0627\u0644\u0628\u0631\u0627\u063a\u064a \u0630\u0627\u062a \u0627\u0644\u0645\u0633\u0627\u0645\u064a\u0631 \u0627\u0644\u062b\u0642\u064a\u0644\u0629 \u0627\u0644\u0627\u0647\u062a\u0632\u0627\u0632\u060c \u0643\u0645\u0627 \u062a\u0636\u0645\u0646 \u0627\u0644\u0634\u0628\u0627\u0643 \u0627\u0644\u0645\u062d\u0645\u064a\u0629 \u0628\u0627\u0644\u0634\u0628\u0643\u0629 \u0627\u0644\u0627\u0633\u062a\u062e\u062f\u0627\u0645 \u0627\u0644\u062e\u0627\u0631\u062c\u064a \u0637\u0648\u064a\u0644 \u0627\u0644\u0623\u0645\u062f.<\/span><\/li>\n<li><span class=\"a-list-item\">\ud83c\udf81\u062a\u0639\u062f \u0647\u062f\u064a\u0629 \u0631\u0627\u0626\u0639\u0629 \u0644\u0645\u062d\u0628\u064a \u0643\u0631\u0629 \u0627\u0644\u0628\u064a\u0633\u0628\u0648\u0644: \u0623\u064a \u062c\u0646\u0633 \u0648\u0623\u064a \u0639\u0645\u0631 \u0645\u0646 6 \u0633\u0646\u0648\u0627\u062a \u0625\u0644\u0649 20 \u0633\u0646\u0629 \u0641\u0623\u0643\u062b\u0631 \u064a\u0645\u0643\u0646\u0647\u0645 \u0627\u0644\u062a\u0639\u0627\u0645\u0644 \u0645\u0639 \u0645\u0633\u062a\u0648\u0649 \u0645\u0647\u0627\u0631\u0627\u062a\u0647\u0645 \u0627\u0644\u062e\u0627\u0635\u0629\u060c \u0627\u0644\u0631\u0645\u064a \u0628\u0642\u0648\u0629 \u0623\u0648 \u0644\u064a\u0646\u0629\u060c \u062a\u063a\u064a\u064a\u0631 \u0627\u0644\u0627\u062a\u062c\u0627\u0647 \u0643\u0645\u0627 \u0641\u064a \u0627\u0644\u0643\u0631\u0629 \u0627\u0644\u0637\u0627\u0626\u0631\u0629 \u0623\u0648 \u0627\u0644\u0623\u0631\u0636\u064a\u0629\u060c \u0625\u0646\u0647\u0627 \u062a\u0646\u0627\u0633\u0628 \u0627\u062d\u062a\u064a\u0627\u062c\u0627\u062a\u0646\u0627 \u062a\u0645\u0627\u0645\u064b\u0627 \u0648\u062a\u062e\u0631\u062c\u0647\u0645 \u0644\u0644\u062e\u0627\u0631\u062c \u0641\u064a \u0645\u0633\u0627\u062d\u0629 \u0635\u063a\u064a\u0631\u0629 \u0646\u0633\u0628\u064a\u064b\u0627 \u0648\u062a\u062a\u064a\u062d \u0644\u0647\u0645 \u0645\u0645\u0627\u0631\u0633\u0629 \u0627\u0644\u062a\u0645\u0627\u0631\u064a\u0646 \u0627\u0644\u0628\u062f\u0646\u064a\u0629 \u0648\u0623\u0646\u0634\u0637\u0629 \u0628\u0646\u0627\u0621 \u0627\u0644\u0645\u0647\u0627\u0631\u0627\u062a.<\/span><\/li>\n<li><span class=\"a-list-item\">\ud83d\ude0a \u0633\u0647\u0644\u0629 \u0627\u0644\u0637\u064a \u0648\u0627\u0644\u062a\u062e\u0632\u064a\u0646: \u062a\u0635\u0645\u064a\u0645 \u0625\u0637\u0627\u0631 \u062e\u0644\u0641\u064a \u062e\u0641\u064a\u0641 \u0627\u0644\u0648\u0632\u0646 \u0648\u0642\u0627\u0628\u0644 \u0644\u0644\u062d\u0645\u0644 \u064a\u062c\u0639\u0644 \u0645\u0646 \u0627\u0644\u0633\u0647\u0644 \u062d\u0645\u0644\u0647\u0627 \u0623\u062b\u0646\u0627\u0621 \u0627\u0644\u062a\u0646\u0642\u0644. \u064a\u0645\u0643\u0646 \u0637\u064a\u0647 \u0628\u0634\u0643\u0644 \u0645\u0633\u0637\u062d \u0644\u0644\u062a\u062e\u0632\u064a\u0646 \u0627\u0644\u0633\u0631\u064a\u0639 \u0648\u0627\u0644\u0633\u0647\u0644.<\/span><\/li>\n<\/ul>\n<\/div>\n<\/div>\n<div id=\"provenanceCertifications_feature_div\" class=\"celwidget\" data-feature-name=\"provenanceCertifications\" data-csa-c-type=\"widget\" data-csa-c-content-id=\"provenanceCertifications\" data-csa-c-slot-id=\"provenanceCertifications_feature_div\" data-csa-c-asin=\"B0B2J8KKZ2\" data-csa-c-is-in-initial-active-row=\"false\" data-csa-c-id=\"b7t4e5-ojg1lt-tufzka-eqicxf\" data-cel-widget=\"provenanceCertifications_feature_div\"><\/div>\n<div id=\"serviceCapabilities_feature_div\" class=\"celwidget\" data-feature-name=\"serviceCapabilities\" data-csa-c-type=\"widget\" data-csa-c-content-id=\"serviceCapabilities\" data-csa-c-slot-id=\"serviceCapabilities_feature_div\" data-csa-c-asin=\"B0B2J8KKZ2\" data-csa-c-is-in-initial-active-row=\"false\" data-csa-c-id=\"alaz1v-tu9j3l-cr60xr-o2fhur\" data-cel-widget=\"serviceCapabilities_feature_div\"><\/div>\n<\/li>\n<\/ul>\n<\/li>\n<li><\/li>\n<\/ul>\n<\/div>\n<\/div>","protected":false},"excerpt":{"rendered":"<p>\u0627\u0644\u0645\u064a\u0632\u0627\u062a \u0648\u0627\u0644\u0645\u0648\u0627\u0635\u0641\u0627\u062a:<\/p>\n<p>\u0645\u062f\u0631\u0628 \u0634\u0628\u0643\u0629 \u0627\u0631\u062a\u062f\u0627\u062f \u0645\u062a\u064a\u0646 \u064a\u062d\u0633\u0646 \u0627\u0644\u0631\u0645\u064a \u0648\u0627\u0644\u062a\u0645\u0631\u064a\u0631<br \/>\n\u0632\u0648\u0627\u064a\u0627 \u0631\u0645\u064a\u0629 \u062e\u0644\u0641\u064a\u0629 \u0642\u0627\u0628\u0644\u0629 \u0644\u0644\u062a\u0639\u062f\u064a\u0644 \u0644\u0644\u0636\u0631\u0628\u0627\u062a \u0627\u0644\u0637\u0627\u0626\u0631\u0629\u060c \u0648\u0627\u0644\u0636\u0631\u0628\u0627\u062a \u0627\u0644\u062e\u0637\u064a\u0629 \u0648\u0627\u0644\u0636\u0631\u0628\u0627\u062a \u0627\u0644\u0623\u0631\u0636\u064a\u0629<br \/>\n\u0647\u064a\u0643\u0644 \u0634\u062f\u064a\u062f \u0627\u0644\u062a\u062d\u0645\u0644 \u0648\u0645\u062a\u064a\u0646 \u0645\u0639 \u0625\u0637\u0627\u0631 \u0645\u0639\u062f\u0646\u064a \u0645\u062a\u064a\u0646 \u0648\u0634\u0628\u0643\u0629 \u0645\u062a\u064a\u0646\u0629 \u0645\u0646\u0627\u0633\u0628\u0629 \u0644\u062c\u0645\u064a\u0639 \u0627\u0644\u0623\u062d\u0648\u0627\u0644 \u0627\u0644\u062c\u0648\u064a\u0629<br \/>\n\u062a\u0635\u0645\u064a\u0645 \u0642\u0627\u0628\u0644 \u0644\u0644\u0637\u064a \u0644\u0633\u0647\u0648\u0644\u0629 \u0627\u0644\u062a\u062e\u0632\u064a\u0646 \u0648\u0627\u0644\u0646\u0642\u0644<br \/>\n\u0623\u0648\u062a\u0627\u062f \u0623\u0631\u0636\u064a\u0629 \u0645\u062a\u0636\u0645\u0646\u0629<br \/>\n\u0625\u0639\u0627\u062f\u0629 \u0627\u0644\u0643\u0631\u0627\u062a \u0641\u064a \u0632\u0648\u0627\u064a\u0627 \u0645\u062a\u0646\u0648\u0639\u0629 \u0644\u0644\u062a\u062f\u0631\u0628 \u0639\u0644\u0649 \u0627\u0644\u0631\u0645\u064a \u0648\u0627\u0644\u0631\u0645\u064a \u0648\u0627\u0644\u062a\u0645\u0631\u064a\u0646 \u0639\u0644\u0649 \u0627\u0644\u0645\u0644\u0639\u0628<br \/>\n\u0625\u0637\u0627\u0631 \u0628\u0632\u0627\u0648\u064a\u0629 \u064a\u062a\u0645 \u062a\u062c\u0645\u064a\u0639\u0647 \u0628\u0633\u0631\u0639\u0629 \u0648\u0633\u0647\u0648\u0644\u0629<\/p>","protected":false},"featured_media":1604,"template":"","meta":{"_gspb_post_css":""},"product_brand":[],"product_cat":[32],"product_tag":[],"class_list":{"0":"post-1603","1":"product","2":"type-product","3":"status-publish","4":"has-post-thumbnail","6":"product_cat-rebounder","8":"first","9":"instock","10":"shipping-taxable","11":"product-type-simple"},"_links":{"self":[{"href":"https:\/\/fsportsnet.com\/ar\/wp-json\/wp\/v2\/product\/1603","targetHints":{"allow":["GET"]}}],"collection":[{"href":"https:\/\/fsportsnet.com\/ar\/wp-json\/wp\/v2\/product"}],"about":[{"href":"https:\/\/fsportsnet.com\/ar\/wp-json\/wp\/v2\/types\/product"}],"wp:featuredmedia":[{"embeddable":true,"href":"https:\/\/fsportsnet.com\/ar\/wp-json\/wp\/v2\/media\/1604"}],"wp:attachment":[{"href":"https:\/\/fsportsnet.com\/ar\/wp-json\/wp\/v2\/media?parent=1603"}],"wp:term":[{"taxonomy":"product_brand","embeddable":true,"href":"https:\/\/fsportsnet.com\/ar\/wp-json\/wp\/v2\/product_brand?post=1603"},{"taxonomy":"product_cat","embeddable":true,"href":"https:\/\/fsportsnet.com\/ar\/wp-json\/wp\/v2\/product_cat?post=1603"},{"taxonomy":"product_tag","embeddable":true,"href":"https:\/\/fsportsnet.com\/ar\/wp-json\/wp\/v2\/product_tag?post=1603"}],"curies":[{"name":"\u062f\u0628\u0644\u064a\u0648 \u0628\u064a","href":"https:\/\/api.w.org\/{rel}","templated":true}]}}