{"id":870,"date":"2023-04-10T11:59:40","date_gmt":"2023-04-10T03:59:40","guid":{"rendered":"https:\/\/fsportsnet.com\/?post_type=product&#038;p=870"},"modified":"2023-04-10T13:39:19","modified_gmt":"2023-04-10T05:39:19","slug":"baseball-softball-pitching-screen-pitcher-protection-net-l-screen-or-i-screen","status":"publish","type":"product","link":"https:\/\/fsportsnet.com\/ar\/product\/baseball-softball-pitching-screen-pitcher-protection-net-l-screen-or-i-screen\/","title":{"rendered":"\u0634\u0628\u0643\u0629 \u062d\u0645\u0627\u064a\u0629 \u0631\u0645\u0627\u0629 \u0627\u0644\u0628\u064a\u0633\u0628\u0648\u0644 \u0648\u0627\u0644\u0643\u0631\u0629 \u0627\u0644\u0644\u064a\u0646\u0629 \u0634\u0628\u0643\u0629 \u062d\u0645\u0627\u064a\u0629 \u0627\u0644\u0631\u0627\u0645\u064a L \u0623\u0648 I Screen"},"content":{"rendered":"<div id=\"featurebullets_feature_div\" class=\"celwidget\" data-feature-name=\"featurebullets\" data-csa-c-type=\"widget\" data-csa-c-content-id=\"featurebullets\" data-csa-c-slot-id=\"featurebullets_feature_div\" data-csa-c-asin=\"B07CNT6PST\" data-csa-c-is-in-initial-active-row=\"false\" data-csa-c-id=\"yq3rio-99vc9q-mcnje0-kdyxde\" data-cel-widget=\"featurebullets_feature_div\">\n<div id=\"feature-bullets\" class=\"a-section a-spacing-medium a-spacing-top-small\">\n<ul class=\"a-unordered-list a-vertical a-spacing-mini\">\n<li>\u0634\u0628\u0643\u0629 \u062d\u0645\u0627\u064a\u0629 \u0631\u0645\u0627\u0629 \u0627\u0644\u0628\u064a\u0633\u0628\u0648\u0644 \u0648\u0627\u0644\u0643\u0631\u0629 \u0627\u0644\u0644\u064a\u0646\u0629 \u0634\u0628\u0643\u0629 \u062d\u0645\u0627\u064a\u0629 \u0627\u0644\u0631\u0627\u0645\u064a L \u0623\u0648 I Screen<\/li>\n<li><span class=\"a-list-item\">\u0627\u0644\u062a\u062f\u0631\u0628 \u0648\u0627\u0644\u0644\u0639\u0628 \u0628\u0623\u0645\u0627\u0646: \u0635\u064f\u0645\u0645\u062a \u0627\u0644\u0634\u0628\u0643\u0629 \u0641\u064a \u0627\u0644\u0645\u0642\u0627\u0645 \u0627\u0644\u0623\u0648\u0644 \u0644\u062d\u0645\u0627\u064a\u0629 \u0627\u0644\u0631\u0645\u0627\u0629 \u0645\u0646 \u0627\u0644\u0636\u0631\u0628\u0627\u062a \u0627\u0644\u062e\u0637\u064a\u0629 \u0627\u0644\u0645\u0631\u062a\u062f\u0629<\/span><\/li>\n<li><span class=\"a-list-item\">\u0627\u0644\u062d\u062c\u0645 \u0627\u0644\u0645\u062b\u0627\u0644\u064a: 4 \u0623\u0642\u062f\u0627\u0645 \u0639\u0631\u0636\u0627\u064b \u00d7 7 \u0623\u0642\u062f\u0627\u0645 \u0637\u0648\u0644\u0627\u064b - \u0643\u0628\u064a\u0631 \u0628\u0645\u0627 \u064a\u0643\u0641\u064a \u0644\u062d\u0645\u0627\u064a\u0629 \u0627\u0644\u0625\u0628\u0631\u064a\u0642\u060c \u0648\u0644\u0643\u0646\u0647 \u0635\u063a\u064a\u0631 \u0628\u0645\u0627 \u064a\u0643\u0641\u064a \u0644\u064a\u0628\u0642\u0649 \u0628\u0639\u064a\u062f\u0627\u064b \u0639\u0646 \u0627\u0644\u0637\u0631\u064a\u0642<\/span><\/li>\n<li><span class=\"a-list-item\">\u0628\u0646\u0627\u0621 \u0641\u0627\u0626\u0642 \u0627\u0644\u062c\u0648\u062f\u0629: \u0625\u0637\u0627\u0631 \u0645\u0642\u0648\u0651\u0649 \u0645\u0646 \u0627\u0644\u0646\u0648\u0639 \u0627\u0644\u0645\u0642\u0648\u0633 \u0645\u0639 \u0634\u0628\u0643\u0629 \u0628\u0648\u0644\u064a\u0633\u062a\u0631 \u0639\u0627\u0644\u064a\u0629 \u0627\u0644\u0643\u062b\u0627\u0641\u0629<\/span><\/li>\n<\/ul>\n<\/div>\n<\/div>\n<ul>\n<li data-feature-name=\"provenanceCertifications\" data-csa-c-type=\"widget\" data-csa-c-content-id=\"provenanceCertifications\" data-csa-c-slot-id=\"provenanceCertifications_feature_div\" data-csa-c-asin=\"B07CNT6PST\" data-csa-c-is-in-initial-active-row=\"false\" data-csa-c-id=\"pwf3pm-c0titc-oha08-1xl09s\" data-cel-widget=\"provenanceCertifications_feature_div\">\u0627\u0644\u0645\u0648\u0627\u0635\u0641\u0627\u062a<\/li>\n<li id=\"provenanceCertifications_feature_div\" class=\"celwidget\" data-feature-name=\"provenanceCertifications\" data-csa-c-type=\"widget\" data-csa-c-content-id=\"provenanceCertifications\" data-csa-c-slot-id=\"provenanceCertifications_feature_div\" data-csa-c-asin=\"B07CNT6PST\" data-csa-c-is-in-initial-active-row=\"false\" data-csa-c-id=\"pwf3pm-c0titc-oha08-1xl09s\" data-cel-widget=\"provenanceCertifications_feature_div\">1. \u0627\u0644\u062d\u062c\u0645: 7 \u00d7 4 \u00d7 7 \u00d7 4\u2032<br \/>\n2. \u0627\u0644\u0625\u0637\u0627\u0631: \u03a612.7 \u0645\u0645 \u0623\u0644\u064a\u0627\u0641 \u0632\u062c\u0627\u062c\u064a\u0629 \u03a612.7 \u0645\u0645 \u0648\u0623\u0646\u0628\u0648\u0628 \u0641\u0648\u0644\u0627\u0630\u064a \u03a625 \u00d7 1.0 \u0645\u0645<br \/>\n3. \u0634\u0628\u0643\u0629: \u0634\u0628\u0643\u0629 \u0645\u0646 5 \u0637\u0628\u0642\u0627\u062a 1.75 \u0628\u0648\u0635\u0629 \u0645\u0646 \u0627\u0644\u0628\u0648\u0644\u064a\u0633\u062a\u0631 \u0627\u0644\u0623\u0633\u0648\u062f \u0628\u062f\u0648\u0646 \u0639\u0642\u062f\u0629 \u0645\u0639 \u062a\u062c\u0644\u064a\u062f \u0642\u0645\u0627\u0634\u064a 420D<br \/>\n4. \u0627\u0644\u062a\u0639\u0628\u0626\u0629: \u0643\u0644 \u0645\u062c\u0645\u0648\u0639\u0629 \u0641\u064a \u0643\u0631\u062a\u0648\u0646\u0629 K = K\u060c 114 \u00d7 14.8 \u00d7 14.8 \u0633\u0645 \u00d7 14.8 \u0633\u0645 \/ \u0645\u062c\u0645\u0648\u0639\u0629 \u0648\u0627\u062d\u062f\u0629\u060c \u0627\u0644\u0648\u0632\u0646 \u0627\u0644\u0625\u062c\u0645\u0627\u0644\u064a: 4.55 \u0643\u062c\u0645<\/li>\n<\/ul>\n<div id=\"serviceCapabilities_feature_div\" class=\"celwidget\" data-feature-name=\"serviceCapabilities\" data-csa-c-type=\"widget\" data-csa-c-content-id=\"serviceCapabilities\" data-csa-c-slot-id=\"serviceCapabilities_feature_div\" data-csa-c-asin=\"B07CNT6PST\" data-csa-c-is-in-initial-active-row=\"false\" data-csa-c-id=\"hq48za-fwcc1u-fjabvh-4buvi5\" data-cel-widget=\"serviceCapabilities_feature_div\"><\/div>","protected":false},"excerpt":{"rendered":"<p>Baseball &amp; Softball Pitching Screen Pitcher Protection Net L Screen or I Screen SAFELY PRACTICE AND PLAY: The net is primarily designed to protect pitchers from come-back line drives PERFECT SIZE: 4 ft wide x 7 ft tall &#8211; big enough to protect the pitcher, but small enough to stay out of the way PREMIUM [&hellip;]<\/p>\n","protected":false},"featured_media":882,"template":"","meta":{"_gspb_post_css":""},"product_brand":[],"product_cat":[25],"product_tag":[],"class_list":{"0":"post-870","1":"product","2":"type-product","3":"status-publish","4":"has-post-thumbnail","6":"product_cat-baseball-net","8":"first","9":"instock","10":"shipping-taxable","11":"product-type-simple"},"_links":{"self":[{"href":"https:\/\/fsportsnet.com\/ar\/wp-json\/wp\/v2\/product\/870","targetHints":{"allow":["GET"]}}],"collection":[{"href":"https:\/\/fsportsnet.com\/ar\/wp-json\/wp\/v2\/product"}],"about":[{"href":"https:\/\/fsportsnet.com\/ar\/wp-json\/wp\/v2\/types\/product"}],"wp:featuredmedia":[{"embeddable":true,"href":"https:\/\/fsportsnet.com\/ar\/wp-json\/wp\/v2\/media\/882"}],"wp:attachment":[{"href":"https:\/\/fsportsnet.com\/ar\/wp-json\/wp\/v2\/media?parent=870"}],"wp:term":[{"taxonomy":"product_brand","embeddable":true,"href":"https:\/\/fsportsnet.com\/ar\/wp-json\/wp\/v2\/product_brand?post=870"},{"taxonomy":"product_cat","embeddable":true,"href":"https:\/\/fsportsnet.com\/ar\/wp-json\/wp\/v2\/product_cat?post=870"},{"taxonomy":"product_tag","embeddable":true,"href":"https:\/\/fsportsnet.com\/ar\/wp-json\/wp\/v2\/product_tag?post=870"}],"curies":[{"name":"\u062f\u0628\u0644\u064a\u0648 \u0628\u064a","href":"https:\/\/api.w.org\/{rel}","templated":true}]}}