{"id":942,"date":"2023-04-10T16:49:01","date_gmt":"2023-04-10T08:49:01","guid":{"rendered":"https:\/\/fsportsnet.com\/?post_type=product&#038;p=942"},"modified":"2023-04-10T22:05:43","modified_gmt":"2023-04-10T14:05:43","slug":"golf-net-basics-portable-driving-practice-net","status":"publish","type":"product","link":"https:\/\/fsportsnet.com\/ar\/product\/golf-net-basics-portable-driving-practice-net\/","title":{"rendered":"\u0634\u0628\u0643\u0629 \u0627\u0644\u063a\u0648\u0644\u0641 \u0627\u0644\u0623\u0633\u0627\u0633\u064a\u0629 \u0627\u0644\u0645\u062d\u0645\u0648\u0644\u0629 \u0644\u062a\u062f\u0631\u064a\u0628\u0627\u062a \u0627\u0644\u063a\u0648\u0644\u0641 \u0627\u0644\u0645\u062d\u0645\u0648\u0644\u0629"},"content":{"rendered":"<ul class=\"a-unordered-list a-vertical a-spacing-mini\">\n<li>\u0634\u0628\u0643\u0629 \u0627\u0644\u062c\u0648\u0644\u0641<br \/>\n1. \u0627\u0644\u062d\u062c\u0645: 10 \u00d7 7 \u00d7 7 \u00d7 3\u2032<br \/>\n2. \u0627\u0644\u0625\u0637\u0627\u0631: \u03a61\u201d \u0623\u0646\u0628\u0648\u0628 \u0645\u0639\u062f\u0646\u064a \u0628\u0633\u0645\u0627\u0643\u0629 1.0 \u0645\u0645 \u0648\u0637\u0644\u0627\u0621 \u0645\u0633\u062d\u0648\u0642 \u0623\u0633\u0648\u062f<br \/>\n3. \u0639\u0645\u0648\u062f: \u03a614 \u0645\u0645 \u0645\u0646 \u0627\u0644\u0623\u0644\u064a\u0627\u0641 \u0627\u0644\u0632\u062c\u0627\u062c\u064a\u0629 \u0627\u0644\u0633\u0648\u062f\u0627\u0621 \u0627\u0644\u0635\u0644\u0628\u0629<br \/>\n4. \u0634\u0628\u0643\u0629 \u0634\u0628\u0643\u0629 \u0645\u0646 4 \u0637\u0628\u0642\u0627\u062a 1 \u0628\u0648\u0635\u0629 \u0645\u0646 \u0627\u0644\u0628\u0648\u0644\u064a\u0633\u062a\u0631 \u0627\u0644\u0623\u0633\u0648\u062f \u0628\u062f\u0648\u0646 \u0639\u0642\u062f\u0629 \u0645\u0639 \u062a\u062c\u0644\u064a\u062f \u0642\u0645\u0627\u0634 420D<br \/>\n5. \u0627\u0644\u062d\u0642\u064a\u0628\u0629: \u0642\u0645\u0627\u0634 \u0623\u0643\u0633\u0641\u0648\u0631\u062f 600D<br \/>\n6. \u0627\u0644\u062a\u0639\u0628\u0626\u0629: \u0643\u0644 \u0637\u0642\u0645 \u0641\u064a \u0643\u0631\u062a\u0648\u0646\u0629 K=K\u060c 14.8*14.8*14.8*114 \u0633\u0645\/\u0645\u062c\u0645\u0648\u0639\u0629 \u0648\u0627\u062d\u062f\u0629<br \/>\n7. \u0627\u0644\u0648\u0632\u0646 \u0627\u0644\u0625\u062c\u0645\u0627\u0644\u064a: 7.76 \u0643\u062c\u0645\u061b \u0627\u0644\u0648\u0632\u0646 \u0627\u0644\u0625\u062c\u0645\u0627\u0644\u064a 7.26 \u0643\u062c\u0645<\/li>\n<li><span class=\"a-list-item\">100% \u0628\u0648\u0644\u064a\u0633\u062a\u0631 100%<\/span><\/li>\n<li><span class=\"a-list-item\">\u0645\u0633\u062a\u0648\u0631\u062f<\/span><\/li>\n<li><span class=\"a-list-item\">\u0634\u0628\u0643\u0629 \u063a\u0648\u0644\u0641 \u0645\u0639 \u0645\u0633\u0627\u062d\u0629 \u0643\u0628\u064a\u0631\u0629 \u0644\u0644\u0636\u0631\u0628 \u062a\u0633\u0645\u062d \u0628\u0645\u0645\u0627\u0631\u0633\u0629 \u0622\u0645\u0646\u0629 \u0644\u0636\u0631\u0628\u0627\u062a \u0627\u0644\u063a\u0648\u0644\u0641\u061b \u0645\u0646\u0627\u0633\u0628\u0629 \u0644\u0644\u0627\u0633\u062a\u062e\u062f\u0627\u0645 \u0627\u0644\u062f\u0627\u062e\u0644\u064a \u0648\u0627\u0644\u062e\u0627\u0631\u062c\u064a<\/span><\/li>\n<li><span class=\"a-list-item\">\u0634\u0628\u0643\u0629 \u0636\u0631\u0628 \u0645\u062a\u064a\u0646\u0629 \u0644\u0627\u0644\u062a\u0642\u0627\u0637 \u0627\u0644\u0643\u0631\u0627\u062a \u0648\u062a\u062e\u0632\u064a\u0646\u0647\u0627 \u0628\u0634\u0643\u0644 \u0623\u0646\u064a\u0642 \u0641\u064a \u0627\u0644\u0642\u0627\u0639\u062f\u0629 \u0644\u0627\u0633\u062a\u0631\u062c\u0627\u0639\u0647\u0627 \u0628\u0633\u0647\u0648\u0644\u0629 \u0648\u062a\u0648\u0641\u064a\u0631 \u0627\u0644\u0648\u0642\u062a<\/span><\/li>\n<li><span class=\"a-list-item\">\u062a\u0635\u0645\u064a\u0645 \u0645\u062a\u064a\u0646 \u0648\u062e\u0641\u064a\u0641 \u0627\u0644\u0648\u0632\u0646 \u0645\u0635\u0646\u0648\u0639 \u0645\u0646 \u0627\u0644\u0645\u0639\u062f\u0646 \u0648\u0627\u0644\u0623\u0644\u064a\u0627\u0641 \u0627\u0644\u0632\u062c\u0627\u062c\u064a\u0629\u061b \u0633\u0647\u0644 \u0627\u0644\u062d\u0645\u0644 \u0644\u0644\u062a\u0645\u0631\u064a\u0646 \u0641\u064a \u0623\u064a \u0645\u0643\u0627\u0646\/\u0641\u064a \u0623\u064a \u0648\u0642\u062a<\/span><\/li>\n<li><span class=\"a-list-item\">\u0633\u0631\u064a\u0639 \u0648\u0633\u0647\u0644 \u0627\u0644\u062a\u0631\u0643\u064a\u0628\/\u0627\u0644\u0625\u0646\u0632\u0627\u0644\u061b \u064a\u062a\u0636\u0645\u0646 4 \u0623\u0648\u062a\u0627\u062f \u0645\u0639\u062f\u0646\u064a\u0629 \u0648\u062d\u0642\u064a\u0628\u0629 \u062d\u0645\u0644 \u0644\u0644\u062a\u062e\u0632\u064a\u0646 \u0623\u0648 \u0627\u0644\u0646\u0642\u0644<\/span><\/li>\n<\/ul>","protected":false},"excerpt":{"rendered":"<p id=\"title\" class=\"a-size-large a-spacing-none\"><span id=\"productTitle\" class=\"a-size-large product-title-word-break\">\u062d\u0632\u0645\u0629 \u0634\u0628\u0643\u0629 \u062a\u062f\u0631\u064a\u0628 \u0627\u0644\u063a\u0648\u0644\u0641 \u0634\u0628\u0643\u0629 \u062a\u062f\u0631\u064a\u0628 \u0627\u0644\u063a\u0648\u0644\u0641 10 \u00d7 7 \u0623\u0642\u062f\u0627\u0645 \u0645\u0639 \u0634\u0628\u0643 \u0636\u0631\u0628 \u0627\u0644\u062c\u0648\u0644\u0641 \u0628\u0633\u0627\u0637 \u0636\u0631\u0628 \u0627\u0644\u062c\u0648\u0644\u0641 \u0648\u0643\u0631\u0627\u062a \u0627\u0644\u062c\u0648\u0644\u0641 \u0645\u0639\u0628\u0623\u0629 \u0641\u064a \u062d\u0642\u064a\u0628\u0629 \u062d\u0645\u0644 \u0644\u0644\u0642\u064a\u0627\u062f\u0629 \u0641\u064a \u0627\u0644\u0641\u0646\u0627\u0621 \u0627\u0644\u062e\u0644\u0641\u064a \u0641\u064a \u0627\u0644\u0647\u0648\u0627\u0621 \u0627\u0644\u0637\u0644\u0642<\/span><\/p>","protected":false},"featured_media":948,"template":"","meta":{"_gspb_post_css":""},"product_brand":[],"product_cat":[26],"product_tag":[],"class_list":{"0":"post-942","1":"product","2":"type-product","3":"status-publish","4":"has-post-thumbnail","6":"product_cat-golf-net","8":"first","9":"instock","10":"shipping-taxable","11":"product-type-simple"},"_links":{"self":[{"href":"https:\/\/fsportsnet.com\/ar\/wp-json\/wp\/v2\/product\/942","targetHints":{"allow":["GET"]}}],"collection":[{"href":"https:\/\/fsportsnet.com\/ar\/wp-json\/wp\/v2\/product"}],"about":[{"href":"https:\/\/fsportsnet.com\/ar\/wp-json\/wp\/v2\/types\/product"}],"wp:featuredmedia":[{"embeddable":true,"href":"https:\/\/fsportsnet.com\/ar\/wp-json\/wp\/v2\/media\/948"}],"wp:attachment":[{"href":"https:\/\/fsportsnet.com\/ar\/wp-json\/wp\/v2\/media?parent=942"}],"wp:term":[{"taxonomy":"product_brand","embeddable":true,"href":"https:\/\/fsportsnet.com\/ar\/wp-json\/wp\/v2\/product_brand?post=942"},{"taxonomy":"product_cat","embeddable":true,"href":"https:\/\/fsportsnet.com\/ar\/wp-json\/wp\/v2\/product_cat?post=942"},{"taxonomy":"product_tag","embeddable":true,"href":"https:\/\/fsportsnet.com\/ar\/wp-json\/wp\/v2\/product_tag?post=942"}],"curies":[{"name":"\u062f\u0628\u0644\u064a\u0648 \u0628\u064a","href":"https:\/\/api.w.org\/{rel}","templated":true}]}}