{"id":1027,"date":"2023-04-15T11:48:20","date_gmt":"2023-04-15T03:48:20","guid":{"rendered":"https:\/\/fsportsnet.com\/?post_type=product&#038;p=1027"},"modified":"2023-04-15T11:52:25","modified_gmt":"2023-04-15T03:52:25","slug":"masters-golf-net-cage-with-complete-frame","status":"publish","type":"product","link":"https:\/\/fsportsnet.com\/de\/product\/masters-golf-net-cage-with-complete-frame\/","title":{"rendered":"Masters Golf Netzk\u00e4fig mit komplettem Rahmen"},"content":{"rendered":"<ul class=\"a-unordered-list a-vertical a-spacing-mini\">\n<li>1. Gr\u00f6\u00dfe: 3mx3mx3m<br \/>\n2. Netz: 3 Lagen 1\u201d Polyester-Netz<br \/>\n3. Stahlrohr: 31.8mmx0.8mm<br \/>\n4. Zielnetz: 420D-Oxford<br \/>\n5. Mit EVA<\/li>\n<li>Golf Cage Net - 10x10x10ft, Golf Hitting Net und pers\u00f6nliche Driving Range f\u00fcr Indoor-und Outdoor-\u00dcbung, mit Aufbewahrungstasche und Golf-Matte, h\u00e4ngen f\u00fcr die Decke, Garage, Keller, oder der Rahmen Sie gemacht.<\/li>\n<li>Einteiliges Golfk\u00e4fignetz: Knotenlose Maschenkonstruktion, 3mm Polyesterkordeldurchmesser, 20mm quadratische Maschen und 7mm verst\u00e4rkter Rand, die Gr\u00f6\u00dfe ist 10 x 10 x 10ft (B*H*T). Nicht enthalten sind die Stangen oder Rahmenbeschl\u00e4ge.<\/li>\n<li>Langlebiges Golf-Schlagnetz: Entwickelt f\u00fcr das Auffangen von Golfb\u00e4llen, und kann hohe Auswirkungen von echten Golfb\u00e4llen absorbieren. Auch f\u00fcr sichere Schlagtraining wie Baseball, Softball, etc. verwendet. Ideal f\u00fcr Indoor- und Outdoor-Golf-Trainingsger\u00e4te bei allen Wetterbedingungen.<\/li>\n<li>Tragbares Golf-\u00dcbungsnetz: Kommt mit einer Tragetasche, einfach zu speichern und zu transportieren, wo immer Sie wollen. Mit einer zus\u00e4tzlichen 12\u2033 X 24\u2033 Golfmatte f\u00fcr einen besseren Schwung.<\/li>\n<li>Pers\u00f6nliche Driving Range: Gro\u00dfer Golfballf\u00e4nger und Freiheit, \u00fcberall und jederzeit zu \u00fcben. Sie k\u00f6nnen Ihre Schwungf\u00e4higkeiten verbessern, indem Sie Golfb\u00e4lle in das Schlagnetz schlagen, es kann die Zeit sparen, B\u00e4lle f\u00fcr mehr \u00dcbung zu jagen. \u00dcbung macht den Meister - \u00fcben Sie einfach weiter.<\/li>\n<li>Breite Anwendung: Bietet eine gro\u00dfe Schlagfl\u00e4che f\u00fcr Anf\u00e4nger bis Profis Golfer. Kann von der Decke, der Garage, dem Keller oder dem Rahmen, den Sie gemacht haben, aufgeh\u00e4ngt werden, kann zu Hause, im Hinterhof, in einem Park, auf einer Driving Range und mehr angewendet werden.<\/li>\n<li>Einteiliges K\u00e4fignetz, bei dem beide Seiten, die Oberseite und die R\u00fcckseite zusammengen\u00e4ht sind, mit umgen\u00e4htem Randseil an allen Kanten<\/li>\n<\/ul>","protected":false},"excerpt":{"rendered":"<p id=\"title\" class=\"a-size-large a-spacing-none\">Golfschl\u00e4gernetz und pers\u00f6nliche Driving Range f\u00fcr das \u00dcben im Innen- und Au\u00dfenbereich, mit Aufbewahrungstasche und Golfmatte, zum Aufh\u00e4ngen an der Decke, in der Garage, im Keller oder im selbstgebauten Rahmen<\/p>","protected":false},"featured_media":966,"template":"","meta":{"_gspb_post_css":""},"product_brand":[],"product_cat":[26],"product_tag":[],"class_list":{"0":"post-1027","1":"product","2":"type-product","3":"status-publish","4":"has-post-thumbnail","6":"product_cat-golf-net","8":"first","9":"instock","10":"shipping-taxable","11":"product-type-simple"},"_links":{"self":[{"href":"https:\/\/fsportsnet.com\/de\/wp-json\/wp\/v2\/product\/1027","targetHints":{"allow":["GET"]}}],"collection":[{"href":"https:\/\/fsportsnet.com\/de\/wp-json\/wp\/v2\/product"}],"about":[{"href":"https:\/\/fsportsnet.com\/de\/wp-json\/wp\/v2\/types\/product"}],"wp:featuredmedia":[{"embeddable":true,"href":"https:\/\/fsportsnet.com\/de\/wp-json\/wp\/v2\/media\/966"}],"wp:attachment":[{"href":"https:\/\/fsportsnet.com\/de\/wp-json\/wp\/v2\/media?parent=1027"}],"wp:term":[{"taxonomy":"product_brand","embeddable":true,"href":"https:\/\/fsportsnet.com\/de\/wp-json\/wp\/v2\/product_brand?post=1027"},{"taxonomy":"product_cat","embeddable":true,"href":"https:\/\/fsportsnet.com\/de\/wp-json\/wp\/v2\/product_cat?post=1027"},{"taxonomy":"product_tag","embeddable":true,"href":"https:\/\/fsportsnet.com\/de\/wp-json\/wp\/v2\/product_tag?post=1027"}],"curies":[{"name":"wp","href":"https:\/\/api.w.org\/{rel}","templated":true}]}}