{"id":1028,"date":"2023-04-15T11:52:35","date_gmt":"2023-04-15T03:52:35","guid":{"rendered":"https:\/\/fsportsnet.com\/?post_type=product&#038;p=1028"},"modified":"2023-04-15T13:46:42","modified_gmt":"2023-04-15T05:46:42","slug":"durable-golf-hitting-net-cage-driving-range-for-indoor-and-outdoor","status":"publish","type":"product","link":"https:\/\/fsportsnet.com\/de\/product\/durable-golf-hitting-net-cage-driving-range-for-indoor-and-outdoor\/","title":{"rendered":"Langlebige Golf Hitting Net Cage Driving Range f\u00fcr drinnen und drau\u00dfen"},"content":{"rendered":"<ul class=\"a-unordered-list a-vertical a-spacing-mini\">\n<li>Golf-\u00dcbungsnetz Golf-Schlag-Trainingshilfen Netze mit Ziel<br \/>\nNylon- und Polyestergewebe, 0,4-Zoll-Glasfaserst\u00e4be und 420D Oxford-Gewebe<br \/>\nEntworfen von Experten f\u00fcr Golf- und Sportnetze<br \/>\nAll-in-One-Golfnetz - Diese Golf-Trainingsausr\u00fcstung umfasst ein Golf-\u00dcbungsnetz mit einer Tri-Turf-Golfmatte, 1 Impact-Golfziel, 10 Golf-\u00dcbungsb\u00e4lle, 7 Golf-Tees und 2 Golf-Gummitees. Unser Golf-\u00dcbungsnetz mit Schlagmatte ist eine ideale Golf-Trainingsausr\u00fcstung f\u00fcr Golfer aller Spielst\u00e4rken, um ihre Golf-Driving- und Chipping-Technik zu verbessern. Das 10x7ft Golfnetz f\u00fcr den Innenbereich ist gro\u00df genug, um alle Schl\u00e4ge zu fangen. Ein perfektes Golfgeschenk f\u00fcr M\u00e4nner.<br \/>\nUnglaublich strapazierf\u00e4higes Golfnetz - Unser strapazierf\u00e4higes Netz h\u00e4lt Ballgeschwindigkeiten von bis zu 200 mph problemlos stand. Dieses Golf-Schlagnetz ist aus 5-lagigem knotenlosem Netz und 420D Oxford-Gewebe f\u00fcr verbesserte Haltbarkeit hergestellt. Unser elastisches Netz, das von Experten f\u00fcr Golf- und Sportnetze entwickelt wurde, erm\u00f6glicht eine hochintensive Driving Range im Innen- und Au\u00dfenbereich. Unsere Golf-Trainingshilfe verf\u00fcgt au\u00dferdem \u00fcber starke Glasfaserstangen und Erdn\u00e4gel f\u00fcr eine robuste und solide Konstruktion.<br \/>\nLanglebig - Im Vergleich zu Nylonnetzen, die schrumpfen und verrotten, ist dieses hochdichte HDPE-Golfnetz verrottungsfest und UV-behandelt. Unser Indoor-Golfnetz ist f\u00fcr den Innen- und Au\u00dfeneinsatz geeignet. Au\u00dferdem sorgen die korrosionsbest\u00e4ndigen Glasfaserstangen f\u00fcr eine lange Haltbarkeit.<br \/>\n90 Sekunden Auf- und Abbau - Unser Golfnetz kann in nur 90 Sekunden mit einer klaren Anleitung auf- und abgebaut werden, da alle Stangen mit einem Gummiband verbunden sind. Die leicht zu tragende Tasche bedeutet, dass diese tragbare Golf Driving Range \u00fcberall hin mitgenommen werden kann, wo Sie \u00fcben wollen.<\/li>\n<\/ul>","protected":false},"excerpt":{"rendered":"<p id=\"title\" class=\"a-size-large a-spacing-none\">Golfschl\u00e4gernetz und pers\u00f6nliche Driving Range f\u00fcr das \u00dcben im Innen- und Au\u00dfenbereich, mit Aufbewahrungstasche und Golfmatte, zum Aufh\u00e4ngen an der Decke, in der Garage, im Keller oder im selbstgebauten Rahmen<\/p>","protected":false},"featured_media":970,"template":"","meta":{"_gspb_post_css":""},"product_brand":[],"product_cat":[26],"product_tag":[],"class_list":{"0":"post-1028","1":"product","2":"type-product","3":"status-publish","4":"has-post-thumbnail","6":"product_cat-golf-net","8":"first","9":"instock","10":"shipping-taxable","11":"product-type-simple"},"_links":{"self":[{"href":"https:\/\/fsportsnet.com\/de\/wp-json\/wp\/v2\/product\/1028","targetHints":{"allow":["GET"]}}],"collection":[{"href":"https:\/\/fsportsnet.com\/de\/wp-json\/wp\/v2\/product"}],"about":[{"href":"https:\/\/fsportsnet.com\/de\/wp-json\/wp\/v2\/types\/product"}],"wp:featuredmedia":[{"embeddable":true,"href":"https:\/\/fsportsnet.com\/de\/wp-json\/wp\/v2\/media\/970"}],"wp:attachment":[{"href":"https:\/\/fsportsnet.com\/de\/wp-json\/wp\/v2\/media?parent=1028"}],"wp:term":[{"taxonomy":"product_brand","embeddable":true,"href":"https:\/\/fsportsnet.com\/de\/wp-json\/wp\/v2\/product_brand?post=1028"},{"taxonomy":"product_cat","embeddable":true,"href":"https:\/\/fsportsnet.com\/de\/wp-json\/wp\/v2\/product_cat?post=1028"},{"taxonomy":"product_tag","embeddable":true,"href":"https:\/\/fsportsnet.com\/de\/wp-json\/wp\/v2\/product_tag?post=1028"}],"curies":[{"name":"wp","href":"https:\/\/api.w.org\/{rel}","templated":true}]}}