{"id":1030,"date":"2023-04-15T13:47:01","date_gmt":"2023-04-15T05:47:01","guid":{"rendered":"https:\/\/fsportsnet.com\/?post_type=product&#038;p=1030"},"modified":"2023-04-15T13:50:10","modified_gmt":"2023-04-15T05:50:10","slug":"golf-practice-net-golf-hitting-training-aids-nets-with-target","status":"publish","type":"product","link":"https:\/\/fsportsnet.com\/de\/product\/golf-practice-net-golf-hitting-training-aids-nets-with-target\/","title":{"rendered":"Golf-\u00dcbungsnetz Golf-Schlag-Trainingshilfen Netze mit Ziel"},"content":{"rendered":"<ul class=\"a-unordered-list a-vertical a-spacing-mini\">\n<li>Golf-\u00dcbungsnetz Golf-Schlag-Trainingshilfen Netze mit Ziel<br \/>\nNylon- und Polyestergewebe, 0,4-Zoll-Glasfaserst\u00e4be und 420D Oxford-Gewebe<br \/>\nEntworfen von Experten f\u00fcr Golf- und Sportnetze<br \/>\n\u26f35-in-1-Schlagnetz-Set: Kommen Sie mit Golf-Schlagnetz, 1pcs Golf-Tees, 5pcs Golfb\u00e4lle, Gras-Pad und Tragetasche.Das Praxis-Netz verf\u00fcgt \u00fcber 1 gro\u00dfes Ziel und 3 Chipping-Ziel-Taschen, um Ihre F\u00e4higkeiten wie Swing, Hitting und Chipping, etc. zu \u00fcben. Eine hervorragende M\u00f6glichkeit, jeden Club in Ihrer Golftasche leicht zu Hause \/ im Freien zu \u00fcben, Geld und Zeit zu sparen.<br \/>\n\u26f3Super Large Size Net: Schwingen Sie mit Zuversicht, 10 * 8 * 6ft (B*H*T) gro\u00dfe Schlagfl\u00e4che bietet Ihnen gen\u00fcgend Platz, um kontinuierlich zu \u00fcben und verbessern Sie Ihre Genauigkeit und Driving und Chipping-F\u00e4higkeiten, hilft Ihnen, eine selbstbewusste Golfer zu werden. Keine unordentlichen oder fehlenden Golfb\u00e4lle mehr.<br \/>\n\u26f3Premium-Qualit\u00e4t Materialien f\u00fcr Langlebigkeit und Sicherheit: F\u00fchlen Sie sich frei, echte Golfb\u00e4lle und -schl\u00e4ger zu verwenden, da das verst\u00e4rkte Netz den Aufprall der B\u00e4lle absorbieren kann. Der Fiberglasrahmen sichert das Netz und erm\u00f6glicht es, fest auf dem Boden zu stehen.<br \/>\n\u26f3Schneller und einfacher Aufbau: Vormontierte Rahmen und eine eingebaute Bodenplatte erfordern nur einen 90-sek\u00fcndigen Auf-\/Abbau. Perfekt f\u00fcr den Innen-\/Au\u00dfeneinsatz. Bringen Sie die Driving Range bei Ihnen zu Hause, k\u00f6nnen Sie in Ihrem Garten, Hinterhof oder Keller \u00fcben.<br \/>\n\u26f3Faltbar und tragbar: Dieses Schlag\u00fcbungsnetz wird mit einer Tasche geliefert und kann auf eine kompakte Gr\u00f6\u00dfe gefaltet werden, um es einfach zu lagern und zu tragen. Keine Einschr\u00e4nkung mehr f\u00fcr die Golfpraxis!<\/li>\n<\/ul>","protected":false},"excerpt":{"rendered":"<p id=\"title\" class=\"a-size-large a-spacing-none\">\u00a0Im Vergleich zu Nylonnetzen, die schrumpfen und verrotten, ist dieses hochdichte HDPE-Golfnetz verrottungsfest und UV-behandelt. Unser Indoor-Golfnetz ist f\u00fcr den Innen- und Au\u00dfeneinsatz geeignet. Au\u00dferdem sorgen die korrosionsbest\u00e4ndigen Glasfaserstangen f\u00fcr eine lange Haltbarkeit.<\/p>","protected":false},"featured_media":972,"template":"","meta":{"_gspb_post_css":""},"product_brand":[],"product_cat":[26],"product_tag":[],"class_list":{"0":"post-1030","1":"product","2":"type-product","3":"status-publish","4":"has-post-thumbnail","6":"product_cat-golf-net","8":"first","9":"instock","10":"shipping-taxable","11":"product-type-simple"},"_links":{"self":[{"href":"https:\/\/fsportsnet.com\/de\/wp-json\/wp\/v2\/product\/1030","targetHints":{"allow":["GET"]}}],"collection":[{"href":"https:\/\/fsportsnet.com\/de\/wp-json\/wp\/v2\/product"}],"about":[{"href":"https:\/\/fsportsnet.com\/de\/wp-json\/wp\/v2\/types\/product"}],"wp:featuredmedia":[{"embeddable":true,"href":"https:\/\/fsportsnet.com\/de\/wp-json\/wp\/v2\/media\/972"}],"wp:attachment":[{"href":"https:\/\/fsportsnet.com\/de\/wp-json\/wp\/v2\/media?parent=1030"}],"wp:term":[{"taxonomy":"product_brand","embeddable":true,"href":"https:\/\/fsportsnet.com\/de\/wp-json\/wp\/v2\/product_brand?post=1030"},{"taxonomy":"product_cat","embeddable":true,"href":"https:\/\/fsportsnet.com\/de\/wp-json\/wp\/v2\/product_cat?post=1030"},{"taxonomy":"product_tag","embeddable":true,"href":"https:\/\/fsportsnet.com\/de\/wp-json\/wp\/v2\/product_tag?post=1030"}],"curies":[{"name":"wp","href":"https:\/\/api.w.org\/{rel}","templated":true}]}}