{"id":1032,"date":"2023-04-15T13:51:40","date_gmt":"2023-04-15T05:51:40","guid":{"rendered":"https:\/\/fsportsnet.com\/?post_type=product&#038;p=1032"},"modified":"2023-04-15T14:09:33","modified_gmt":"2023-04-15T06:09:33","slug":"sports-golf-chipping-net-pop-up-golf-chipping-net-with-mat","status":"publish","type":"product","link":"https:\/\/fsportsnet.com\/de\/product\/sports-golf-chipping-net-pop-up-golf-chipping-net-with-mat\/","title":{"rendered":"Sport Golf Chipping Net Pop Up Golf Chipping Net mit Matte"},"content":{"rendered":"<ul class=\"a-unordered-list a-vertical a-spacing-mini\">\n<li>Quadratisches Hackschnitzelnetz<br \/>\n1. Gr\u00f6\u00dfe: 24\u201d<br \/>\n2. Netz: 210D Polyester-Bindung<br \/>\n3. Rahmen: \u03a63mm Stahldraht, 7mm Glasfaser<br \/>\n4. Verpackung: 1 Satz in Oxford Tasche, 20 S\u00e4tze in einem (Karton)<\/li>\n<li>\u2705 Ideale Gr\u00f6\u00dfe: 24\u2033 Platz ben\u00f6tigt, um zu \u00fcben, spielen und Spa\u00df haben; kann drinnen oder drau\u00dfen verwendet werden - ideal f\u00fcr zu Hause oder im B\u00fcro, Rasen oder Hinterhof und sogar f\u00fcr tailgating - kommt mit einer Nylon-Tragetasche f\u00fcr Ihre Reise Bequemlichkeit<br \/>\n\u2705 Einfach zu verwenden: Benutzerfreundliches Pop-up-Design f\u00fcr schnellen und einfachen Aufbau - erfordert keine Werkzeuge, w\u00e4hrend der einzigartige Klettverschluss die Golfb\u00e4lle sichert; verwenden Sie es f\u00fcr die Freizeit mit Freunden und Familie oder f\u00fcr professionelle Trainingseinheiten, sofort<br \/>\n\u2705 3 Ziele: Hilft bei der Verbesserung - Kurzdistanz Chipping-Genauigkeit, K\u00f6rperposition, Gleichgewicht und Haltung f\u00fcr Ihren Schwung Praxis; kommt mit einem Seitennetz, das verirrte B\u00e4lle f\u00e4ngt, so dass Sie nicht \u00fcber Ihre Chips verpassen oder verschwenden Zeit sammeln die Golfb\u00e4lle nach Ihren Sitzungen zu k\u00fcmmern<br \/>\n\u2705 Hohe Qualit\u00e4t: Hergestellt aus hochwertigem, strapazierf\u00e4higem Material, ist es robust und langlebig, aber dennoch leicht, tragbar und faltbar - nicht kerben, Chip oder Verschlei\u00df und rei\u00dfen leicht; widersteht den Elementen - geeignet f\u00fcr das ganze Jahr \u00fcber spielen<\/li>\n<\/ul>","protected":false},"excerpt":{"rendered":"<p id=\"title\" class=\"a-size-large a-spacing-none\">Veranstalten Sie mit Ihrer Familie, Ihren Freunden oder Kollegen ein Spiel oder ein Freundschaftsspiel mit den drei Zieltaschen. Fsports ist ein perfektes Geschenk f\u00fcr Golfliebhaber.<\/p>","protected":false},"featured_media":1001,"template":"","meta":{"_gspb_post_css":""},"product_brand":[],"product_cat":[26],"product_tag":[],"class_list":{"0":"post-1032","1":"product","2":"type-product","3":"status-publish","4":"has-post-thumbnail","6":"product_cat-golf-net","8":"first","9":"instock","10":"shipping-taxable","11":"product-type-simple"},"_links":{"self":[{"href":"https:\/\/fsportsnet.com\/de\/wp-json\/wp\/v2\/product\/1032","targetHints":{"allow":["GET"]}}],"collection":[{"href":"https:\/\/fsportsnet.com\/de\/wp-json\/wp\/v2\/product"}],"about":[{"href":"https:\/\/fsportsnet.com\/de\/wp-json\/wp\/v2\/types\/product"}],"wp:featuredmedia":[{"embeddable":true,"href":"https:\/\/fsportsnet.com\/de\/wp-json\/wp\/v2\/media\/1001"}],"wp:attachment":[{"href":"https:\/\/fsportsnet.com\/de\/wp-json\/wp\/v2\/media?parent=1032"}],"wp:term":[{"taxonomy":"product_brand","embeddable":true,"href":"https:\/\/fsportsnet.com\/de\/wp-json\/wp\/v2\/product_brand?post=1032"},{"taxonomy":"product_cat","embeddable":true,"href":"https:\/\/fsportsnet.com\/de\/wp-json\/wp\/v2\/product_cat?post=1032"},{"taxonomy":"product_tag","embeddable":true,"href":"https:\/\/fsportsnet.com\/de\/wp-json\/wp\/v2\/product_tag?post=1032"}],"curies":[{"name":"wp","href":"https:\/\/api.w.org\/{rel}","templated":true}]}}