{"id":1033,"date":"2023-04-15T13:59:09","date_gmt":"2023-04-15T05:59:09","guid":{"rendered":"https:\/\/fsportsnet.com\/?post_type=product&#038;p=1033"},"modified":"2023-04-15T14:02:38","modified_gmt":"2023-04-15T06:02:38","slug":"pop-up-golf-chipping-net-indoor-outdoor-golfing-target-net","status":"publish","type":"product","link":"https:\/\/fsportsnet.com\/de\/product\/pop-up-golf-chipping-net-indoor-outdoor-golfing-target-net\/","title":{"rendered":"Pop Up Golf Chipping Net Indoor Outdoor Golfing Target Net"},"content":{"rendered":"<ul class=\"a-unordered-list a-vertical a-spacing-mini\">\n<li>Quadratisches Hackschnitzelnetz<br \/>\n1. Gr\u00f6\u00dfe: 24\u201d<br \/>\n2. Netz: 210D Polyester-Bindung<br \/>\n3. Rahmen: \u03a63mm Stahldraht, 7mm Glasfaser<br \/>\n4. Verpackung: 1 Satz in Oxford Tasche, 20 S\u00e4tze in einem (Karton)<\/li>\n<li>\u3010PRACTICE LIKE A PRO\u3011Fsports verwendet drei Ziele in unserem Netzdesign, um Ihre Chipping-Genauigkeit auf kurze Distanz zu verbessern. Dieses Chipping-Netz ist ein Muss f\u00fcr Golfer aller Spielst\u00e4rken!<br \/>\n\u3010GOLF ANYWHERE\u3011Das Netz kann in einer 1,2 ft. Handtasche verpackt werden und wiegt nur 1 lbs. Da es leicht, faltbar und tragbar ist, ist unser Netz f\u00fcr den Innen- und Au\u00dfenbereich \u00fcberall geeignet!<br \/>\n\u3010BENUTZERFREUNDLICH\u3011Unser Instant Pop-up Design hilft Ihnen, das Netz in Sekundenschnelle und ohne Werkzeug aufzubauen. Alles was Sie brauchen ist ein 24\u2033 Platz!<br \/>\n\u3010ENJOY WITH FRIENDS\u3011Setzen Sie ein Spiel oder ein Freundschaftsspiel mit Ihrer Familie, Freunden oder Kollegen mit den drei Zieltaschen. PodiuMax ist ein perfektes Geschenk f\u00fcr Golfliebhaber.<br \/>\n\u3010NOTE\u3011 Wir empfehlen die Verwendung von Golfschaumstoffb\u00e4llen zum \u00dcben mit diesem Chipping-Netz.<\/li>\n<\/ul>","protected":false},"excerpt":{"rendered":"<p id=\"title\" class=\"a-size-large a-spacing-none\">Veranstalten Sie mit Ihrer Familie, Ihren Freunden oder Kollegen ein Spiel oder ein Freundschaftsspiel mit den drei Zieltaschen. Fsports ist ein perfektes Geschenk f\u00fcr Golfliebhaber.<\/p>","protected":false},"featured_media":1000,"template":"","meta":{"_gspb_post_css":""},"product_brand":[],"product_cat":[26],"product_tag":[],"class_list":{"0":"post-1033","1":"product","2":"type-product","3":"status-publish","4":"has-post-thumbnail","6":"product_cat-golf-net","8":"first","9":"instock","10":"shipping-taxable","11":"product-type-simple"},"_links":{"self":[{"href":"https:\/\/fsportsnet.com\/de\/wp-json\/wp\/v2\/product\/1033","targetHints":{"allow":["GET"]}}],"collection":[{"href":"https:\/\/fsportsnet.com\/de\/wp-json\/wp\/v2\/product"}],"about":[{"href":"https:\/\/fsportsnet.com\/de\/wp-json\/wp\/v2\/types\/product"}],"wp:featuredmedia":[{"embeddable":true,"href":"https:\/\/fsportsnet.com\/de\/wp-json\/wp\/v2\/media\/1000"}],"wp:attachment":[{"href":"https:\/\/fsportsnet.com\/de\/wp-json\/wp\/v2\/media?parent=1033"}],"wp:term":[{"taxonomy":"product_brand","embeddable":true,"href":"https:\/\/fsportsnet.com\/de\/wp-json\/wp\/v2\/product_brand?post=1033"},{"taxonomy":"product_cat","embeddable":true,"href":"https:\/\/fsportsnet.com\/de\/wp-json\/wp\/v2\/product_cat?post=1033"},{"taxonomy":"product_tag","embeddable":true,"href":"https:\/\/fsportsnet.com\/de\/wp-json\/wp\/v2\/product_tag?post=1033"}],"curies":[{"name":"wp","href":"https:\/\/api.w.org\/{rel}","templated":true}]}}