{"id":1034,"date":"2023-04-15T14:03:02","date_gmt":"2023-04-15T06:03:02","guid":{"rendered":"https:\/\/fsportsnet.com\/?post_type=product&#038;p=1034"},"modified":"2023-04-21T16:48:14","modified_gmt":"2023-04-21T08:48:14","slug":"baseball-softball-and-golf-hanging-net-for-hitting-pitching-and-driving-practice","status":"publish","type":"product","link":"https:\/\/fsportsnet.com\/de\/product\/baseball-softball-and-golf-hanging-net-for-hitting-pitching-and-driving-practice\/","title":{"rendered":"Baseball-, Softball- und Golf-H\u00e4ngenetz f\u00fcr Schlag-, Pitching- und Driving-Training"},"content":{"rendered":"<ul>\n<li>Ez Golf Net<br \/>\nGr\u00f6\u00dfe: 7 x 7\u2032<br \/>\nNetz: 3 Lagen 1\u2033 wei\u00dfes, knotenloses Polyesternetz mit 420D Gewebebindung<br \/>\nRahmen: 7\/8 \u201ddia 0.8mm Stahlrohr &amp; schwarze Pulverbeschichtung<br \/>\nStange: \u03a612,7mm solides schwarzes Glasfasergewebe<br \/>\nTasche: PU schwarz 420D Oxford-Gewebe<br \/>\nZubeh\u00f6r: Pfl\u00f6cke+A4 Anleitung<br \/>\nVerpacken: Jedes Set in einem K=K-Karton, 87cm X 14.6cm X 14.6cm\uff0cGW 5.5kg<\/li>\n<li>Gro\u00dfes, 7 Fu\u00df breites \u00dcbungsnetz h\u00e4ngt an Garagentor\u00f6ffnungen oder anderen breiten R\u00e4umen<br \/>\nErm\u00f6glicht es den Spielern, das Schlagen von einem Baseball- oder Golftee zu Hause zu \u00fcben<br \/>\nDie untere Stange aus Fiberglas sorgt f\u00fcr eine Netzstruktur, reduziert den R\u00fcckschlag und sammelt die B\u00e4lle w\u00e4hrend des Trainings<br \/>\nL\u00e4sst sich leicht aufrollen und aus dem Weg r\u00e4umen, damit die Garagentore normal funktionieren<br \/>\nSchnellverbindungspunkte f\u00fcr einfachen Auf- und Abbau<\/li>\n<\/ul>","protected":false},"excerpt":{"rendered":"<p id=\"title\" class=\"a-size-large a-spacing-none\">. Einfache Montage Golf Netz mit nur 2min, um die Golf-\u00dcbungsnetz und brechen in 2mins einrichten. Das Golfing Net Backyard ist geeignet, um Ihre F\u00e4higkeiten zu verbessern, egal ob Regen oder Sonnenschein. W\u00e4hlen Sie das Fsports-Golfnetz, nehmen Sie Ihre Golfschl\u00e4ger und erleben Sie den Spa\u00df am Golfspielen mit Ihren Freunden und Ihrer Familie! Jedes Golfnetz hat eine strapazierf\u00e4hige Tragetasche, damit Sie es leicht verstauen und mitnehmen k\u00f6nnen!<\/p>","protected":false},"featured_media":980,"template":"","meta":{"_gspb_post_css":""},"product_brand":[],"product_cat":[26],"product_tag":[],"class_list":{"0":"post-1034","1":"product","2":"type-product","3":"status-publish","4":"has-post-thumbnail","6":"product_cat-golf-net","8":"first","9":"instock","10":"shipping-taxable","11":"product-type-simple"},"_links":{"self":[{"href":"https:\/\/fsportsnet.com\/de\/wp-json\/wp\/v2\/product\/1034","targetHints":{"allow":["GET"]}}],"collection":[{"href":"https:\/\/fsportsnet.com\/de\/wp-json\/wp\/v2\/product"}],"about":[{"href":"https:\/\/fsportsnet.com\/de\/wp-json\/wp\/v2\/types\/product"}],"wp:featuredmedia":[{"embeddable":true,"href":"https:\/\/fsportsnet.com\/de\/wp-json\/wp\/v2\/media\/980"}],"wp:attachment":[{"href":"https:\/\/fsportsnet.com\/de\/wp-json\/wp\/v2\/media?parent=1034"}],"wp:term":[{"taxonomy":"product_brand","embeddable":true,"href":"https:\/\/fsportsnet.com\/de\/wp-json\/wp\/v2\/product_brand?post=1034"},{"taxonomy":"product_cat","embeddable":true,"href":"https:\/\/fsportsnet.com\/de\/wp-json\/wp\/v2\/product_cat?post=1034"},{"taxonomy":"product_tag","embeddable":true,"href":"https:\/\/fsportsnet.com\/de\/wp-json\/wp\/v2\/product_tag?post=1034"}],"curies":[{"name":"wp","href":"https:\/\/api.w.org\/{rel}","templated":true}]}}