{"id":1035,"date":"2023-04-15T14:19:32","date_gmt":"2023-04-15T06:19:32","guid":{"rendered":"https:\/\/fsportsnet.com\/?post_type=product&#038;p=1035"},"modified":"2023-04-15T14:24:18","modified_gmt":"2023-04-15T06:24:18","slug":"extra-large-golf-chipping-net-with-complete-setup-accessories","status":"publish","type":"product","link":"https:\/\/fsportsnet.com\/de\/product\/extra-large-golf-chipping-net-with-complete-setup-accessories\/","title":{"rendered":"Extra gro\u00dfes Golf Chipping Netz mit komplettem Setup Zubeh\u00f6r"},"content":{"rendered":"<ul>\n<li><span class=\"a-list-item\">Spielen Sie Golf im Garten - Mit diesem extra gro\u00dfen Golf-\u00dcbungsnetz k\u00f6nnen Sie einfach und bequem Ihre Abschl\u00e4ge und Ihre Genauigkeit trainieren. Unser Golfschl\u00e4gernetz ist ideal f\u00fcr den Au\u00dfen- und Innenbereich. Wir haben es mit 4 farbigen Zielen entworfen, damit Sie aus verschiedenen Winkeln chippen k\u00f6nnen.<\/span><\/li>\n<li><span class=\"a-list-item\">Ihr komplettes Golf-Trainingsnetz-Set - Der Aufbau dieser Golfausr\u00fcstungshilfe ist ein Kinderspiel. Jedes Set enth\u00e4lt Erdn\u00e4gel, Stangen, eine Tragetasche und eine Gebrauchsanweisung. Haben Sie Spa\u00df und \u00fcben Sie mit Ihren Freunden und Ihrer Familie jederzeit drau\u00dfen\/im Freien Golf.<\/span><\/li>\n<li><span class=\"a-list-item\">Langlebig und funktionell - Der robuste Stoff und das Golfnetzmaterial, das wir f\u00fcr unsere Golfnetze verwenden, bleiben auch bei regelm\u00e4\u00dfigem Gebrauch stabil. Jedes 50-Zoll breite x 35-Zoll lange Golfnetz hat auch eingebaute Ballfangtaschen, so dass Sie keine Golfb\u00e4lle im Garten aufsammeln m\u00fcssen.<\/span><\/li>\n<li><span class=\"a-list-item\">Einfach aufzustellen und zu lagern - Unser leichtes Golf-Schlagnetz f\u00fcr Ihren Garten ist in wenigen Minuten aufgebaut. Jedes Outdoor-\/Indoor-Golfnetz wird mit einer eleganten Tragetasche geliefert, so dass Sie es nach dem Gebrauch leicht verstauen k\u00f6nnen.<\/span><\/li>\n<li><span class=\"a-list-item\">Ideales Geschenk f\u00fcr Golfer und Golfenthusiasten - Sie suchen ein praktisches Geschenk? Dann sind unsere Golfabschlagnetze genau das Richtige! Dieses Golfzubeh\u00f6r f\u00fcr M\u00e4nner und Frauen wird jeden begeistern, der seine Treffsicherheit verbessern und ein Chipping-Profi werden m\u00f6chte.<\/span><\/li>\n<li><\/li>\n<\/ul>","protected":false},"excerpt":{"rendered":"<p class=\"a-size-large a-spacing-none\">. Einfacher Aufbau des Golfnetzes mit nur 2 Minuten, um das Golf-\u00dcbungsnetz aufzustellen und in 2 Minuten abzubauen.<\/p>\n<p id=\"title\" class=\"a-size-large a-spacing-none\"><span id=\"productTitle\" class=\"a-size-medium product-title-word-break product-title-resize\">Big Strike Golf - Extra gro\u00dfes Golf Chipping Netz. Golf-\u00dcbungsnetz mit 4 farbigen Zielen, Indoor- und Outdoor-Golf-Trainingsger\u00e4te, langlebiges Golf-Chipping-Netz mit komplettem Setup-Zubeh\u00f6r<\/span><\/p>","protected":false},"featured_media":1009,"template":"","meta":{"_gspb_post_css":""},"product_brand":[],"product_cat":[26],"product_tag":[],"class_list":{"0":"post-1035","1":"product","2":"type-product","3":"status-publish","4":"has-post-thumbnail","6":"product_cat-golf-net","8":"first","9":"instock","10":"shipping-taxable","11":"product-type-simple"},"_links":{"self":[{"href":"https:\/\/fsportsnet.com\/de\/wp-json\/wp\/v2\/product\/1035","targetHints":{"allow":["GET"]}}],"collection":[{"href":"https:\/\/fsportsnet.com\/de\/wp-json\/wp\/v2\/product"}],"about":[{"href":"https:\/\/fsportsnet.com\/de\/wp-json\/wp\/v2\/types\/product"}],"wp:featuredmedia":[{"embeddable":true,"href":"https:\/\/fsportsnet.com\/de\/wp-json\/wp\/v2\/media\/1009"}],"wp:attachment":[{"href":"https:\/\/fsportsnet.com\/de\/wp-json\/wp\/v2\/media?parent=1035"}],"wp:term":[{"taxonomy":"product_brand","embeddable":true,"href":"https:\/\/fsportsnet.com\/de\/wp-json\/wp\/v2\/product_brand?post=1035"},{"taxonomy":"product_cat","embeddable":true,"href":"https:\/\/fsportsnet.com\/de\/wp-json\/wp\/v2\/product_cat?post=1035"},{"taxonomy":"product_tag","embeddable":true,"href":"https:\/\/fsportsnet.com\/de\/wp-json\/wp\/v2\/product_tag?post=1035"}],"curies":[{"name":"wp","href":"https:\/\/api.w.org\/{rel}","templated":true}]}}