{"id":1036,"date":"2023-04-15T14:24:32","date_gmt":"2023-04-15T06:24:32","guid":{"rendered":"https:\/\/fsportsnet.com\/?post_type=product&#038;p=1036"},"modified":"2023-04-15T14:31:28","modified_gmt":"2023-04-15T06:31:28","slug":"home-golf-driving-range-kit-with-net-golf-balls-launch-pad-and-tees","status":"publish","type":"product","link":"https:\/\/fsportsnet.com\/de\/product\/home-golf-driving-range-kit-with-net-golf-balls-launch-pad-and-tees\/","title":{"rendered":"Home Golf Driving Range Kit mit Netz, Golfb\u00e4llen, Launch Pad und Tees"},"content":{"rendered":"<ul>\n<li>Das Driving Range-Kit f\u00fcr zu Hause enth\u00e4lt ein \u00dcbungsnetz, Impact-Golfb\u00e4lle mit begrenztem Fluggewicht, eine Abschussrampe und zwei Gummitees.<\/li>\n<li>Einfach im Garten, in der Garage oder im Keller aufzustellen, um Drives, Eisen, Wedges und Chips zu \u00fcben, ohne zum Golfplatz fahren zu m\u00fcssen<\/li>\n<li>7-Fu\u00df-\u00dcbungsnetz mit sto\u00dfgesicherten Stangen f\u00fcr schnellen Auf- und Abbau; Startrampe mit Rough- und Fairway-Lagen f\u00fcr eine bessere Kurs-Simulation<\/li>\n<li>Enth\u00e4lt 12 Impact-Golfb\u00e4lle mit begrenztem Flugvolumen, die langlebig, dellenfest und sicher sind und das \u00dcben auf kleinem Raum erm\u00f6glichen; Abschlag mit einem 1- oder 2-Zoll-Gummitee<\/li>\n<li>Das leistungsstarke, langlebige Set ist ideal f\u00fcr alle Schl\u00e4ge au\u00dfer dem Putten. Optimieren Sie die Zeit f\u00fcr Schwung\u00fcbungen, ohne sich um schlechtes Wetter oder die Kosten f\u00fcr Rangeb\u00e4lle zu k\u00fcmmern.<\/li>\n<\/ul>","protected":false},"excerpt":{"rendered":"<p class=\"a-size-large a-spacing-none\">. Einfacher Aufbau des Golfnetzes mit nur 2 Minuten, um das Golf-\u00dcbungsnetz aufzustellen und in 2 Minuten abzubauen.<\/p>\n<p id=\"title\" class=\"a-size-large a-spacing-none\">","protected":false},"featured_media":1006,"template":"","meta":{"_gspb_post_css":""},"product_brand":[],"product_cat":[26],"product_tag":[],"class_list":{"0":"post-1036","1":"product","2":"type-product","3":"status-publish","4":"has-post-thumbnail","6":"product_cat-golf-net","8":"first","9":"instock","10":"shipping-taxable","11":"product-type-simple"},"_links":{"self":[{"href":"https:\/\/fsportsnet.com\/de\/wp-json\/wp\/v2\/product\/1036","targetHints":{"allow":["GET"]}}],"collection":[{"href":"https:\/\/fsportsnet.com\/de\/wp-json\/wp\/v2\/product"}],"about":[{"href":"https:\/\/fsportsnet.com\/de\/wp-json\/wp\/v2\/types\/product"}],"wp:featuredmedia":[{"embeddable":true,"href":"https:\/\/fsportsnet.com\/de\/wp-json\/wp\/v2\/media\/1006"}],"wp:attachment":[{"href":"https:\/\/fsportsnet.com\/de\/wp-json\/wp\/v2\/media?parent=1036"}],"wp:term":[{"taxonomy":"product_brand","embeddable":true,"href":"https:\/\/fsportsnet.com\/de\/wp-json\/wp\/v2\/product_brand?post=1036"},{"taxonomy":"product_cat","embeddable":true,"href":"https:\/\/fsportsnet.com\/de\/wp-json\/wp\/v2\/product_cat?post=1036"},{"taxonomy":"product_tag","embeddable":true,"href":"https:\/\/fsportsnet.com\/de\/wp-json\/wp\/v2\/product_tag?post=1036"}],"curies":[{"name":"wp","href":"https:\/\/api.w.org\/{rel}","templated":true}]}}