{"id":1038,"date":"2023-04-15T14:32:10","date_gmt":"2023-04-15T06:32:10","guid":{"rendered":"https:\/\/fsportsnet.com\/?post_type=product&#038;p=1038"},"modified":"2023-04-15T14:40:14","modified_gmt":"2023-04-15T06:40:14","slug":"golf-catch-all-net-extra-large-golf-hitting-net-for-your-backyard-or-home-range","status":"publish","type":"product","link":"https:\/\/fsportsnet.com\/de\/product\/golf-catch-all-net-extra-large-golf-hitting-net-for-your-backyard-or-home-range\/","title":{"rendered":"Golf Catch All Net Extra gro\u00dfes Golfschl\u00e4gernetz f\u00fcr Ihren Hinterhof oder Ihr Haus"},"content":{"rendered":"<ul>\n<li>Das Netz ist so konzipiert, dass es den Golfball sicher auf den Boden des Netzes im Auffangbecken zur\u00fcckbringt.<br \/>\nStrapazierf\u00e4higes Netz, das Ballgeschwindigkeiten von bis zu 150 mph standh\u00e4lt<br \/>\nDas \u00fcbergro\u00dfe Golf-Schlagnetz gibt es in 12\u2032 x 10\u2032, 10\u2032 x 8\u2032 &amp; 8\u2032 x 7\u2032.<br \/>\nLanglebige Glasfaserstangen sorgen f\u00fcr einen stabilen Halt, damit das Netz nicht umkippt<br \/>\nDie Fsports Catch All Netze lassen sich innerhalb von Minuten auf- und abbauen<\/li>\n<\/ul>","protected":false},"excerpt":{"rendered":"<p class=\"a-size-large a-spacing-none\">. Einfacher Aufbau des Golfnetzes mit nur 2 Minuten, um das Golf-\u00dcbungsnetz aufzustellen und in 2 Minuten abzubauen.<\/p>\n<p id=\"title\" class=\"a-size-large a-spacing-none\">","protected":false},"featured_media":1017,"template":"","meta":{"_gspb_post_css":""},"product_brand":[],"product_cat":[26],"product_tag":[],"class_list":{"0":"post-1038","1":"product","2":"type-product","3":"status-publish","4":"has-post-thumbnail","6":"product_cat-golf-net","8":"first","9":"instock","10":"shipping-taxable","11":"product-type-simple"},"_links":{"self":[{"href":"https:\/\/fsportsnet.com\/de\/wp-json\/wp\/v2\/product\/1038","targetHints":{"allow":["GET"]}}],"collection":[{"href":"https:\/\/fsportsnet.com\/de\/wp-json\/wp\/v2\/product"}],"about":[{"href":"https:\/\/fsportsnet.com\/de\/wp-json\/wp\/v2\/types\/product"}],"wp:featuredmedia":[{"embeddable":true,"href":"https:\/\/fsportsnet.com\/de\/wp-json\/wp\/v2\/media\/1017"}],"wp:attachment":[{"href":"https:\/\/fsportsnet.com\/de\/wp-json\/wp\/v2\/media?parent=1038"}],"wp:term":[{"taxonomy":"product_brand","embeddable":true,"href":"https:\/\/fsportsnet.com\/de\/wp-json\/wp\/v2\/product_brand?post=1038"},{"taxonomy":"product_cat","embeddable":true,"href":"https:\/\/fsportsnet.com\/de\/wp-json\/wp\/v2\/product_cat?post=1038"},{"taxonomy":"product_tag","embeddable":true,"href":"https:\/\/fsportsnet.com\/de\/wp-json\/wp\/v2\/product_tag?post=1038"}],"curies":[{"name":"wp","href":"https:\/\/api.w.org\/{rel}","templated":true}]}}