{"id":1039,"date":"2023-04-15T14:40:46","date_gmt":"2023-04-15T06:40:46","guid":{"rendered":"https:\/\/fsportsnet.com\/?post_type=product&#038;p=1039"},"modified":"2023-04-15T15:06:57","modified_gmt":"2023-04-15T07:06:57","slug":"golf-practice-net-golf-net-golf-nets-for-backyard-driving-golf-net","status":"publish","type":"product","link":"https:\/\/fsportsnet.com\/de\/product\/golf-practice-net-golf-net-golf-nets-for-backyard-driving-golf-net\/","title":{"rendered":"Golf-\u00dcbungsnetz Golfnetz Golfnetze f\u00fcr Hinterhof Driving Golf Net"},"content":{"rendered":"<ul>\n<li>OFFENE GR\u00d6SSE 7ft(H)X8ft(W). Einfache Montage Golf Net mit nur 2min, um die Golf-\u00dcbungsnetz einrichten und brechen in 2mins. W\u00e4hlen Sie das FSports Netz, nehmen Sie Ihre Golfschl\u00e4ger, f\u00fchlen Sie den Spa\u00df, den Golf mit Ihren Freunden und Ihrer Familie macht! Jedes Golfnetz hat eine strapazierf\u00e4hige Tragetasche, um Ihnen zu helfen, Lagerung und nehmen leicht!\n<p>SICHERER SCHWUNG<br \/>\nDas Galileo Golfnetz ist die beste Wahl, wenn Sie jederzeit und \u00fcberall Golf \u00fcben wollen, egal ob in Ihrem Wohnzimmer, Ihrem Garten oder in Ihrer Garage, ganz wie Sie wollen. Selbst die engagiertesten Golf-Enthusiasten k\u00f6nnen nicht auf dem Golfplatz w\u00e4hrend des Jahres, k\u00f6nnen Sie es mit unserem Golf Hitting Net zu Hause tun.Die Galileo Golf Net ist ideal f\u00fcr Anf\u00e4nger und Fortgeschrittene Golfer.<\/p>\n<p>VERBESSERUNG DES TREFFERBILDES<br \/>\nDie Galileo Driving Range mit einem gro\u00dfen Hitting Golf Ziel 40x30in, so dass es m\u00f6glich ist, mehr Golfb\u00e4lle zu halten.die St\u00fctzstangen sind durch mehr Rohre abgedeckt, so dass die Netzstruktur stabiler und sicherer, um den Ball zu schlagen.unsere Hitting Ziel ist aus mercerized Samt Anti-Strike-Material, k\u00f6nnen Sie sicher sein und genie\u00dfen Sie den Hit, ohne sich Sorgen Hit werfen Ihren Nachbarn Hof.<\/p>\n<p>ANTI-SCHLAG-MATERIAL<br \/>\nDiese Backyard Golf ist von hoher Qualit\u00e4t gewichtet Stahlbasis, dicke resistent Golf Netting und Fiberglas Pole erm\u00f6glichen eine unglaubliche St\u00e4rke, sondern auch Flexibilit\u00e4t, die das Golf-Netz nicht rosten oder verformen mit dem verst\u00e4rkten Eisen an der Unterseite machen.Stahl Boden Pf\u00e4hle, sicherzustellen, dass Sie die beste Erfahrung mit gr\u00f6\u00dferer Stabilit\u00e4t schlagen.Ihre M\u00f6bel werden alle sicher sein, wenn Sie die Ausbildung der Golf indoor.<\/li>\n<\/ul>","protected":false},"excerpt":{"rendered":"<p class=\"a-size-large a-spacing-none\">W\u00e4hlen Sie das FSports Netz, nehmen Sie Ihre Golfschl\u00e4ger, f\u00fchlen Sie den Spa\u00df Golf machen mit Ihren Freunden und Ihrer Familie! Jedes Golfnetz hat eine dauerhafte Tragetasche, um Ihnen zu helfen, Lagerung und nehmen leicht!<\/p>\n<p id=\"title\" class=\"a-size-large a-spacing-none\">","protected":false},"featured_media":1019,"template":"","meta":{"_gspb_post_css":""},"product_brand":[],"product_cat":[26],"product_tag":[],"class_list":{"0":"post-1039","1":"product","2":"type-product","3":"status-publish","4":"has-post-thumbnail","6":"product_cat-golf-net","8":"first","9":"instock","10":"shipping-taxable","11":"product-type-simple"},"_links":{"self":[{"href":"https:\/\/fsportsnet.com\/de\/wp-json\/wp\/v2\/product\/1039","targetHints":{"allow":["GET"]}}],"collection":[{"href":"https:\/\/fsportsnet.com\/de\/wp-json\/wp\/v2\/product"}],"about":[{"href":"https:\/\/fsportsnet.com\/de\/wp-json\/wp\/v2\/types\/product"}],"wp:featuredmedia":[{"embeddable":true,"href":"https:\/\/fsportsnet.com\/de\/wp-json\/wp\/v2\/media\/1019"}],"wp:attachment":[{"href":"https:\/\/fsportsnet.com\/de\/wp-json\/wp\/v2\/media?parent=1039"}],"wp:term":[{"taxonomy":"product_brand","embeddable":true,"href":"https:\/\/fsportsnet.com\/de\/wp-json\/wp\/v2\/product_brand?post=1039"},{"taxonomy":"product_cat","embeddable":true,"href":"https:\/\/fsportsnet.com\/de\/wp-json\/wp\/v2\/product_cat?post=1039"},{"taxonomy":"product_tag","embeddable":true,"href":"https:\/\/fsportsnet.com\/de\/wp-json\/wp\/v2\/product_tag?post=1039"}],"curies":[{"name":"wp","href":"https:\/\/api.w.org\/{rel}","templated":true}]}}