{"id":1040,"date":"2023-04-15T15:07:18","date_gmt":"2023-04-15T07:07:18","guid":{"rendered":"https:\/\/fsportsnet.com\/?post_type=product&#038;p=1040"},"modified":"2023-04-15T15:31:23","modified_gmt":"2023-04-15T07:31:23","slug":"elite-golf-practice-net-with-steel-frame","status":"publish","type":"product","link":"https:\/\/fsportsnet.com\/de\/product\/elite-golf-practice-net-with-steel-frame\/","title":{"rendered":"Elite Golf \u00dcbungsnetz mit Stahlrahmen"},"content":{"rendered":"<ul>\n<li>ELITE PRACTICE: Erstklassiges Golf-\u00dcbungsnetz f\u00fcr Golfer, die das Beste wollen; das 10 Fu\u00df x 7,5 Fu\u00df gro\u00dfe Heavy-Duty-Netz ist f\u00fcr \u00fcber 10.000 Schl\u00e4ge bei jeder Schwunggeschwindigkeit ausgelegt<br \/>\nCOMMERCIAL GRADE: Hergestellt mit einem robusten Stahlrahmen und hochwertigem Hochspannungsnetz, das 3x st\u00e4rker ist als unser derzeit meistverkauftes Golfnetz<br \/>\nMODERNES DESIGN: Ein pulverbeschichteter Stahlrahmen mit einem eleganten schwarzen Satin-Finish macht sich gut in jedem Haus, B\u00fcro oder Garten; zusammengebaute Gr\u00f6\u00dfe ist 7,5\u2019 hoch x 10\u2019 breit x 3,5\u2019 tief<br \/>\nEINFACHE MONTAGE: problemloser Auf- und Abbau in weniger als 5 Minuten mit mitgelieferter Tragetasche zur Aufbewahrung oder zum Transport; nahtlose Kompatibilit\u00e4t mit der FSports Golf Simulation Screen (separat erh\u00e4ltlich) zur Verwendung mit Golfsimulatoren und Projektoren<br \/>\nINNEN- UND AUSSENEINSATZ: Richten Sie Ihre pers\u00f6nliche Driving Range zu Hause, im B\u00fcro, in der Garage oder im Hinterhof ein; das Netz ist auch ein vielseitiger Backstop f\u00fcr das Training mehrerer Sportarten, wie Baseball, Softball, Lacrosse und mehr<\/li>\n<\/ul>","protected":false},"excerpt":{"rendered":"<p class=\"a-size-large a-spacing-none\">W\u00e4hlen Sie das FSports Netz, nehmen Sie Ihre Golfschl\u00e4ger, f\u00fchlen Sie den Spa\u00df Golf machen mit Ihren Freunden und Ihrer Familie! Jedes Golfnetz hat eine dauerhafte Tragetasche, um Ihnen zu helfen, Lagerung und nehmen leicht!<\/p>\n<p id=\"title\" class=\"a-size-large a-spacing-none\">","protected":false},"featured_media":1041,"template":"","meta":{"_gspb_post_css":""},"product_brand":[],"product_cat":[26],"product_tag":[],"class_list":{"0":"post-1040","1":"product","2":"type-product","3":"status-publish","4":"has-post-thumbnail","6":"product_cat-golf-net","8":"first","9":"instock","10":"shipping-taxable","11":"product-type-simple"},"_links":{"self":[{"href":"https:\/\/fsportsnet.com\/de\/wp-json\/wp\/v2\/product\/1040","targetHints":{"allow":["GET"]}}],"collection":[{"href":"https:\/\/fsportsnet.com\/de\/wp-json\/wp\/v2\/product"}],"about":[{"href":"https:\/\/fsportsnet.com\/de\/wp-json\/wp\/v2\/types\/product"}],"wp:featuredmedia":[{"embeddable":true,"href":"https:\/\/fsportsnet.com\/de\/wp-json\/wp\/v2\/media\/1041"}],"wp:attachment":[{"href":"https:\/\/fsportsnet.com\/de\/wp-json\/wp\/v2\/media?parent=1040"}],"wp:term":[{"taxonomy":"product_brand","embeddable":true,"href":"https:\/\/fsportsnet.com\/de\/wp-json\/wp\/v2\/product_brand?post=1040"},{"taxonomy":"product_cat","embeddable":true,"href":"https:\/\/fsportsnet.com\/de\/wp-json\/wp\/v2\/product_cat?post=1040"},{"taxonomy":"product_tag","embeddable":true,"href":"https:\/\/fsportsnet.com\/de\/wp-json\/wp\/v2\/product_tag?post=1040"}],"curies":[{"name":"wp","href":"https:\/\/api.w.org\/{rel}","templated":true}]}}