{"id":1042,"date":"2023-04-15T15:31:41","date_gmt":"2023-04-15T07:31:41","guid":{"rendered":"https:\/\/fsportsnet.com\/?post_type=product&#038;p=1042"},"modified":"2023-04-15T17:12:21","modified_gmt":"2023-04-15T09:12:21","slug":"sport-nets-portable-soccer-goal-bow-frame-soccer-net-with-carry-bag","status":"publish","type":"product","link":"https:\/\/fsportsnet.com\/de\/product\/sport-nets-portable-soccer-goal-bow-frame-soccer-net-with-carry-bag\/","title":{"rendered":"Sport Nets Portable Soccer Goal Bow Frame Fu\u00dfballnetz mit Tragetasche"},"content":{"rendered":"<p>1. Gr\u00f6\u00dfe: 3\u00d75\u2032, 4\u00d76\u2032, 4\u00d78\u2032, 4\u00d712\u2032, 4\u00d716\u2032, 5\u00d710\u2032, 6\u00d712\u2032, 7\u00d714\u2032, 6\u20196 \u201dx18\u20196\u201d, 7\u00d716\u2032, 7\u00d721\u2032, 8\u00d724\u2032<br \/>\n2. Netz: Polyester knotenloses Netz 5 Lagen 4\u201d, 8 Lagen 4\u201d, 22 Lagen 4\u201d<br \/>\n3. Stahlrohr: \u03c625mmx25mm, \u03c630mmx30mm<br \/>\n4. Glasfaser: \u03c612.7mm, \u03c614mm, \u03c616mm, \u03c619mm<\/p>\n<p>Beinhaltet ein rechteckiges Bogenrahmen-Fu\u00dfballtor (Rahmen gebogen f\u00fcr Bodenfreiheit) mit Stahl-Erdn\u00e4geln &amp; eine Rei\u00dfverschluss-Tragetasche mit Gurt<br \/>\nErh\u00e4ltlich in verschiedenen Torgr\u00f6\u00dfen, geeignet f\u00fcr alle Altersgruppen, Kleinkinder, Kinder, Jugendliche, Erwachsene oder Trainer. F\u00fcr Ligaspiele, Schule, Turniere oder Einzeltrainings<br \/>\nFsports Fu\u00dfballtor Netz kann leicht Stabilit\u00e4t Gewichte f\u00fcr Indoor-Bodenfl\u00e4chen, Turnhallen, Indoor-Fu\u00dfball-Einrichtungen und mehr verwenden.<br \/>\nDie Fu\u00dfballnetze f\u00fcr den Hinterhof sind mit Metallpf\u00e4hlen ausgestattet, die f\u00fcr Stabilit\u00e4t auf Rasen, Sand oder Rasenfl\u00e4chen sorgen.<br \/>\nHergestellt aus unserem strapazierf\u00e4higen, wetterfesten und verschlei\u00dffesten, geknoteten Polyethylen-Netz und einem schwarz beschichteten Stahlrahmen mit hochbelastbaren, flexiblen Glasfaserst\u00e4ben<br \/>\nFu\u00dfballtore f\u00fcr den Hinterhof, Pickup-Spiele, Scrimmings, \u00dcbungen, im Park, zu Hause, auf dem Feld oder am Strand. \u00dcberallhin mitnehmen, tragbar und leicht<br \/>\nEinfacher Auf- und Abbau ohne Werkzeug. Der robuste Metallrahmen l\u00e4sst sich f\u00fcr ein schnelles Fu\u00dfballtraining oder zum Spielen unterwegs leicht ausfahren. Perfekt f\u00fcr jede Art von Gel\u00e4nde mit dem Grundrahmen entworfen, um f\u00fcr Bodenfreiheit abgewinkelt werden.<br \/>\nDie tragbaren Fu\u00dfballtore von Fsports passen problemlos in unsere verst\u00e4rkte Rei\u00dfverschlusstasche mit Tragegriff. Enth\u00e4lt ein haltbares Kletternetz, das f\u00fcr eine lange Lebensdauer ausgelegt ist<br \/>\nKann in der Garage, zu Hause oder im Schuppen aufbewahrt oder jederzeit schnell und einfach \u00fcberallhin mitgenommen werden. Tragbares, kompaktes Aufbewahrungsdesign, das in jeden Auto-Kofferraum oder auf den R\u00fccksitz passt.<br \/>\nVerwenden Sie regul\u00e4re Fu\u00dfb\u00e4lle der Gr\u00f6\u00dfe 3, 4 oder 5. Bringen Sie Ihr Spiel auf die n\u00e4chste Stufe mit unserer faltbaren Reisefu\u00dfballausr\u00fcstung.<\/p>","protected":false},"excerpt":{"rendered":"<p>Tragbares Fu\u00dfballtornetz f\u00fcr den Hinterhof, Sportnetz Instant Portable Sports Soccer Net, Alle Altersgruppen &amp; Skill Level&amp;Anywhere, f\u00fcr Training &amp; Scrimmages, 1 Goal + 1 Carry Bag, Available is various Size<\/p>","protected":false},"featured_media":1047,"template":"","meta":{"_gspb_post_css":""},"product_brand":[],"product_cat":[29],"product_tag":[],"class_list":{"0":"post-1042","1":"product","2":"type-product","3":"status-publish","4":"has-post-thumbnail","6":"product_cat-soccer-goal","8":"first","9":"instock","10":"shipping-taxable","11":"product-type-simple"},"_links":{"self":[{"href":"https:\/\/fsportsnet.com\/de\/wp-json\/wp\/v2\/product\/1042","targetHints":{"allow":["GET"]}}],"collection":[{"href":"https:\/\/fsportsnet.com\/de\/wp-json\/wp\/v2\/product"}],"about":[{"href":"https:\/\/fsportsnet.com\/de\/wp-json\/wp\/v2\/types\/product"}],"wp:featuredmedia":[{"embeddable":true,"href":"https:\/\/fsportsnet.com\/de\/wp-json\/wp\/v2\/media\/1047"}],"wp:attachment":[{"href":"https:\/\/fsportsnet.com\/de\/wp-json\/wp\/v2\/media?parent=1042"}],"wp:term":[{"taxonomy":"product_brand","embeddable":true,"href":"https:\/\/fsportsnet.com\/de\/wp-json\/wp\/v2\/product_brand?post=1042"},{"taxonomy":"product_cat","embeddable":true,"href":"https:\/\/fsportsnet.com\/de\/wp-json\/wp\/v2\/product_cat?post=1042"},{"taxonomy":"product_tag","embeddable":true,"href":"https:\/\/fsportsnet.com\/de\/wp-json\/wp\/v2\/product_tag?post=1042"}],"curies":[{"name":"wp","href":"https:\/\/api.w.org\/{rel}","templated":true}]}}