{"id":1054,"date":"2023-04-15T17:13:17","date_gmt":"2023-04-15T09:13:17","guid":{"rendered":"https:\/\/fsportsnet.com\/?post_type=product&#038;p=1054"},"modified":"2023-04-15T17:16:19","modified_gmt":"2023-04-15T09:16:19","slug":"portable-soccer-goal-net-for-backyard","status":"publish","type":"product","link":"https:\/\/fsportsnet.com\/de\/product\/portable-soccer-goal-net-for-backyard\/","title":{"rendered":"Tragbares Fu\u00dfballtornetz f\u00fcr den Hinterhof"},"content":{"rendered":"<p>1. Gr\u00f6\u00dfe: 3\u00d75\u2032, 4\u00d76\u2032, 4\u00d78\u2032, 4\u00d712\u2032, 4\u00d716\u2032, 5\u00d710\u2032, 6\u00d712\u2032, 7\u00d714\u2032, 6\u20196 \u201dx18\u20196\u201d, 7\u00d716\u2032, 7\u00d721\u2032, 8\u00d724\u2032<br \/>\n2. Netz: Polyester knotenloses Netz 5 Lagen 4\u201d, 8 Lagen 4\u201d, 22 Lagen 4\u201d<br \/>\n3. Stahlrohr: \u03c625mmx25mm, \u03c630mmx30mm<br \/>\n4. Glasfaser: \u03c612.7mm, \u03c614mm, \u03c616mm, \u03c619mm<\/p>\n<ul class=\"a-unordered-list a-vertical a-spacing-mini\">\n<li><span class=\"a-list-item\">\u3010Multiple Choices\u3011Portable robuste Fu\u00dfballnetz ist in drei Torgr\u00f6\u00dfen erh\u00e4ltlich und ist f\u00fcr alle Altersgruppen geeignet, was bedeutet, dass Sie das richtige Fu\u00dfballtor f\u00fcr Ihre Bed\u00fcrfnisse, f\u00fcr Liga, Schule, Meisterschaft oder individuelle Trainings w\u00e4hlen k\u00f6nnen. Das Farbverlaufsdesign ist auch einzigartig.<\/span><\/li>\n<li><span class=\"a-list-item\">\u3010Quick Setup\u3011Dieses Fu\u00dfballtornetz ist sehr einfach zu installieren und zu entfernen, genau wie ein Zelt zu montieren. Auch wenn es schwierig sein kann, den Anfang zu machen, beziehen Sie sich auf das beiliegende Installationsvideo und die Installationsanleitung, sobald Sie den Dreh raus haben, brauchen Sie nur 80 Sekunden.<\/span><\/li>\n<li><span class=\"a-list-item\">\u3010Removable\u3011Das Fsports Trainingsfu\u00dfballtor l\u00e4sst sich schnell und einfach f\u00fcr sofortige Mobilit\u00e4t und Portabilit\u00e4t falten. Das Fu\u00dfballtor ist geeignet f\u00fcr Hinterh\u00f6fe, Garagen, Scrambles, \u00dcbungen, Training; wenn es im Hinterhof verwendet wird, werden Sie auch nicht Gras um es herum m\u00e4hen oder einen Haufen toter Flecken auf dem Rasen hinterlassen.Ein Fu\u00dfball-Trainingsger\u00e4t, das jederzeit und \u00fcberall bewegt werden kann.<\/span><\/li>\n<li><span class=\"a-list-item\">\u3010Super Durable\u3011Mit der Unterst\u00fctzung von super langlebigen 8-strand multi-dragon knot-less Mesh und Heavy-Duty-Metall-Quadrat und Fiberglas-Rohre, das Fu\u00dfballtor ist langlebig; Teleskop gebogene Basis f\u00fcr die Stabilit\u00e4t auf rauem Boden, U-f\u00f6rmige Bodenn\u00e4gel werden zur Stabilisierung verwendet. 4-Zoll-Rastergr\u00f6\u00dfe, der Ball ist nicht leicht zu fliegen.<\/span><\/li>\n<li><span class=\"a-list-item\">\u3010Volles Zubeh\u00f6r\u3011Sie erhalten 1 Fu\u00dfballnetz und Rahmen, 4 U-f\u00f6rmige Bodenstollen, 1 stilvolle und robuste tragbare Aufbewahrungstasche mit Rei\u00dfverschluss. L\u00e4sst sich in einer Tragetasche f\u00fcr langfristige Lagerung und Transport verpacken und kann in fast jedem Fahrzeug verwendet werden. Es kann sowohl im Freien als auch drinnen im Park, zu Hause, auf dem Platz oder am Strand verwendet werden.<\/span><\/li>\n<\/ul>","protected":false},"excerpt":{"rendered":"<p>Die tragbaren Fu\u00dfballtore passen leicht in unsere verst\u00e4rkte Rei\u00dfverschlusstasche mit Tragegriff. Inklusive eines haltbaren Kletternetzes, das f\u00fcr eine lange Lebensdauer ausgelegt ist.<br \/>\nKann in der Garage, zu Hause oder im Schuppen aufbewahrt oder jederzeit schnell und einfach \u00fcberallhin mitgenommen werden. Tragbares, kompaktes Aufbewahrungsdesign, das in jeden Auto-Kofferraum oder auf den R\u00fccksitz passt.<\/p>","protected":false},"featured_media":1048,"template":"","meta":{"_gspb_post_css":""},"product_brand":[],"product_cat":[29],"product_tag":[],"class_list":{"0":"post-1054","1":"product","2":"type-product","3":"status-publish","4":"has-post-thumbnail","6":"product_cat-soccer-goal","8":"first","9":"instock","10":"shipping-taxable","11":"product-type-simple"},"_links":{"self":[{"href":"https:\/\/fsportsnet.com\/de\/wp-json\/wp\/v2\/product\/1054","targetHints":{"allow":["GET"]}}],"collection":[{"href":"https:\/\/fsportsnet.com\/de\/wp-json\/wp\/v2\/product"}],"about":[{"href":"https:\/\/fsportsnet.com\/de\/wp-json\/wp\/v2\/types\/product"}],"wp:featuredmedia":[{"embeddable":true,"href":"https:\/\/fsportsnet.com\/de\/wp-json\/wp\/v2\/media\/1048"}],"wp:attachment":[{"href":"https:\/\/fsportsnet.com\/de\/wp-json\/wp\/v2\/media?parent=1054"}],"wp:term":[{"taxonomy":"product_brand","embeddable":true,"href":"https:\/\/fsportsnet.com\/de\/wp-json\/wp\/v2\/product_brand?post=1054"},{"taxonomy":"product_cat","embeddable":true,"href":"https:\/\/fsportsnet.com\/de\/wp-json\/wp\/v2\/product_cat?post=1054"},{"taxonomy":"product_tag","embeddable":true,"href":"https:\/\/fsportsnet.com\/de\/wp-json\/wp\/v2\/product_tag?post=1054"}],"curies":[{"name":"wp","href":"https:\/\/api.w.org\/{rel}","templated":true}]}}