{"id":1055,"date":"2023-04-17T09:19:58","date_gmt":"2023-04-17T01:19:58","guid":{"rendered":"https:\/\/fsportsnet.com\/?post_type=product&#038;p=1055"},"modified":"2023-04-17T13:36:09","modified_gmt":"2023-04-17T05:36:09","slug":"quickster-portable-soccer-goal-and-net","status":"publish","type":"product","link":"https:\/\/fsportsnet.com\/de\/product\/quickster-portable-soccer-goal-and-net\/","title":{"rendered":"Sport Portable Fu\u00dfballtor Kinder Hinterhof Fu\u00dfballnetz 6 x 4 Fu\u00df"},"content":{"rendered":"<p>JUGENDTOR: Dieses 6\u2032 x 4\u2032 Jugendfu\u00dfballtor ist das perfekte Werkzeug, um grundlegende Fu\u00dfballf\u00e4higkeiten im Hinterhof zu entwickeln.<br \/>\nALLWETTER-NETZ: Ein Netz, das allen Jahreszeiten standh\u00e4lt<br \/>\nEINFACHER AUFBAU: Die \u00c4rmelnetzkonstruktion erm\u00f6glicht einen schnellen Aufbau, so dass die Kinder im Handumdrehen mit dem Spielen beginnen k\u00f6nnen.<br \/>\nZUSAMMENKLAGBAR: Entfernen Sie einfach die gelben St\u00fctzrohre und falten Sie sie f\u00fcr eine einfache Aufbewahrung zusammen, indem Sie die schnell faltbaren Eckverbindungen verwenden, die an den vorderen Torpfosten einrasten.<br \/>\nHALTBAR: Dieses Tor ist aus strapazierf\u00e4higem Kunststoff mit brandneuer Schnappverschlusstechnik gefertigt, die entwickelt und getestet wurde, um die Haltbarkeit von Fu\u00dfb\u00e4llen in voller Gr\u00f6\u00dfe zu gew\u00e4hrleisten. Au\u00dferdem halten die \u201cU\u201d-f\u00f6rmigen Bodenpf\u00e4hle das Tor gegen kr\u00e4ftige Sch\u00fcsse auf dem Boden.<\/p>","protected":false},"excerpt":{"rendered":"<p>Dieses 6\u2032 x 4\u2032 gro\u00dfe Jugendfu\u00dfballtor ist das perfekte Werkzeug, um die grundlegenden Fu\u00dfballf\u00e4higkeiten im Garten zu verbessern. Dieses Tor ist aus robustem Stahlrohr gefertigt und verf\u00fcgt \u00fcber eine Schnappverschluss-Technologie, die neu renoviert wurde, um eine erstklassige Haltbarkeit zu bieten, die einem echten Fu\u00dfball standh\u00e4lt. Es l\u00e4sst sich schnell aufstellen, verf\u00fcgt \u00fcber ein Allwetter-Netz und l\u00e4sst sich zur einfachen Aufbewahrung flach zusammenlegen. Die mitgelieferten Metallpfl\u00f6cke dienen zur Verankerung des Ger\u00e4ts gegen kr\u00e4ftige Sch\u00fcsse.Eigenschaften: Abmessungen: 6\u2032 Breite x 4\u2032 H\u00f6he Leichter Rahmen f\u00fcr einfaches Aufstellen. Metallbodenpf\u00e4hle verankern das Tor auf dem Spielfeld. Der Torrahmen l\u00e4sst sich f\u00fcr eine einfache und kompakte Aufbewahrung flach zusammenlegen. Montage ohne Werkzeug.<\/p>","protected":false},"featured_media":1059,"template":"","meta":{"_gspb_post_css":""},"product_brand":[],"product_cat":[29],"product_tag":[],"class_list":{"0":"post-1055","1":"product","2":"type-product","3":"status-publish","4":"has-post-thumbnail","6":"product_cat-soccer-goal","8":"first","9":"instock","10":"shipping-taxable","11":"product-type-simple"},"_links":{"self":[{"href":"https:\/\/fsportsnet.com\/de\/wp-json\/wp\/v2\/product\/1055","targetHints":{"allow":["GET"]}}],"collection":[{"href":"https:\/\/fsportsnet.com\/de\/wp-json\/wp\/v2\/product"}],"about":[{"href":"https:\/\/fsportsnet.com\/de\/wp-json\/wp\/v2\/types\/product"}],"wp:featuredmedia":[{"embeddable":true,"href":"https:\/\/fsportsnet.com\/de\/wp-json\/wp\/v2\/media\/1059"}],"wp:attachment":[{"href":"https:\/\/fsportsnet.com\/de\/wp-json\/wp\/v2\/media?parent=1055"}],"wp:term":[{"taxonomy":"product_brand","embeddable":true,"href":"https:\/\/fsportsnet.com\/de\/wp-json\/wp\/v2\/product_brand?post=1055"},{"taxonomy":"product_cat","embeddable":true,"href":"https:\/\/fsportsnet.com\/de\/wp-json\/wp\/v2\/product_cat?post=1055"},{"taxonomy":"product_tag","embeddable":true,"href":"https:\/\/fsportsnet.com\/de\/wp-json\/wp\/v2\/product_tag?post=1055"}],"curies":[{"name":"wp","href":"https:\/\/api.w.org\/{rel}","templated":true}]}}