{"id":1065,"date":"2023-04-17T13:37:51","date_gmt":"2023-04-17T05:37:51","guid":{"rendered":"https:\/\/fsportsnet.com\/?post_type=product&#038;p=1065"},"modified":"2023-04-17T13:50:44","modified_gmt":"2023-04-17T05:50:44","slug":"soccer-goals-for-backyard-kids-portable-soccer-net","status":"publish","type":"product","link":"https:\/\/fsportsnet.com\/de\/product\/soccer-goals-for-backyard-kids-portable-soccer-net\/","title":{"rendered":"Fu\u00dfballtore f\u00fcr Hinterhof Kinder Portable Fu\u00dfballnetz"},"content":{"rendered":"<p>\u26bd\u3010Product Includes\u3011Das Fu\u00dfballnetz-Set beinhaltet 1 Netz, 4 Bodenn\u00e4gel, 22 achtf\u00f6rmige Schnallen &amp; eine Installationsanleitung.<br \/>\n\u26bd\u3010Installationstipps\u3011Finden Sie zuerst die zwei roten Markierungen auf der Oberseite des Netzes vor der Installation, die oben auf dem Ballrahmen installiert ist. Dar\u00fcber hinaus k\u00f6nnen Sie zuerst die beiden Seiten der Struktur des Ballrahmens installieren, und schlie\u00dflich den mittleren Teil verbinden, was mehr Zeit sehr schnell spart.<br \/>\n\u26bd\u3010Exzellentes Design\u3011Das Fu\u00dfballnetz ist aus Polyester-Material hergestellt, das verschlei\u00dffester ist. Der Durchmesser des Fu\u00dfballtors ist 40mm und die Dicke des Kunststoffs ist 1,3mm, die drau\u00dfen das ganze Jahr \u00fcber platziert werden kann, ohne Angst vor dem Wind und der Sonne zu haben. Das Design der acht-f\u00f6rmigen Schnalle kann die Elastizit\u00e4t der Kinder Fu\u00dfballtore einstellbar machen, die Bodenverst\u00e4rkung Design und die J-f\u00f6rmigen Bodenn\u00e4gel erm\u00f6glichen Ihrem Kind, Fu\u00dfball freier zu spielen.<br \/>\n\u26bd\u3010Easy to Assemble &amp; Portable\u3011Unsere Kinder Fu\u00dfballtore f\u00fcr den Hinterhof und kommt mit einer Installationsanleitung, so dass auch ein Kind leicht bewegen und montieren und demontieren das Fu\u00dfballnetz in effektiver Zeit getan, keine zus\u00e4tzliche Zeit verschwendet wird, und es kann schnell in die Unterhaltung integriert werden.<br \/>\n\u26bd\u3010Practice Skills &amp; Entertainment\u3011Dieser Sport kann eine gute M\u00f6glichkeit sein, die Kommunikation zwischen Kindern und ihren Familien zu f\u00f6rdern. Die Fu\u00dfballtore f\u00fcr den Hinterhof k\u00f6nnen die Kraft des ganzen K\u00f6rpers des Kindes mobilisieren, um die Koordination des K\u00f6rpers zu erh\u00f6hen. Lassen Sie die Kinder gute Noten bekommen, w\u00e4hrend sie den psychologischen Druck in den wettbewerbsorientierten Wettbewerben in der Schule angemessen entlasten. Das Fu\u00dfballnetz ist einfach zu installieren und ist ein Unterhaltungsprojekt, das f\u00fcr Erwachsene und Kinder sehr geeignet ist.<br \/>\n\u26bd\u3010A Wide Range of Scenarios\u3011Dieses Fu\u00dfballnetz f\u00fcr den Hinterhof ist perfekt f\u00fcr Kinder, Jugendliche und Erwachsene im Freien. Das tragbare Fu\u00dfballtor erm\u00f6glicht es Ihrem Kind, es sicher auf dem Schulhof, beim Sport im Freien, bei der Erholung am Strand, im Hinterhof und bei professionellen Spielen zu verwenden. Fu\u00dfballnetz sind beste Freunde f\u00fcr Kinder Fu\u00dfballtraining und kann ein gro\u00dfer Urlaub und Geburtstag Geschenk Option sein.<\/p>","protected":false},"excerpt":{"rendered":"<p>Dieses 6\u2032 x 4\u2032 gro\u00dfe Jugendfu\u00dfballtor ist das perfekte Werkzeug, um die grundlegenden Fu\u00dfballf\u00e4higkeiten im Garten zu verbessern. Dieses Tor ist aus robustem Stahlrohr gefertigt und verf\u00fcgt \u00fcber eine Schnappverschluss-Technologie, die neu renoviert wurde, um eine erstklassige Haltbarkeit zu bieten, die einem echten Fu\u00dfball standh\u00e4lt. Es l\u00e4sst sich schnell aufstellen, verf\u00fcgt \u00fcber ein Allwetter-Netz und l\u00e4sst sich zur einfachen Aufbewahrung flach zusammenlegen. Die mitgelieferten Metallpfl\u00f6cke dienen zur Verankerung des Ger\u00e4ts gegen kr\u00e4ftige Sch\u00fcsse.Eigenschaften: Abmessungen: 6\u2032 Breite x 4\u2032 H\u00f6he Leichter Rahmen f\u00fcr einfaches Aufstellen. Metallbodenpf\u00e4hle verankern das Tor auf dem Spielfeld. Der Torrahmen l\u00e4sst sich f\u00fcr eine einfache und kompakte Aufbewahrung flach zusammenlegen. Montage ohne Werkzeug.<\/p>","protected":false},"featured_media":1060,"template":"","meta":{"_gspb_post_css":""},"product_brand":[],"product_cat":[29],"product_tag":[],"class_list":{"0":"post-1065","1":"product","2":"type-product","3":"status-publish","4":"has-post-thumbnail","6":"product_cat-soccer-goal","8":"first","9":"instock","10":"shipping-taxable","11":"product-type-simple"},"_links":{"self":[{"href":"https:\/\/fsportsnet.com\/de\/wp-json\/wp\/v2\/product\/1065","targetHints":{"allow":["GET"]}}],"collection":[{"href":"https:\/\/fsportsnet.com\/de\/wp-json\/wp\/v2\/product"}],"about":[{"href":"https:\/\/fsportsnet.com\/de\/wp-json\/wp\/v2\/types\/product"}],"wp:featuredmedia":[{"embeddable":true,"href":"https:\/\/fsportsnet.com\/de\/wp-json\/wp\/v2\/media\/1060"}],"wp:attachment":[{"href":"https:\/\/fsportsnet.com\/de\/wp-json\/wp\/v2\/media?parent=1065"}],"wp:term":[{"taxonomy":"product_brand","embeddable":true,"href":"https:\/\/fsportsnet.com\/de\/wp-json\/wp\/v2\/product_brand?post=1065"},{"taxonomy":"product_cat","embeddable":true,"href":"https:\/\/fsportsnet.com\/de\/wp-json\/wp\/v2\/product_cat?post=1065"},{"taxonomy":"product_tag","embeddable":true,"href":"https:\/\/fsportsnet.com\/de\/wp-json\/wp\/v2\/product_tag?post=1065"}],"curies":[{"name":"wp","href":"https:\/\/api.w.org\/{rel}","templated":true}]}}