{"id":1066,"date":"2023-04-17T13:50:53","date_gmt":"2023-04-17T05:50:53","guid":{"rendered":"https:\/\/fsportsnet.com\/?post_type=product&#038;p=1066"},"modified":"2025-02-15T15:53:32","modified_gmt":"2025-02-15T07:53:32","slug":"goalshot-soccer-goal-target-training-aide-for-scoring-and-finishing","status":"publish","type":"product","link":"https:\/\/fsportsnet.com\/de\/product\/goalshot-soccer-goal-target-training-aide-for-scoring-and-finishing\/","title":{"rendered":"Goalshot Fu\u00dfballtor Ziel Training Hilfsmittel f\u00fcr Scoring und Abschluss"},"content":{"rendered":"<p>VISUALISIEREN SIE DAS TOR. Goal Shot leistet, was Kegel, Zielscheiben und Ersatztorh\u00fcter nicht k\u00f6nnen: Es schafft eine visuelle Fokussierung auf die spezifischen Zonen, in denen die Spieler mit viermal h\u00f6herer Wahrscheinlichkeit ein Tor erzielen.<br \/>\nSPIELER IN DIE ZONE BRINGEN. Unterst\u00fctzt durch Forschung und getestet von Athleten. Der Goal Shot zeigt die vier Torzonen, in denen Torh\u00fcter aus den Top-Ligen des Fu\u00dfballs getroffen werden.<br \/>\nLEHNT ALLES ANDERE ALS DAS BESTE AB. Die Trefferzonen von Goal Shot zwingen die Spieler, ihre Sch\u00fcsse zu visualisieren. Es blockiert automatisch Sch\u00fcsse, die au\u00dferhalb der festgelegten Trefferzonen liegen.<br \/>\nMEHR ZEIT MIT DEM BALL. Der Goal Shot passt in den Rahmen jedes Fu\u00dfballtores, l\u00e4sst sich in wenigen Minuten aufbauen, schnell abbauen und in seiner eigenen Tragetasche verstauen.<br \/>\nINVESTIEREN SIE IN SICH SELBST. Eine Investition in hochwertige Sportausr\u00fcstung bedeutet eine Investition in Ihr Training und Ihre sportlichen Ziele. Bringen Sie Ihr Fu\u00dfballtraining mit dem Goal Shot auf die n\u00e4chste Stufe.<\/p>","protected":false},"excerpt":{"rendered":"<p>TLIFETIME GARANTIE - Dieses Premium-Fu\u00dfballzielnetz ist f\u00fcr eine lange Lebensdauer ausgelegt. Starke Mesh-Netz kann Ihren besten Schuss bei jedem Wetter zu nehmen. Langlebige \u00d6senringe verhindern Risse an den R\u00e4ndern. Bungee-Schn\u00fcre sorgen f\u00fcr Flexibilit\u00e4t bei harten Treffern. Wenn das Netz kaputt geht, halten wir uns an unser Kick It Versprechen und schicken Ihnen ein neues.<br \/>\nTRAINIEREN SIE WIE EIN PRO - Verbessern Sie Ihre Genauigkeit und Pr\u00e4zision, indem Sie Ihre Sch\u00fcsse in die Ecken lenken, wo der Torwart sie nicht abwehren kann. Ideal f\u00fcr das Einzeltraining, wenn Sie keinen Mannschaftskameraden haben, mit dem Sie trainieren k\u00f6nnen. Auch ideal f\u00fcr Mannschafts\u00fcbungen, da man schnell ein Tor erzielen kann, ohne darauf warten zu m\u00fcssen, dass der Torwart zur\u00fccksetzt. Wiederholungen f\u00f6rdern das Muskelged\u00e4chtnis!<\/p>","protected":false},"featured_media":1068,"template":"","meta":{"_gspb_post_css":""},"product_brand":[],"product_cat":[29],"product_tag":[],"class_list":{"0":"post-1066","1":"product","2":"type-product","3":"status-publish","4":"has-post-thumbnail","6":"product_cat-soccer-goal","8":"first","9":"instock","10":"shipping-taxable","11":"product-type-simple"},"_links":{"self":[{"href":"https:\/\/fsportsnet.com\/de\/wp-json\/wp\/v2\/product\/1066","targetHints":{"allow":["GET"]}}],"collection":[{"href":"https:\/\/fsportsnet.com\/de\/wp-json\/wp\/v2\/product"}],"about":[{"href":"https:\/\/fsportsnet.com\/de\/wp-json\/wp\/v2\/types\/product"}],"wp:featuredmedia":[{"embeddable":true,"href":"https:\/\/fsportsnet.com\/de\/wp-json\/wp\/v2\/media\/1068"}],"wp:attachment":[{"href":"https:\/\/fsportsnet.com\/de\/wp-json\/wp\/v2\/media?parent=1066"}],"wp:term":[{"taxonomy":"product_brand","embeddable":true,"href":"https:\/\/fsportsnet.com\/de\/wp-json\/wp\/v2\/product_brand?post=1066"},{"taxonomy":"product_cat","embeddable":true,"href":"https:\/\/fsportsnet.com\/de\/wp-json\/wp\/v2\/product_cat?post=1066"},{"taxonomy":"product_tag","embeddable":true,"href":"https:\/\/fsportsnet.com\/de\/wp-json\/wp\/v2\/product_tag?post=1066"}],"curies":[{"name":"wp","href":"https:\/\/api.w.org\/{rel}","templated":true}]}}