{"id":1097,"date":"2023-04-17T14:49:43","date_gmt":"2023-04-17T06:49:43","guid":{"rendered":"https:\/\/fsportsnet.com\/?post_type=product&#038;p=1097"},"modified":"2023-04-17T14:56:49","modified_gmt":"2023-04-17T06:56:49","slug":"basics-pop-up-soccer-goal-net-set-with-carrying-case","status":"publish","type":"product","link":"https:\/\/fsportsnet.com\/de\/product\/basics-pop-up-soccer-goal-net-set-with-carrying-case\/","title":{"rendered":"Basics Pop-Up Fu\u00dfballtor-Set mit Tragetasche"},"content":{"rendered":"<p>Tragbare Pop-up-Fu\u00dfballtore f\u00fcr den Einsatz im Freien; ideale Gr\u00f6\u00dfe f\u00fcr Kinder und Jugendliche; sicher f\u00fcr Spieler ab 3 Jahren<br \/>\nEnth\u00e4lt (2) 4-Fu\u00df-blaue Fu\u00dfballtornetze, Erdn\u00e4gel und Tragetasche<br \/>\nSolide Glasfaserstangen f\u00fcr leichtes Gewicht und stabile Leistung; verst\u00e4rktes Oxford-Gewebe und Netz f\u00fcr dauerhafte St\u00e4rke<br \/>\nEntfaltet sich mit einer einfachen Drehung zum \u00d6ffnen f\u00fcr einen schnellen Aufbau; kein Werkzeug erforderlich; Pf\u00e4hle sollten nur in weichem Boden verwendet werden<br \/>\nHINWEIS: Nicht f\u00fcr schnelle, intensive Sch\u00fcsse ins Netz gedacht, sondern um den Ball im Garten zum Spa\u00df oder zum Training zu kicken.<\/p>","protected":false},"excerpt":{"rendered":"<p>Enth\u00e4lt einen Satz von 2 tragbaren Pop-up-Fu\u00dfballtoren mit 3 befestigten Bodenpf\u00e4hlen pro Tor und eine Transporttasche<br \/>\nKein Zusammenbau erforderlich - in Sekundenschnelle spielbereit! Einfach aufdrehen, um sofort spielen zu k\u00f6nnen, und dann flach zusammenlegen, um es kompakt zu lagern und in der mitgelieferten Tragetasche zu transportieren<br \/>\nNeuer, unzerst\u00f6rbarer Rahmen mit einem ultra-reflektierenden, wetterfesten Netz f\u00fcr jahrelangen Spielspa\u00df.<br \/>\nPerfekt f\u00fcr Spieler und Teams aller Alters- und Leistungsstufen - Jugendliche, Teenager und Erwachsene<br \/>\nIdeal f\u00fcr Training, Scrimmages, Turniere, Einzelspiele, 3v3, Geschicklichkeitstraining, Vereine, Mannschaften, Spiele im Garten, im Park, auf dem Feld, am Strand oder wo immer das Spiel dich hinf\u00fchrt!<\/p>","protected":false},"featured_media":1072,"template":"","meta":{"_gspb_post_css":""},"product_brand":[],"product_cat":[29],"product_tag":[],"class_list":{"0":"post-1097","1":"product","2":"type-product","3":"status-publish","4":"has-post-thumbnail","6":"product_cat-soccer-goal","8":"first","9":"instock","10":"shipping-taxable","11":"product-type-simple"},"_links":{"self":[{"href":"https:\/\/fsportsnet.com\/de\/wp-json\/wp\/v2\/product\/1097","targetHints":{"allow":["GET"]}}],"collection":[{"href":"https:\/\/fsportsnet.com\/de\/wp-json\/wp\/v2\/product"}],"about":[{"href":"https:\/\/fsportsnet.com\/de\/wp-json\/wp\/v2\/types\/product"}],"wp:featuredmedia":[{"embeddable":true,"href":"https:\/\/fsportsnet.com\/de\/wp-json\/wp\/v2\/media\/1072"}],"wp:attachment":[{"href":"https:\/\/fsportsnet.com\/de\/wp-json\/wp\/v2\/media?parent=1097"}],"wp:term":[{"taxonomy":"product_brand","embeddable":true,"href":"https:\/\/fsportsnet.com\/de\/wp-json\/wp\/v2\/product_brand?post=1097"},{"taxonomy":"product_cat","embeddable":true,"href":"https:\/\/fsportsnet.com\/de\/wp-json\/wp\/v2\/product_cat?post=1097"},{"taxonomy":"product_tag","embeddable":true,"href":"https:\/\/fsportsnet.com\/de\/wp-json\/wp\/v2\/product_tag?post=1097"}],"curies":[{"name":"wp","href":"https:\/\/api.w.org\/{rel}","templated":true}]}}