{"id":1098,"date":"2023-04-17T14:57:00","date_gmt":"2023-04-17T06:57:00","guid":{"rendered":"https:\/\/fsportsnet.com\/?post_type=product&#038;p=1098"},"modified":"2023-04-17T15:02:41","modified_gmt":"2023-04-17T07:02:41","slug":"portable-soccer-goal-instant-pop-up-net-backyard-kids","status":"publish","type":"product","link":"https:\/\/fsportsnet.com\/de\/product\/portable-soccer-goal-instant-pop-up-net-backyard-kids\/","title":{"rendered":"Tragbares Fu\u00dfballtor Instant Pop up Netz Hinterhof Kinder"},"content":{"rendered":"<ul class=\"a-unordered-list a-vertical a-spacing-mini\">\n<li><span class=\"a-list-item\">Der Spa\u00df h\u00f6rt nie auf - das Kinder-Fu\u00dfballtor von Fsports ist die ultimative Aktivit\u00e4t im Garten f\u00fcr die ganze Familie! Mit ihrem robusten und praktischen Design erm\u00f6glichen diese Fu\u00dfballnetze es Ihnen, Ihr eigenes Spielfeld zu schaffen, auf dem die Kleinen herumlaufen und Spa\u00df haben k\u00f6nnen, fernab von Bildschirmen und Fernsehen.<\/span><\/li>\n<li><span class=\"a-list-item\">Praktisch zum Einpacken und Spielen - Zu jeder Bestellung geh\u00f6ren auch 8 Bodenn\u00e4gel aus rostfreiem Stahl, um die Netze an ihrem Platz zu halten, eine leicht verst\u00e4ndliche, mit Fotos illustrierte Aufbauanleitung und eine tragbare Aufbewahrungstasche, damit Sie sie \u00fcberallhin mitnehmen k\u00f6nnen.<\/span><\/li>\n<li><span class=\"a-list-item\">Super haltbar, jahrelang haltbar - Die Mini-Fu\u00dfballtore verf\u00fcgen \u00fcber ein robustes und extra starkes Netz aus haltbarem Dacron, das auch durch harte Sch\u00fcsse nicht besch\u00e4digt wird. Das Netz kann sogar die st\u00e4rksten Sch\u00fcsse aushalten, ohne zu brechen oder zu rei\u00dfen.<\/span><\/li>\n<li><span class=\"a-list-item\">Perfekte tragbare Gr\u00f6\u00dfe f\u00fcr Kinder &amp; Jugendliche - Jedes Fu\u00dfballtornetz misst 4\u2019 x 3\u2019 x 3\u2019 und bietet damit viel Platz zum \u00dcben verschiedener Sch\u00fcsse, ohne zu viel Platz einzunehmen.<\/span><\/li>\n<\/ul>","protected":false},"excerpt":{"rendered":"<p>Kein Zusammenbau erforderlich - in Sekundenschnelle spielbereit! Einfach aufdrehen, um sofort spielen zu k\u00f6nnen, und dann flach zusammenlegen, um es kompakt zu lagern und in der mitgelieferten Tragetasche zu transportieren<br \/>\nNeuer, unzerst\u00f6rbarer Rahmen mit einem ultra-reflektierenden, wetterfesten Netz f\u00fcr jahrelangen Spielspa\u00df.<br \/>\nPerfekt f\u00fcr Spieler und Mannschaften aller Alters- und Leistungsstufen - Jugendliche, Teenager und Erwachsene.<br \/>\nIdeal f\u00fcr Training, Scrimmages, Turniere, Einzelspiele, 3v3, Geschicklichkeitstraining, Vereine, Mannschaften, Spiele im Garten, im Park, auf dem Feld, am Strand oder wo immer das Spiel dich hinf\u00fchrt!<\/p>","protected":false},"featured_media":1092,"template":"","meta":{"_gspb_post_css":""},"product_brand":[],"product_cat":[29],"product_tag":[],"class_list":{"0":"post-1098","1":"product","2":"type-product","3":"status-publish","4":"has-post-thumbnail","6":"product_cat-soccer-goal","8":"first","9":"instock","10":"shipping-taxable","11":"product-type-simple"},"_links":{"self":[{"href":"https:\/\/fsportsnet.com\/de\/wp-json\/wp\/v2\/product\/1098","targetHints":{"allow":["GET"]}}],"collection":[{"href":"https:\/\/fsportsnet.com\/de\/wp-json\/wp\/v2\/product"}],"about":[{"href":"https:\/\/fsportsnet.com\/de\/wp-json\/wp\/v2\/types\/product"}],"wp:featuredmedia":[{"embeddable":true,"href":"https:\/\/fsportsnet.com\/de\/wp-json\/wp\/v2\/media\/1092"}],"wp:attachment":[{"href":"https:\/\/fsportsnet.com\/de\/wp-json\/wp\/v2\/media?parent=1098"}],"wp:term":[{"taxonomy":"product_brand","embeddable":true,"href":"https:\/\/fsportsnet.com\/de\/wp-json\/wp\/v2\/product_brand?post=1098"},{"taxonomy":"product_cat","embeddable":true,"href":"https:\/\/fsportsnet.com\/de\/wp-json\/wp\/v2\/product_cat?post=1098"},{"taxonomy":"product_tag","embeddable":true,"href":"https:\/\/fsportsnet.com\/de\/wp-json\/wp\/v2\/product_tag?post=1098"}],"curies":[{"name":"wp","href":"https:\/\/api.w.org\/{rel}","templated":true}]}}