{"id":1099,"date":"2023-04-17T15:02:51","date_gmt":"2023-04-17T07:02:51","guid":{"rendered":"https:\/\/fsportsnet.com\/?post_type=product&#038;p=1099"},"modified":"2023-04-17T15:10:19","modified_gmt":"2023-04-17T07:10:19","slug":"portable-soccer-goal-net-set-pop-up-training-soccer-goals","status":"publish","type":"product","link":"https:\/\/fsportsnet.com\/de\/product\/portable-soccer-goal-net-set-pop-up-training-soccer-goals\/","title":{"rendered":"Tragbares Fu\u00dfballtor Netz Set Pop Up Training Fu\u00dfballtore"},"content":{"rendered":"<ul class=\"a-unordered-list a-vertical a-spacing-mini\">\n<li>FUSSBALL ZUM MITNEHMEN: Leichte, tragbare und zusammenklappbare Fu\u00dfballtore - perfekt f\u00fcr spontane Fu\u00dfballspiele \u00fcberall! Einfache Pop-up montieren f\u00fcr ein schnelles Spiel oder Praxis und kann dann kompakt in der Tragetasche gespeichert werden.<br \/>\nPRAXIS UND FREIZEITNUTZUNG: Das perfekte tragbare Pop-up-Fu\u00dfballnetz-Set f\u00fcr das Training, das \u00dcben von \u00dcbungen oder ein lustiges Fu\u00dfballspiel mit Freunden im Hinterhof, im Park oder sogar am Strand! Bringen Sie Ihr Spiel auf die n\u00e4chste Stufe mit diesem Fu\u00dfballtor-Set.<br \/>\nINKLUSIVE: Zwei 4\u2032 x 32\u2033 Fu\u00df Pop-up-Fu\u00dfballtore, strapazierf\u00e4hige Stahlpf\u00e4hle und eine kompakte Tragetasche. Empfohlen, mit Regel Fu\u00dfball B\u00e4lle oder Kinder Training Fu\u00dfball B\u00e4lle gespielt werden.<br \/>\n100% ZUFRIEDENHEITSGARANTIE: FSports h\u00f6rt auf Ihr Feedback und lernt daraus, um hochwertige Spielzimmerausr\u00fcstung f\u00fcr Kinder und Erwachsene zu entwickeln. Wenn Sie nicht 100% zufrieden sind oder Produktvorschl\u00e4ge haben, steht Ihnen unser Kundenservice-Team zur Verf\u00fcgung.<br \/>\nFSports - BRINGING FAMILY AND FRIENDS TOGETHER: Als ein in China ans\u00e4ssiges Unternehmen bringt FSports neue Innovationen f\u00fcr das Spielen drinnen und drau\u00dfen auf den Markt, indem es erschwingliche, qualitativ hochwertige Sport-, Rasen-, Heckklappen-, Karnevals- und Spielraumspiele auf den Markt bringt.<\/li>\n<\/ul>","protected":false},"excerpt":{"rendered":"<p>Kein Zusammenbau erforderlich - in Sekundenschnelle spielbereit! Einfach aufdrehen, um sofort spielen zu k\u00f6nnen, und dann flach zusammenlegen, um es kompakt zu lagern und in der mitgelieferten Tragetasche zu transportieren<br \/>\nNeuer, unzerst\u00f6rbarer Rahmen mit einem ultra-reflektierenden, wetterfesten Netz f\u00fcr jahrelangen Spielspa\u00df.<br \/>\nPerfekt f\u00fcr Spieler und Mannschaften aller Alters- und Leistungsstufen - Jugendliche, Teenager und Erwachsene.<br \/>\nIdeal f\u00fcr Training, Scrimmages, Turniere, Einzelspiele, 3v3, Geschicklichkeitstraining, Vereine, Mannschaften, Spiele im Garten, im Park, auf dem Feld, am Strand oder wo immer das Spiel dich hinf\u00fchrt!<\/p>","protected":false},"featured_media":1090,"template":"","meta":{"_gspb_post_css":""},"product_brand":[],"product_cat":[29],"product_tag":[],"class_list":{"0":"post-1099","1":"product","2":"type-product","3":"status-publish","4":"has-post-thumbnail","6":"product_cat-soccer-goal","8":"first","9":"instock","10":"shipping-taxable","11":"product-type-simple"},"_links":{"self":[{"href":"https:\/\/fsportsnet.com\/de\/wp-json\/wp\/v2\/product\/1099","targetHints":{"allow":["GET"]}}],"collection":[{"href":"https:\/\/fsportsnet.com\/de\/wp-json\/wp\/v2\/product"}],"about":[{"href":"https:\/\/fsportsnet.com\/de\/wp-json\/wp\/v2\/types\/product"}],"wp:featuredmedia":[{"embeddable":true,"href":"https:\/\/fsportsnet.com\/de\/wp-json\/wp\/v2\/media\/1090"}],"wp:attachment":[{"href":"https:\/\/fsportsnet.com\/de\/wp-json\/wp\/v2\/media?parent=1099"}],"wp:term":[{"taxonomy":"product_brand","embeddable":true,"href":"https:\/\/fsportsnet.com\/de\/wp-json\/wp\/v2\/product_brand?post=1099"},{"taxonomy":"product_cat","embeddable":true,"href":"https:\/\/fsportsnet.com\/de\/wp-json\/wp\/v2\/product_cat?post=1099"},{"taxonomy":"product_tag","embeddable":true,"href":"https:\/\/fsportsnet.com\/de\/wp-json\/wp\/v2\/product_tag?post=1099"}],"curies":[{"name":"wp","href":"https:\/\/api.w.org\/{rel}","templated":true}]}}