{"id":1100,"date":"2023-04-17T15:10:31","date_gmt":"2023-04-17T07:10:31","guid":{"rendered":"https:\/\/fsportsnet.com\/?post_type=product&#038;p=1100"},"modified":"2023-04-17T15:24:45","modified_gmt":"2023-04-17T07:24:45","slug":"2-in-1-pop-up-kids-soccer-goal-foldable-portable-football-goal","status":"publish","type":"product","link":"https:\/\/fsportsnet.com\/de\/product\/2-in-1-pop-up-kids-soccer-goal-foldable-portable-football-goal\/","title":{"rendered":"2 in 1 Pop Up Kinder-Fu\u00dfballtor faltbar tragbares Fu\u00dfballtor"},"content":{"rendered":"<ul class=\"a-unordered-list a-vertical a-spacing-mini\">\n<li>Multifunktionales Tor: 2 in 1 Design (Dual-Use Fu\u00dfballtor), eine Seite ist normales Tor, nicht nur f\u00fcr Fu\u00dfball, Fu\u00dfball, sondern auch f\u00fcr Baseball, Hockey und mehr. Die andere Seite hat 5 Zielbereiche f\u00fcr die Genauigkeit des Schie\u00dfens Ecken. 2 in 1 Fu\u00dfballnetz kann die Grundlagen des Fu\u00dfballs lernen, die motorischen F\u00e4higkeiten zu verbessern, perfekte Geschenk f\u00fcr Kinder.<br \/>\nBenutzerfreundlichkeit: Aufstellma\u00df: 120*81*81 cm, zusammengeklappt: 16\u2033*16\u2033. Sparen Sie mehr Platz zu tragen durch unsere kostenlose runde Aufbewahrungstasche. Sofortige Pop-up-Design und Entfernung ohne Werkzeug. Leicht und einfach zu tragen, ist es in 13ft Tragetasche mit 1,9 Pfund verpackt. Faltbar und in einer Sekunde zu l\u00f6sen, starten Sie Ihr Training \/ Praxis in Sekunden mit Pop-up-Design.<br \/>\nLanglebiges Material: Unser Fu\u00dfballtor ist aus hochwertigem 210D Oxford-Gewebe, rei\u00dffest, leicht zu reinigen und viel haltbarer.Mit den speziellen N\u00e4geln f\u00fcr das Gras kann die Gesamtstruktur des Fu\u00dfballtors st\u00e4rker machen, mehr Freude, weniger Sorgen.<br \/>\nNettes Geschenk f\u00fcr Kinder: Nettes Geschenk f\u00fcr Kinder, die an Sport interessiert sind. Spielen Fu\u00dfballspiel bringt nicht nur Gl\u00fcck f\u00fcr Kinder, sondern hilft auch, ihre Teamgeist und soziale F\u00e4higkeiten zu entwickeln.<\/li>\n<\/ul>","protected":false},"excerpt":{"rendered":"<p>Kein Zusammenbau erforderlich - in Sekundenschnelle spielbereit! Einfach aufdrehen, um sofort spielen zu k\u00f6nnen, und dann flach zusammenlegen, um es kompakt zu lagern und in der mitgelieferten Tragetasche zu transportieren<br \/>\nNeuer, unzerst\u00f6rbarer Rahmen mit einem ultra-reflektierenden, wetterfesten Netz f\u00fcr jahrelangen Spielspa\u00df.<br \/>\nPerfekt f\u00fcr Spieler und Mannschaften aller Alters- und Leistungsstufen - Jugendliche, Teenager und Erwachsene.<br \/>\nIdeal f\u00fcr Training, Scrimmages, Turniere, Einzelspiele, 3v3, Geschicklichkeitstraining, Vereine, Mannschaften, Spiele im Garten, im Park, auf dem Feld, am Strand oder wo immer das Spiel dich hinf\u00fchrt!<\/p>","protected":false},"featured_media":1076,"template":"","meta":{"_gspb_post_css":""},"product_brand":[],"product_cat":[29],"product_tag":[],"class_list":{"0":"post-1100","1":"product","2":"type-product","3":"status-publish","4":"has-post-thumbnail","6":"product_cat-soccer-goal","8":"first","9":"instock","10":"shipping-taxable","11":"product-type-simple"},"_links":{"self":[{"href":"https:\/\/fsportsnet.com\/de\/wp-json\/wp\/v2\/product\/1100","targetHints":{"allow":["GET"]}}],"collection":[{"href":"https:\/\/fsportsnet.com\/de\/wp-json\/wp\/v2\/product"}],"about":[{"href":"https:\/\/fsportsnet.com\/de\/wp-json\/wp\/v2\/types\/product"}],"wp:featuredmedia":[{"embeddable":true,"href":"https:\/\/fsportsnet.com\/de\/wp-json\/wp\/v2\/media\/1076"}],"wp:attachment":[{"href":"https:\/\/fsportsnet.com\/de\/wp-json\/wp\/v2\/media?parent=1100"}],"wp:term":[{"taxonomy":"product_brand","embeddable":true,"href":"https:\/\/fsportsnet.com\/de\/wp-json\/wp\/v2\/product_brand?post=1100"},{"taxonomy":"product_cat","embeddable":true,"href":"https:\/\/fsportsnet.com\/de\/wp-json\/wp\/v2\/product_cat?post=1100"},{"taxonomy":"product_tag","embeddable":true,"href":"https:\/\/fsportsnet.com\/de\/wp-json\/wp\/v2\/product_tag?post=1100"}],"curies":[{"name":"wp","href":"https:\/\/api.w.org\/{rel}","templated":true}]}}