{"id":1103,"date":"2023-04-17T16:06:32","date_gmt":"2023-04-17T08:06:32","guid":{"rendered":"https:\/\/fsportsnet.com\/?post_type=product&#038;p=1103"},"modified":"2023-04-17T16:06:33","modified_gmt":"2023-04-17T08:06:33","slug":"pickleball-nets-portable-outdoor-22-ft-pickleball-net-usapa-regulation-size","status":"publish","type":"product","link":"https:\/\/fsportsnet.com\/de\/product\/pickleball-nets-portable-outdoor-22-ft-pickleball-net-usapa-regulation-size\/","title":{"rendered":"Pickleball Netze Portable Outdoor 22 FT Pickleball Netz USAPA Regelung Gr\u00f6\u00dfe"},"content":{"rendered":"<p>1. Gr\u00f6\u00dfe: 22\u2032 x 36\u201d, Mittelh\u00f6he 34\u201d<br \/>\n2. Netz: 5 Lagen 1,75\u201d Polyester, ungeknotetes Netz<br \/>\n3. Rundes Stahlrohr: 1\u201d dia 1.0mm Dicke Metallrohr<br \/>\n4. Quadratisches Stahlrohr: 1\u00d72\u201d Durchmesser, 1,0m dick<br \/>\n5. Stange: \u03a612.7mm solides schwarzes Fiberglas<br \/>\n6. \u00c4rmel: 600D<br \/>\n6. Tasche: 600D Oxford &amp; PVC-Gewebe<br \/>\n7. Verpacken: Jedes St\u00fcck in einem K=K-Karton, 94x24x14cm,<br \/>\n8. G.W 9.9kg<\/p>\n<p>\ud83c\udfbeSTARK. KEIN RUSTEN. EINFACHE NETZEINSTELLUNG. KEIN KNICKEN. Verst\u00e4rkter Metallrahmen, um das Netz auch bei starkem Wind stabil zu halten. Rostfreier pulverbeschichteter Stahlrahmen. KNOTENLOSES NETZ, das sich nicht abnutzt. Leichte Tragetasche. Mit dem Klettverschlussband l\u00e4sst sich das Netz einfach spannen.<br \/>\n\ud83c\udfbeLIGHTWEIGHT AND PORTABLE NET Mit nur 22 lbs ist es einfach, das Netz in der Tragetasche zu transportieren und \u00fcberall mit unserem tragbaren Pickleball-Netzsystem aufzustellen.<br \/>\n\ud83c\udfbeMACHEN SIE AUS ALLEM EINEN PLATZ! Einschlie\u00dflich Innen- und Au\u00dfeneinfahrt und mehr. Unser Pickleball-Netzsatz entspricht der offiziellen Vorschrift Gr\u00f6\u00dfe bei 22 ft breit x 36 Zoll hoch an der Seitenlinie, 34 Zoll hoch in der Mitte.<br \/>\n\ud83c\udfbeEinfache Einrichtung in weniger als 5 Minuten. In nur wenigen Minuten k\u00f6nnen Sie loslegen. Nutzen Sie unsere visuelle Anleitung, um die Einrichtung Schritt f\u00fcr Schritt vorzunehmen.<br \/>\n\ud83c\udfbeWenn Sie mit unserem tragbaren Pickleball-Netz nicht zufrieden sind, k\u00f6nnen Sie es zur\u00fcckgeben und erhalten eine volle R\u00fcckerstattung oder einen Ersatz.<\/p>","protected":false},"excerpt":{"rendered":"<p>Das Sch\u00f6ne an diesem Pickleball-Netz ist, dass es einfach zu montieren, tragbar und dennoch extrem langlebig ist, so dass Sie Pickleball auf jeder ebenen Fl\u00e4che spielen k\u00f6nnen. Die komplett freistehende Struktur ist super einfach zu montieren und wird mit einer strapazierf\u00e4higen 620D Oxford Tragetasche geliefert.Innovatives Upgrade Gummiboden macht das tragbare Pickleballnetz mehr rutschfest.<\/p>","protected":false},"featured_media":1106,"template":"","meta":{"_gspb_post_css":""},"product_brand":[],"product_cat":[27],"product_tag":[],"class_list":{"0":"post-1103","1":"product","2":"type-product","3":"status-publish","4":"has-post-thumbnail","6":"product_cat-pickleball-net","8":"first","9":"instock","10":"shipping-taxable","11":"product-type-simple"},"_links":{"self":[{"href":"https:\/\/fsportsnet.com\/de\/wp-json\/wp\/v2\/product\/1103","targetHints":{"allow":["GET"]}}],"collection":[{"href":"https:\/\/fsportsnet.com\/de\/wp-json\/wp\/v2\/product"}],"about":[{"href":"https:\/\/fsportsnet.com\/de\/wp-json\/wp\/v2\/types\/product"}],"wp:featuredmedia":[{"embeddable":true,"href":"https:\/\/fsportsnet.com\/de\/wp-json\/wp\/v2\/media\/1106"}],"wp:attachment":[{"href":"https:\/\/fsportsnet.com\/de\/wp-json\/wp\/v2\/media?parent=1103"}],"wp:term":[{"taxonomy":"product_brand","embeddable":true,"href":"https:\/\/fsportsnet.com\/de\/wp-json\/wp\/v2\/product_brand?post=1103"},{"taxonomy":"product_cat","embeddable":true,"href":"https:\/\/fsportsnet.com\/de\/wp-json\/wp\/v2\/product_cat?post=1103"},{"taxonomy":"product_tag","embeddable":true,"href":"https:\/\/fsportsnet.com\/de\/wp-json\/wp\/v2\/product_tag?post=1103"}],"curies":[{"name":"wp","href":"https:\/\/api.w.org\/{rel}","templated":true}]}}