{"id":1136,"date":"2023-04-17T22:29:22","date_gmt":"2023-04-17T14:29:22","guid":{"rendered":"https:\/\/fsportsnet.com\/?post_type=product&#038;p=1136"},"modified":"2023-04-18T14:50:13","modified_gmt":"2023-04-18T06:50:13","slug":"pickleball-2-in-1-regulation-size-portable-net","status":"publish","type":"product","link":"https:\/\/fsportsnet.com\/de\/product\/pickleball-2-in-1-regulation-size-portable-net\/","title":{"rendered":"Tragbares Pickleball-Netz 2-in-1 in Regelgr\u00f6\u00dfe"},"content":{"rendered":"<p>1. Gr\u00f6\u00dfe: 3,0 m<br \/>\n2. Netz: 3 Lagen 1,5\u201d Polyester knotenloses Netz<br \/>\n3. Stahlrohr: \u03c622*0,6mm<br \/>\n4. Tasche: 210D Oxford-Gewebe mit 1pcs LOGO<br \/>\n5. Verpacken: Jedes St\u00fcck in einem K=K-Karton, 88,5x21x12cm<br \/>\n6.G.W 4.2kg, N.W 3.3kg<\/p>\n<p>Das FSports Half Court Net ist das perfekte \u00dcbungsnetz, das in kleinere R\u00e4ume passt, aber gleichzeitig alles bietet, was Sie brauchen, um den Sport zum ersten Mal zu erlernen oder bereits beherrschte F\u00e4higkeiten zu perfektionieren. Das Paket enth\u00e4lt (1) 10 Fu\u00df breites Netz (10ft x 3ft), das aus einer stabilen Stahlmastkonstruktion besteht. Es ist das perfekte Set f\u00fcr den Einstieg in den Sport, l\u00e4sst sich leicht verpacken und transportieren und ist einfach zu montieren! Vielseitig einsetzbar f\u00fcr ein schnelles Pickleball- oder Mini-Tennisspiel!<br \/>\nHALF COURT SIZE (10 Fu\u00df breit) ist perfekt f\u00fcr das Training und \u00dcben des Pickleball-Sports. Dieses Set ist schnell zusammengebaut und kann leicht transportiert werden, wo immer der Pickleball-Sport Sie hinf\u00fchrt!<br \/>\nSTURDY STEEL Netzpfosten sorgen f\u00fcr Stabilit\u00e4t. Komplett montiert ist es 10 Fu\u00df breit und 3 Fu\u00df hoch<br \/>\nMULTI - SPORT - verwenden Sie es, um Ihr Pickleballspiel oder sogar ein Mini-Tennismatch zu perfektionieren!<br \/>\nEINFACHE Montage, EINFACHER Transport!<br \/>\nPERFEKT f\u00fcr schlanke Singles!<\/p>","protected":false},"excerpt":{"rendered":"<p>\u3010Just Enjoy the Upcoming Summer Day\u3011: K\u00f6nnen Sie es nicht erwarten, Ihre schlafenden motorischen Zellen mit Ihrem Lieblings-Pickleball-Sport nach einem langen Winter oder verschneiten Tag zu stimulieren? Packen Sie dieses Pickleball-Netz einfach in die mitgelieferte ger\u00e4umige Tragetasche. Starten Sie Ihr Spiel \u00fcberall, z. B. in der Einfahrt, auf dem Basketballplatz, dem Tennisplatz, in der Sackgasse, im Hinterhof, in der Halle oder auf der Stra\u00dfe. Es ist ein wunderbarer und interessanter Sport f\u00fcr jedermann.<\/p>","protected":false},"featured_media":1120,"template":"","meta":{"_gspb_post_css":""},"product_brand":[],"product_cat":[27],"product_tag":[],"class_list":{"0":"post-1136","1":"product","2":"type-product","3":"status-publish","4":"has-post-thumbnail","6":"product_cat-pickleball-net","8":"first","9":"instock","10":"shipping-taxable","11":"product-type-simple"},"_links":{"self":[{"href":"https:\/\/fsportsnet.com\/de\/wp-json\/wp\/v2\/product\/1136","targetHints":{"allow":["GET"]}}],"collection":[{"href":"https:\/\/fsportsnet.com\/de\/wp-json\/wp\/v2\/product"}],"about":[{"href":"https:\/\/fsportsnet.com\/de\/wp-json\/wp\/v2\/types\/product"}],"wp:featuredmedia":[{"embeddable":true,"href":"https:\/\/fsportsnet.com\/de\/wp-json\/wp\/v2\/media\/1120"}],"wp:attachment":[{"href":"https:\/\/fsportsnet.com\/de\/wp-json\/wp\/v2\/media?parent=1136"}],"wp:term":[{"taxonomy":"product_brand","embeddable":true,"href":"https:\/\/fsportsnet.com\/de\/wp-json\/wp\/v2\/product_brand?post=1136"},{"taxonomy":"product_cat","embeddable":true,"href":"https:\/\/fsportsnet.com\/de\/wp-json\/wp\/v2\/product_cat?post=1136"},{"taxonomy":"product_tag","embeddable":true,"href":"https:\/\/fsportsnet.com\/de\/wp-json\/wp\/v2\/product_tag?post=1136"}],"curies":[{"name":"wp","href":"https:\/\/api.w.org\/{rel}","templated":true}]}}