{"id":1149,"date":"2023-04-18T14:52:46","date_gmt":"2023-04-18T06:52:46","guid":{"rendered":"https:\/\/fsportsnet.com\/?post_type=product&#038;p=1149"},"modified":"2023-04-18T15:26:34","modified_gmt":"2023-04-18T07:26:34","slug":"mini-portable-picklbeall-net-tennis-net-for-driveway-kids-soccer-tennis-net","status":"publish","type":"product","link":"https:\/\/fsportsnet.com\/de\/product\/mini-portable-picklbeall-net-tennis-net-for-driveway-kids-soccer-tennis-net\/","title":{"rendered":"Tragbares Picklbeall Netz USAPA Regulation Size"},"content":{"rendered":"<p>1. Gr\u00f6\u00dfe: 22\u2032 x 36\u201d, Mittelh\u00f6he 34\u201d<br \/>\n2. Netz: 5 Lagen 1,75\u201d Polyester, ungeknotetes Netz<br \/>\n3. Rundes Stahlrohr: 1\u201d dia 1.0mm Dicke Metallrohr<br \/>\n4. Quadratisches Stahlrohr: 1\u00d72\u201d Durchmesser, 1,0m dick<br \/>\n5. Stange: \u03a612.7mm solides schwarzes Fiberglas<br \/>\n6. \u00c4rmel: 600D<br \/>\n7. Tasche: 600D Oxford &amp; PVC-Gewebe<br \/>\n8. Verpacken: Jedes St\u00fcck in einem K=K-Karton, 94x24x14cm<\/p>\n<ul class=\"a-unordered-list a-vertical a-spacing-mini\">\n<li><span class=\"a-list-item\">USAPA-Vorschrift Gr\u00f6\u00dfe\uff1a Das Pickleball-Netz misst 22 Fu\u00df breit. Die Seitenh\u00f6he betr\u00e4gt 36 Zoll und die Mittelh\u00f6he 34 Zoll, was den offiziellen Pickleball-Gr\u00f6\u00dfenvorschriften entspricht.<\/span><\/li>\n<li><span class=\"a-list-item\">Einfach zu montieren\uff1a Das Pickleball-Netz-Set ist in 5 Minuten aufgebaut, kein Montagewerkzeug erforderlich. Einfach mit dem Interlocking-Buckle-System zusammenstecken, um ein superstarkes Pickleball-Netz zu montieren.<\/span><\/li>\n<li><span class=\"a-list-item\">Tragbare Tragetasche: Unsere Pickleball-Netze werden mit einer robusten 600D Oxford-Transporttasche mit Rei\u00dfverschluss geliefert, die einen platzsparenden und bequemen Transport erm\u00f6glicht. Tragetasche Gr\u00f6\u00dfe: 37,4 x 5,5 x 6,7 Zoll.<\/span><\/li>\n<li><span class=\"a-list-item\">Langlebiges Material: Unser St\u00fctzrahmen ist aus Stahl f\u00fcr St\u00e4rke, Robustheit und Haltbarkeit hergestellt.\u00a0<\/span><\/li>\n<\/ul>","protected":false},"excerpt":{"rendered":"<p>Das neue Pickleball-Netz von FSports ist das perfekte \u00dcbungsnetz f\u00fcr den Einsatz im Freien. Genie\u00dfen Sie Pickleball mit diesem leichten, tragbaren Netzsystem, das sich perfekt zum \u00dcben\/Spielen in einer Einfahrt, Sackgasse, einem Keller, einer Garage usw. eignet.<\/p>","protected":false},"featured_media":1130,"template":"","meta":{"_gspb_post_css":""},"product_brand":[],"product_cat":[27],"product_tag":[],"class_list":{"0":"post-1149","1":"product","2":"type-product","3":"status-publish","4":"has-post-thumbnail","6":"product_cat-pickleball-net","8":"first","9":"instock","10":"shipping-taxable","11":"product-type-simple"},"_links":{"self":[{"href":"https:\/\/fsportsnet.com\/de\/wp-json\/wp\/v2\/product\/1149","targetHints":{"allow":["GET"]}}],"collection":[{"href":"https:\/\/fsportsnet.com\/de\/wp-json\/wp\/v2\/product"}],"about":[{"href":"https:\/\/fsportsnet.com\/de\/wp-json\/wp\/v2\/types\/product"}],"wp:featuredmedia":[{"embeddable":true,"href":"https:\/\/fsportsnet.com\/de\/wp-json\/wp\/v2\/media\/1130"}],"wp:attachment":[{"href":"https:\/\/fsportsnet.com\/de\/wp-json\/wp\/v2\/media?parent=1149"}],"wp:term":[{"taxonomy":"product_brand","embeddable":true,"href":"https:\/\/fsportsnet.com\/de\/wp-json\/wp\/v2\/product_brand?post=1149"},{"taxonomy":"product_cat","embeddable":true,"href":"https:\/\/fsportsnet.com\/de\/wp-json\/wp\/v2\/product_cat?post=1149"},{"taxonomy":"product_tag","embeddable":true,"href":"https:\/\/fsportsnet.com\/de\/wp-json\/wp\/v2\/product_tag?post=1149"}],"curies":[{"name":"wp","href":"https:\/\/api.w.org\/{rel}","templated":true}]}}