{"id":1151,"date":"2023-04-18T15:26:44","date_gmt":"2023-04-18T07:26:44","guid":{"rendered":"https:\/\/fsportsnet.com\/?post_type=product&#038;p=1151"},"modified":"2023-04-18T15:37:20","modified_gmt":"2023-04-18T07:37:20","slug":"picklenet-mini-portable-10-feet-long-pickleball-net","status":"publish","type":"product","link":"https:\/\/fsportsnet.com\/de\/product\/picklenet-mini-portable-10-feet-long-pickleball-net\/","title":{"rendered":"Picklenet Mini Tragbares 10-Fu\u00df langes Pickleball-Netz"},"content":{"rendered":"<p>1. Gr\u00f6\u00dfe: 3,0 m<br \/>\n2. Netz: 3 Lagen 1,5\u201d Polyester knotenloses Netz<br \/>\n3. Stahlrohr: \u03c622*0,6mm<br \/>\n4. Tasche: 210D Oxford-Gewebe mit 1pcs LOGO<br \/>\n5. Verpacken: Jedes St\u00fcck in einem K=K-Karton, 88,5x21x12cm<br \/>\n6.G.W 4.2kg, N.W 3.3kg<\/p>\n<p>MINI VERSION: Unser PickleNet Mini ist eine kleinere Version unseres beliebten PickleNet-Systems und hat die regul\u00e4re Pickleball-H\u00f6he von 34\u201d in der Mitte des Netzes.<br \/>\nGR\u00d6SSEN: Mit einer L\u00e4nge von 10 Fu\u00df ist es ein praktisches Netzsystem f\u00fcr den Einsatz auf dem Spielfeld oder in einem kleineren Bereich als normal.<br \/>\nBUILT TO LAST: Auch das PickleNet Mini ist aus unserem hochwertigen, patentierten Ovalrohr gefertigt.<br \/>\n\u00dcBERALL VERWENDBAR: Genie\u00dfen Sie Pickleball mit diesem leichten, tragbaren Netzsystem, das sich perfekt zum \u00dcben\/Spielen in einer Einfahrt, Sackgasse, einem Keller, einer Garage usw. eignet.<\/p>","protected":false},"excerpt":{"rendered":"<p>Das neue Pickleball-Netz von FSports ist das perfekte \u00dcbungsnetz f\u00fcr den Einsatz im Freien. Genie\u00dfen Sie Pickleball mit diesem leichten, tragbaren Netzsystem, das sich perfekt zum \u00dcben\/Spielen in einer Einfahrt, Sackgasse, einem Keller, einer Garage usw. eignet.<\/p>","protected":false},"featured_media":1152,"template":"","meta":{"_gspb_post_css":""},"product_brand":[],"product_cat":[27],"product_tag":[],"class_list":{"0":"post-1151","1":"product","2":"type-product","3":"status-publish","4":"has-post-thumbnail","6":"product_cat-pickleball-net","8":"first","9":"instock","10":"shipping-taxable","11":"product-type-simple"},"_links":{"self":[{"href":"https:\/\/fsportsnet.com\/de\/wp-json\/wp\/v2\/product\/1151","targetHints":{"allow":["GET"]}}],"collection":[{"href":"https:\/\/fsportsnet.com\/de\/wp-json\/wp\/v2\/product"}],"about":[{"href":"https:\/\/fsportsnet.com\/de\/wp-json\/wp\/v2\/types\/product"}],"wp:featuredmedia":[{"embeddable":true,"href":"https:\/\/fsportsnet.com\/de\/wp-json\/wp\/v2\/media\/1152"}],"wp:attachment":[{"href":"https:\/\/fsportsnet.com\/de\/wp-json\/wp\/v2\/media?parent=1151"}],"wp:term":[{"taxonomy":"product_brand","embeddable":true,"href":"https:\/\/fsportsnet.com\/de\/wp-json\/wp\/v2\/product_brand?post=1151"},{"taxonomy":"product_cat","embeddable":true,"href":"https:\/\/fsportsnet.com\/de\/wp-json\/wp\/v2\/product_cat?post=1151"},{"taxonomy":"product_tag","embeddable":true,"href":"https:\/\/fsportsnet.com\/de\/wp-json\/wp\/v2\/product_tag?post=1151"}],"curies":[{"name":"wp","href":"https:\/\/api.w.org\/{rel}","templated":true}]}}