{"id":1153,"date":"2023-04-18T15:37:32","date_gmt":"2023-04-18T07:37:32","guid":{"rendered":"https:\/\/fsportsnet.com\/?post_type=product&#038;p=1153"},"modified":"2023-04-18T15:45:51","modified_gmt":"2023-04-18T07:45:51","slug":"portable-pickle-ball-net-and-practice-net-set-includes-carrying-case","status":"publish","type":"product","link":"https:\/\/fsportsnet.com\/de\/product\/portable-pickle-ball-net-and-practice-net-set-includes-carrying-case\/","title":{"rendered":"Tragbares Pickle-Ball-Netz und \u00dcbungsnetz-Set Inklusive Tragetasche"},"content":{"rendered":"<p>1Gr\u00f6\u00dfe: 10ft, 12ft<br \/>\nMINI VERSION: Unser PickleNet Mini ist eine kleinere Version unseres beliebten PickleNet-Systems und hat die regul\u00e4re Pickleball-H\u00f6he von 34\u201d in der Mitte des Netzes.<br \/>\nGR\u00d6SSEN: Mit einer L\u00e4nge von 10 Fu\u00df ist es ein praktisches Netzsystem f\u00fcr den Einsatz auf dem Spielfeld oder in einem kleineren Bereich als normal.<br \/>\nBUILT TO LAST: Auch das PickleNet Mini ist aus unserem hochwertigen, patentierten Ovalrohr gefertigt.<br \/>\n\u00dcBERALL VERWENDBAR: Genie\u00dfen Sie Pickleball mit diesem leichten, tragbaren Netzsystem, das sich perfekt zum \u00dcben\/Spielen in einer Einfahrt, Sackgasse, einem Keller, einer Garage usw. eignet.<\/p>","protected":false},"excerpt":{"rendered":"<p>Fsports ist Ihre Anlaufstelle f\u00fcr Pickleball- und Tennistraining zu Hause! Jetzt ist es an der Zeit, ein paar tolle \u00dcbungen zu machen und die F\u00e4higkeiten zu verbessern, nach denen du dich sehnst... und das alles, ohne das Haus zu verlassen! Egal, ob du ein Weltklassespieler werden willst, dein Hobby weiterf\u00fchren oder ein neues Spiel ausprobieren m\u00f6chtest, hier bist du richtig!<\/p>","protected":false},"featured_media":1147,"template":"","meta":{"_gspb_post_css":""},"product_brand":[],"product_cat":[27],"product_tag":[],"class_list":{"0":"post-1153","1":"product","2":"type-product","3":"status-publish","4":"has-post-thumbnail","6":"product_cat-pickleball-net","8":"first","9":"instock","10":"shipping-taxable","11":"product-type-simple"},"_links":{"self":[{"href":"https:\/\/fsportsnet.com\/de\/wp-json\/wp\/v2\/product\/1153","targetHints":{"allow":["GET"]}}],"collection":[{"href":"https:\/\/fsportsnet.com\/de\/wp-json\/wp\/v2\/product"}],"about":[{"href":"https:\/\/fsportsnet.com\/de\/wp-json\/wp\/v2\/types\/product"}],"wp:featuredmedia":[{"embeddable":true,"href":"https:\/\/fsportsnet.com\/de\/wp-json\/wp\/v2\/media\/1147"}],"wp:attachment":[{"href":"https:\/\/fsportsnet.com\/de\/wp-json\/wp\/v2\/media?parent=1153"}],"wp:term":[{"taxonomy":"product_brand","embeddable":true,"href":"https:\/\/fsportsnet.com\/de\/wp-json\/wp\/v2\/product_brand?post=1153"},{"taxonomy":"product_cat","embeddable":true,"href":"https:\/\/fsportsnet.com\/de\/wp-json\/wp\/v2\/product_cat?post=1153"},{"taxonomy":"product_tag","embeddable":true,"href":"https:\/\/fsportsnet.com\/de\/wp-json\/wp\/v2\/product_tag?post=1153"}],"curies":[{"name":"wp","href":"https:\/\/api.w.org\/{rel}","templated":true}]}}