{"id":1154,"date":"2023-04-18T15:53:16","date_gmt":"2023-04-18T07:53:16","guid":{"rendered":"https:\/\/fsportsnet.com\/?post_type=product&#038;p=1154"},"modified":"2023-04-18T15:53:16","modified_gmt":"2023-04-18T07:53:16","slug":"4-square-volleyball-badminton-combo-and-pickleball-multiple-styles-available","status":"publish","type":"product","link":"https:\/\/fsportsnet.com\/de\/product\/4-square-volleyball-badminton-combo-and-pickleball-multiple-styles-available\/","title":{"rendered":"4-Platz-Volleyball\/Badminton-Kombination und Pickleball In verschiedenen Ausf\u00fchrungen erh\u00e4ltlich"},"content":{"rendered":"<p>FIRST EVER FOUR PLAYER COMBO - Bringen Sie diese klassischen Spiele auf die n\u00e4chste Stufe der ultimativen 4 Square Matches. Das komplette Set enth\u00e4lt ein 20\u2019 x 20\u2019 4 Square-Netz, alle Stangen, einen Volleyball, eine Luftpumpe, vier Stahl-Badmintonschl\u00e4ger, drei Federb\u00e4lle, Begrenzungen, Pf\u00e4hle und eine Tragetasche.<br \/>\nEINZIGARTIGES SPIEL - Dieses 20\u2019 x 20\u2019 4 Square-Netz l\u00e4sst sich auf die regul\u00e4re Volleyball-Netzh\u00f6he (7\u2019-4\u201d) anheben und auf die regul\u00e4re Badminton-Netzh\u00f6he (5\u2019-1\u201d) absenken. Mit den einfachen Federklemmen, die eine schnelle Anpassung der Stangen erm\u00f6glichen, k\u00f6nnen Sie schnell zwischen den Spielen wechseln. Vollst\u00e4ndige Montage und Spielregeln enthalten.<br \/>\nCONVENIENT SET UP &amp; TAKE DOWN - Der Auf- und Abbau dauert nur wenige Minuten, da die Federklammern und Klettverschl\u00fcsse leicht zu verbinden sind. Kein Werkzeug erforderlich! Verbringen Sie weniger Zeit mit dem Aufbau und mehr Zeit mit dem Spielen an Ihrem Lieblings-Sandstrand, auf einer Wiese oder auf einer anderen weichen Oberfl\u00e4che.<br \/>\nSPASS F\u00dcR ALLE - Perfekt f\u00fcr den Strand, den See, den Park und den Hinterhof f\u00fcr jede Gelegenheit. Dieses komplette Set hat alles, was Sie f\u00fcr stundenlangen Spa\u00df mit Familie und Freunden bei Ihrer n\u00e4chsten Party brauchen.<br \/>\nSCHENKEN SIE DAS SPIEL IM FREIEN - Bringen Sie Ihre Familie nach drau\u00dfen und in Bewegung mit diesem hochaktiven Spiel, das Spa\u00df, Bewegung und Spannung f\u00fcr die ganze Familie bietet.<\/p>\n<p>1. Gr\u00f6\u00dfe: 20x20ft<br \/>\n2. Stahlrohr: \u03a622\u00d71,0mm<br \/>\n3. Stange: \u03a612.7mm Fiberglas<br \/>\n4. Netz: 3 Lagen 1,5 \u201dPolyester knotenloses Netz<br \/>\n5. \u00c4rmel: 420D Oxford-Gewebe<br \/>\n6 Tasche: 600D Oxford-Gewebe<br \/>\n7. Verpacken: Jedes St\u00fcck in einem K=K-Karton, 89x22x14cm<br \/>\n8. NW 10,5kg, GW 11,5kg<\/p>","protected":false},"excerpt":{"rendered":"<p>Perfekt f\u00fcr den Strand, See, Park und Hinterhof f\u00fcr jede Gelegenheit. Dieses komplette Set hat alles, was Sie f\u00fcr stundenlangen Spa\u00df mit Familie und Freunden bei Ihrer n\u00e4chsten Party brauchen.4 Square Volleyball\/Badminton Combo und Pickleball Mehrere Stile verf\u00fcgbar<\/p>","protected":false},"featured_media":1157,"template":"","meta":{"_gspb_post_css":""},"product_brand":[],"product_cat":[27],"product_tag":[],"class_list":{"0":"post-1154","1":"product","2":"type-product","3":"status-publish","4":"has-post-thumbnail","6":"product_cat-pickleball-net","8":"first","9":"instock","10":"shipping-taxable","11":"product-type-simple"},"_links":{"self":[{"href":"https:\/\/fsportsnet.com\/de\/wp-json\/wp\/v2\/product\/1154","targetHints":{"allow":["GET"]}}],"collection":[{"href":"https:\/\/fsportsnet.com\/de\/wp-json\/wp\/v2\/product"}],"about":[{"href":"https:\/\/fsportsnet.com\/de\/wp-json\/wp\/v2\/types\/product"}],"wp:featuredmedia":[{"embeddable":true,"href":"https:\/\/fsportsnet.com\/de\/wp-json\/wp\/v2\/media\/1157"}],"wp:attachment":[{"href":"https:\/\/fsportsnet.com\/de\/wp-json\/wp\/v2\/media?parent=1154"}],"wp:term":[{"taxonomy":"product_brand","embeddable":true,"href":"https:\/\/fsportsnet.com\/de\/wp-json\/wp\/v2\/product_brand?post=1154"},{"taxonomy":"product_cat","embeddable":true,"href":"https:\/\/fsportsnet.com\/de\/wp-json\/wp\/v2\/product_cat?post=1154"},{"taxonomy":"product_tag","embeddable":true,"href":"https:\/\/fsportsnet.com\/de\/wp-json\/wp\/v2\/product_tag?post=1154"}],"curies":[{"name":"wp","href":"https:\/\/api.w.org\/{rel}","templated":true}]}}