{"id":1164,"date":"2023-04-19T14:44:20","date_gmt":"2023-04-19T06:44:20","guid":{"rendered":"https:\/\/fsportsnet.com\/?post_type=product&#038;p=1164"},"modified":"2023-04-19T14:44:20","modified_gmt":"2023-04-19T06:44:20","slug":"portable-professional-outdoor-volleyball-net-set-with-adjustable-height-poles","status":"publish","type":"product","link":"https:\/\/fsportsnet.com\/de\/product\/portable-professional-outdoor-volleyball-net-set-with-adjustable-height-poles\/","title":{"rendered":"Tragbares professionelles Outdoor-Volleyballnetz-Set mit h\u00f6henverstellbaren Stangen"},"content":{"rendered":"<p>1.net: 9,75 x 0,91m (32\u2032 x 3\u201d) PE-Netz, Maschenweite 10x10cm<br \/>\n2. stahlrohr: \u03c632\u00d70,8mm<br \/>\n3 \u00c4rmel: 420D Oxford-Gewebe<br \/>\n4. die Tasche: 600D Oxford-Gewebe<br \/>\n5. Zubeh\u00f6r: Pf\u00e4hle, Ballpumpe mit Nadel, Begrenzungslinien, Volleyball<br \/>\n6. Verpacken: Jedes St\u00fcck in einem k=k 5lagigen Karton<br \/>\n7..Kartongr\u00f6\u00dfe: 91 x 26 x 22,5 cm<\/p>\n<p>Einstellbare H\u00f6he: Dieses Netz wird von 1,75-Zoll-Durchmesser-Teleskopstangen unterst\u00fctzt, die aus Aluminium mit Pulverbeschichtung, widerstandsf\u00e4higer gegen Absplittern, Kratzen und Verblassen gemacht sind. Einfach, eine H\u00f6he mit dem Druckknopf-Verriegelungssystem zu w\u00e4hlen. Drei H\u00f6henoptionen: M\u00e4nner (8\u2032), Frauen (7\u20194\u201d) und gemischte (7\u20198\u201d) Spielh\u00f6hen.<br \/>\nGut sichtbares Netz (32\u2019L x 3\u2019H): Dieses Volleyballnetz ist aus 32-lagigem Polyester gefertigt, stark und rei\u00dffest f\u00fcr jedes Spielniveau. Es hat 5\u2033 Seitenh\u00fclsen und 3\u2033 Netzband oben und unten mit Doppeln\u00e4hten und verst\u00e4rkten Ecken f\u00fcr eine gleichm\u00e4\u00dfige Netzspannung und zus\u00e4tzliche Haltbarkeit.<br \/>\nEinzigartiges Windensystem: Das hochbelastbare Windensystem aus verzinktem Stahl wurde entwickelt, um eine pr\u00e4zisere Netzanpassung zu erm\u00f6glichen, die es einfach und schmerzlos macht, das Netz straff zu halten und das Durchh\u00e4ngen in der Mitte zu minimieren.<br \/>\nPU-Volleyball und Gurtbandbegrenzung: Zu diesem Set geh\u00f6rt auch ein Soft-Touch-Volleyball mit Garnwicklung im Inneren und einer gut sichtbaren PE-Begrenzungslinie. Sie ist leuchtend gelb und kann mit den Eckankern fest im Boden verankert werden. So k\u00f6nnen Sie Ihr Volleyballfeld in Ihrem Garten, am Strand oder im Park ganz einfach markieren.<br \/>\nKomplettes Set enth\u00e4lt: Das Set enth\u00e4lt eine wetterfeste Tragetasche, in die das Volleyballnetz, das Windensystem, die Stangen, der PU-Volleyball, die F\u00fchrungsseile und die Begrenzungslinie passen, so dass Sie es \u00fcberall hin mitnehmen k\u00f6nnen. Um die Lebensdauer Ihres Sets zu verl\u00e4ngern, sollten Sie es nach dem Gebrauch in der mitgelieferten Tasche aufbewahren.<\/p>","protected":false},"excerpt":{"rendered":"<ul class=\"a-unordered-list a-vertical a-spacing-mini\">\n<li><span class=\"a-list-item\">Komplettes Volleyball- und Badmintonset f\u00fcr den Au\u00dfenbereich<\/span><\/li>\n<li><span class=\"a-list-item\">Inklusive Netz, St\u00f6cke, Schl\u00e4ger, Birdies oder Federb\u00e4lle und Ball<\/span><\/li>\n<li><span class=\"a-list-item\">Dank der robusten Tragetasche k\u00f6nnen Sie das Set \u00fcberallhin mitnehmen<\/span><\/li>\n<li><span class=\"a-list-item\">Hochbelastbare pulverbeschichtete Stangen und hochwertiges PE-Netz<\/span><\/li>\n<li><span class=\"a-list-item\">Ideal f\u00fcr Campingausfl\u00fcge, Strandspiele, Hinterhofpartys und mehr<\/span><\/li>\n<\/ul>","protected":false},"featured_media":1190,"template":"","meta":{"_gspb_post_css":""},"product_brand":[],"product_cat":[31],"product_tag":[],"class_list":{"0":"post-1164","1":"product","2":"type-product","3":"status-publish","4":"has-post-thumbnail","6":"product_cat-volleyball-net","8":"first","9":"instock","10":"shipping-taxable","11":"product-type-simple"},"_links":{"self":[{"href":"https:\/\/fsportsnet.com\/de\/wp-json\/wp\/v2\/product\/1164","targetHints":{"allow":["GET"]}}],"collection":[{"href":"https:\/\/fsportsnet.com\/de\/wp-json\/wp\/v2\/product"}],"about":[{"href":"https:\/\/fsportsnet.com\/de\/wp-json\/wp\/v2\/types\/product"}],"wp:featuredmedia":[{"embeddable":true,"href":"https:\/\/fsportsnet.com\/de\/wp-json\/wp\/v2\/media\/1190"}],"wp:attachment":[{"href":"https:\/\/fsportsnet.com\/de\/wp-json\/wp\/v2\/media?parent=1164"}],"wp:term":[{"taxonomy":"product_brand","embeddable":true,"href":"https:\/\/fsportsnet.com\/de\/wp-json\/wp\/v2\/product_brand?post=1164"},{"taxonomy":"product_cat","embeddable":true,"href":"https:\/\/fsportsnet.com\/de\/wp-json\/wp\/v2\/product_cat?post=1164"},{"taxonomy":"product_tag","embeddable":true,"href":"https:\/\/fsportsnet.com\/de\/wp-json\/wp\/v2\/product_tag?post=1164"}],"curies":[{"name":"wp","href":"https:\/\/api.w.org\/{rel}","templated":true}]}}