{"id":1191,"date":"2023-04-19T14:44:37","date_gmt":"2023-04-19T06:44:37","guid":{"rendered":"https:\/\/fsportsnet.com\/?post_type=product&#038;p=1191"},"modified":"2023-04-19T15:11:05","modified_gmt":"2023-04-19T07:11:05","slug":"outdoor-volleyball-net-set-training-equipment","status":"publish","type":"product","link":"https:\/\/fsportsnet.com\/de\/product\/outdoor-volleyball-net-set-training-equipment\/","title":{"rendered":"Outdoor-Volleyballnetz-Set Trainingsger\u00e4te"},"content":{"rendered":"<p>1. Gr\u00f6\u00dfe: 3,81 m<br \/>\n2. Netz: 8 Lagen 4\u201d knotenloses Polyesternetz mit 420D Gewebe<br \/>\n3. Stange: \u03a614mm solides schwarzes Glasfaserkabel<br \/>\n4. Stahlrohr: \u03c625.4*1.0mm<br \/>\n5. Tasche: 600D Oxford-Gewebe<br \/>\n6. N.W:6kg,G.W:6.57kg<\/p>\n<ul>\n<li class=\"p1\">Egal, ob Sie als Trainer zus\u00e4tzliche Trainingsfl\u00e4che ben\u00f6tigen oder als engagierter Spieler an Ihrem Spiel arbeiten wollen, das Warm-up-Netz von Fsports ist das perfekte leichte und robuste Netz f\u00fcr den Platz oder den Hinterhof.<\/li>\n<li class=\"p1\">Verwalten und Verbessern des gemeinsam genutzten Raums bei Mannschafts\u00fcbungen mit mehreren Aufw\u00e4rmbereichen.<\/li>\n<li class=\"p1\">Hervorragend geeignet zum \u00dcben des Aufschlags oder zum Einstellen von \u00dcbungen mit einem Teamkollegen.<\/li>\n<li class=\"p1\">Abriebfeste Gummif\u00fc\u00dfe verhindern Sch\u00e4den an B\u00f6den und sorgen f\u00fcr Stabilit\u00e4t und Traktion im Innen- und Au\u00dfenbereich.<\/li>\n<li class=\"p1\">Es werden keine Werkzeuge ben\u00f6tigt. In Sekundenschnelle aufgebaut.&nbsp;<\/li>\n<\/ul>","protected":false},"excerpt":{"rendered":"<ul class=\"a-unordered-list a-vertical a-spacing-mini\">\n<li>Das Volleyball-\u00dcbungsnetz ist eine praktische und hochwertige L\u00f6sung f\u00fcr Spieler und Trainer, die an ihrem Spiel arbeiten wollen. Dieses kleine Volleyballnetz hat eine regul\u00e4re H\u00f6he, ist aber viel schmaler als ein Spielnetz. Das macht es ideal f\u00fcr den Aufbau von \u00dcbungsstationen beim Training oder f\u00fcr Volleyball-Aufw\u00e4rm\u00fcbungen vor einem Spiel. Sie k\u00f6nnen es auch zu Hause im Garten aufstellen, um Aufschl\u00e4ge und Volleys zu \u00fcben. Dank seiner Gr\u00f6\u00dfe l\u00e4sst es sich leicht zu Turnieren mitnehmen und in die n\u00e4chste Turnhalle bringen.\n<p>Unser tragbares Volleyballnetz sorgt daf\u00fcr, dass es aufrecht bleibt, selbst wenn es von einem harten Spike getroffen wird. Die H\u00f6he des Netzes kann zwischen der Volleyball-Hallenh\u00f6he f\u00fcr M\u00e4nner und Frauen umgestellt werden, was f\u00fcr Schulen und Organisationen mit begrenztem Budget von Vorteil ist. Abriebfeste Gummif\u00fc\u00dfe sorgen f\u00fcr Stabilit\u00e4t auf jedem Untergrund, so dass Sie Ihr \u00dcbungsnetz sowohl in der Halle als auch im Freien verwenden k\u00f6nnen. Dieses verstellbare Volleyball-Aufw\u00e4rmenetz ist in nur 75 Sekunden aufgebaut und wird mit einer Tragetasche geliefert, damit Sie es \u00fcberallhin mitnehmen k\u00f6nnen, wo Ihr n\u00e4chstes Training stattfindet.<\/li>\n<\/ul>","protected":false},"featured_media":1186,"template":"","meta":{"_gspb_post_css":""},"product_brand":[],"product_cat":[31],"product_tag":[],"class_list":{"0":"post-1191","1":"product","2":"type-product","3":"status-publish","4":"has-post-thumbnail","6":"product_cat-volleyball-net","8":"first","9":"instock","10":"shipping-taxable","11":"product-type-simple"},"_links":{"self":[{"href":"https:\/\/fsportsnet.com\/de\/wp-json\/wp\/v2\/product\/1191","targetHints":{"allow":["GET"]}}],"collection":[{"href":"https:\/\/fsportsnet.com\/de\/wp-json\/wp\/v2\/product"}],"about":[{"href":"https:\/\/fsportsnet.com\/de\/wp-json\/wp\/v2\/types\/product"}],"wp:featuredmedia":[{"embeddable":true,"href":"https:\/\/fsportsnet.com\/de\/wp-json\/wp\/v2\/media\/1186"}],"wp:attachment":[{"href":"https:\/\/fsportsnet.com\/de\/wp-json\/wp\/v2\/media?parent=1191"}],"wp:term":[{"taxonomy":"product_brand","embeddable":true,"href":"https:\/\/fsportsnet.com\/de\/wp-json\/wp\/v2\/product_brand?post=1191"},{"taxonomy":"product_cat","embeddable":true,"href":"https:\/\/fsportsnet.com\/de\/wp-json\/wp\/v2\/product_cat?post=1191"},{"taxonomy":"product_tag","embeddable":true,"href":"https:\/\/fsportsnet.com\/de\/wp-json\/wp\/v2\/product_tag?post=1191"}],"curies":[{"name":"wp","href":"https:\/\/api.w.org\/{rel}","templated":true}]}}