{"id":1194,"date":"2023-04-19T15:29:10","date_gmt":"2023-04-19T07:29:10","guid":{"rendered":"https:\/\/fsportsnet.com\/?post_type=product&#038;p=1194"},"modified":"2023-04-19T15:40:09","modified_gmt":"2023-04-19T07:40:09","slug":"portable-beach-volleyball-net-recreational-set","status":"publish","type":"product","link":"https:\/\/fsportsnet.com\/de\/product\/portable-beach-volleyball-net-recreational-set\/","title":{"rendered":"Tragbares Beach-Volleyball-Netz-Freizeit-Set"},"content":{"rendered":"<p><strong>Dieses Set enth\u00e4lt<\/strong><\/p>\n<ul>\n<li>2 Aluminiumpfosten (ausgestattet mit einem H\u00f6henverstellsystem)<\/li>\n<li>26\u20193\u2033 breites Netz.<\/li>\n<li>4 einfache Spanner und 4 Heringe.<\/li>\n<li>4 Spanner mit Scheiben zur Befestigung im Sand.<\/li>\n<li>Pitch Marker (26\u20193\u2033 x 52\u20196\u2033) mit 4 Heringen. Die Linienmarkierungen erm\u00f6glichen es Ihnen, zu markieren.<\/li>\n<li>1 kleine Aufbewahrungstasche f\u00fcr Zubeh\u00f6r.<\/li>\n<li>1 Schl\u00e4gel.<\/li>\n<li>1 Transporttasche.<\/li>\n<li>1 Montageanleitung.<\/li>\n<\/ul>\n<p><strong>Abmessungen und Gewicht<\/strong><\/p>\n<ul>\n<li>Zwei h\u00f6henverstellbare Pfosten zur Auswahl von 3 Netzh\u00f6hen (\u20184\u2033 - 7\u20199\u2033 - 8\u2019).<\/li>\n<li>Die Maschen des Netzes haben eine Standardgr\u00f6\u00dfe von 3,9\u2033 x 3,9\u2033.<\/li>\n<li>Zusammengefaltet misst die Tragetasche 46,1\u2033 x 7,5\u2033 x 4,3\u2033.<\/li>\n<li>Gewicht: 11 lbs.<\/li>\n<\/ul>\n<p><strong>Anweisungen f\u00fcr den Gebrauch<\/strong><\/p>\n<ul>\n<li>Pr\u00fcfen Sie vor dem Gebrauch, ob die Teile des Sets richtig angezogen und befestigt sind. Die Verwendung dieses Produkts durch Kinder sollte unter st\u00e4ndiger Aufsicht eines Erwachsenen erfolgen.<\/li>\n<li>Wir raten davon ab, dieses Set bei sehr starkem Wind zu benutzen. Verschieben Sie Ihr Beachvolleyballspiel!\n<ul>\n<li>Dieses Set ist in weniger als 15 Minuten auf- und abgebaut (2 Erwachsene empfohlen).<\/li>\n<li>Auf jeder Seite des Netzes befinden sich 2 Netzspanngurte zur Stabilisierung des Sets.<\/li>\n<\/ul>\n<\/li>\n<\/ul>","protected":false},"excerpt":{"rendered":"<p>Sie suchen ein Beach-Volleyball-Set, das schnell f\u00fcr ein Wettkampfspiel aufgebaut werden kann. Unser tragbares Beach-Volleyball-Freizeit-Set, h\u00f6henverstellbar, schnell aufbaubar, gelb, ist perfekt f\u00fcr den Aufbau Ihres Beach-Volleyballfeldes f\u00fcr ein paar tolle Matches im Sand! Unser Angebot an B\u00e4llen, Sets, Netzen und Zubeh\u00f6r wurde von Spielern f\u00fcr Spieler entwickelt und ist speziell auf die Bed\u00fcrfnisse von Beach-Volleyballern aller Spielst\u00e4rken abgestimmt. Schnell und einfach auf- und abzubauen in weniger als 15 Minuten! Das Volleyball-Set wird in einer Tasche mit Griff aufbewahrt, damit Sie es leichter tragen k\u00f6nnen! F\u00fcr ein optimales Beach-Volleyball-Erlebnis empfehlen wir maximal 10 Personen (5 gegen 5).<\/p>","protected":false},"featured_media":1179,"template":"","meta":{"_gspb_post_css":""},"product_brand":[],"product_cat":[31],"product_tag":[],"class_list":{"0":"post-1194","1":"product","2":"type-product","3":"status-publish","4":"has-post-thumbnail","6":"product_cat-volleyball-net","8":"first","9":"instock","10":"shipping-taxable","11":"product-type-simple"},"_links":{"self":[{"href":"https:\/\/fsportsnet.com\/de\/wp-json\/wp\/v2\/product\/1194","targetHints":{"allow":["GET"]}}],"collection":[{"href":"https:\/\/fsportsnet.com\/de\/wp-json\/wp\/v2\/product"}],"about":[{"href":"https:\/\/fsportsnet.com\/de\/wp-json\/wp\/v2\/types\/product"}],"wp:featuredmedia":[{"embeddable":true,"href":"https:\/\/fsportsnet.com\/de\/wp-json\/wp\/v2\/media\/1179"}],"wp:attachment":[{"href":"https:\/\/fsportsnet.com\/de\/wp-json\/wp\/v2\/media?parent=1194"}],"wp:term":[{"taxonomy":"product_brand","embeddable":true,"href":"https:\/\/fsportsnet.com\/de\/wp-json\/wp\/v2\/product_brand?post=1194"},{"taxonomy":"product_cat","embeddable":true,"href":"https:\/\/fsportsnet.com\/de\/wp-json\/wp\/v2\/product_cat?post=1194"},{"taxonomy":"product_tag","embeddable":true,"href":"https:\/\/fsportsnet.com\/de\/wp-json\/wp\/v2\/product_tag?post=1194"}],"curies":[{"name":"wp","href":"https:\/\/api.w.org\/{rel}","templated":true}]}}