{"id":1197,"date":"2023-04-19T15:52:12","date_gmt":"2023-04-19T07:52:12","guid":{"rendered":"https:\/\/fsportsnet.com\/?post_type=product&#038;p=1197"},"modified":"2023-04-19T16:10:30","modified_gmt":"2023-04-19T08:10:30","slug":"spike-ball-game-set-outdoor-lawn-beach-tailgating-roundnet-game-for-kids-teens-adults","status":"publish","type":"product","link":"https:\/\/fsportsnet.com\/de\/product\/spike-ball-game-set-outdoor-lawn-beach-tailgating-roundnet-game-for-kids-teens-adults\/","title":{"rendered":"Spike Ball Game Set Outdoor Lawn Beach &amp; Tailgating Roundnet Game f\u00fcr Kinder Teens Erwachsene"},"content":{"rendered":"<p><strong>Abmessungen und Gewicht<\/strong><\/p>\n<ul>\n<li>Strand-Volleyball-Set<br \/>\n1. Gr\u00f6\u00dfe: 36\u201d<br \/>\n2. 2ball 3.54\u201d PVC Material<br \/>\n3. 1Elastizit\u00e4t Netz<br \/>\n4. Rahmen Gr\u00f6\u00dfe: 35.43\u00d77.87\u201d ABS<br \/>\n5. Karton Gr\u00f6\u00dfe: 56X18X10cm GW1.5kg<br \/>\n6. Verpackung: 10 S\u00e4tze in einem Karton, 58x53x39cm, GW 16.3kg<\/li>\n<li>\n<div id=\"featurebullets_feature_div\" class=\"celwidget\" data-feature-name=\"featurebullets\" data-csa-c-type=\"widget\" data-csa-c-content-id=\"featurebullets\" data-csa-c-slot-id=\"featurebullets_feature_div\" data-csa-c-asin=\"B01M0XJYVO\" data-csa-c-is-in-initial-active-row=\"false\" data-csa-c-id=\"rlkrf7-nkx9ny-d7h2vj-g8sarh\" data-cel-widget=\"featurebullets_feature_div\">\n<div id=\"feature-bullets\" class=\"a-section a-spacing-medium a-spacing-top-small\">\n<ul class=\"a-unordered-list a-vertical a-spacing-mini\">\n<li><span class=\"a-list-item\">VIER SPIELER ACTION - Spike Ball ist ein lustiges, aktives und wettbewerbsf\u00e4higes (wenn Sie es wollen) 2 gegen 2 Spiel mit Regeln \u00e4hnlich wie Volleyball gespielt; Genie\u00dfen Sie drau\u00dfen, drinnen, Rasen, Hof, Strand, Fitnessraum, Heckklappe, Familienfeiern, Urlaub, praktisch \u00fcberall und f\u00fcr jede Veranstaltung<\/span><\/li>\n<li><span class=\"a-list-item\">33% ST\u00c4RKERE R\u00c4DER UND F\u00dcSSE - Geringere Bruchgefahr bei einem Sturz oder Sprung. Stabilere Spielfl\u00e4che.<\/span><\/li>\n<li><span class=\"a-list-item\">BESSERE B\u00c4LLE - Die zus\u00e4tzliche Textur der Pro-B\u00e4lle erm\u00f6glicht mehr Spin und Kontrolle bei Schl\u00e4gen.<\/span><\/li>\n<li><span class=\"a-list-item\">SCHIFFE IN EINEM SPIKE BALL GEBRANDMARKT BOX! W\u00e4hlen Sie \u201cVersand in Amazon-Verpackung\u201d beim Checkout, wenn es eine \u00dcberraschung ist!<\/span><\/li>\n<li><span class=\"a-list-item\">F\u00dcR ALLE ALTER - Spike Ball kann auf viele Arten modifiziert werden, damit die ganze Mannschaft mitmachen kann. Immer eine M\u00f6glichkeit zu spielen.<\/span><\/li>\n<\/ul>\n<\/div>\n<\/div>\n<div id=\"provenanceCertifications_feature_div\" class=\"celwidget\" data-feature-name=\"provenanceCertifications\" data-csa-c-type=\"widget\" data-csa-c-content-id=\"provenanceCertifications\" data-csa-c-slot-id=\"provenanceCertifications_feature_div\" data-csa-c-asin=\"B01M0XJYVO\" data-csa-c-is-in-initial-active-row=\"false\" data-csa-c-id=\"hz44ly-5iges3-ngvab4-ye1uuw\" data-cel-widget=\"provenanceCertifications_feature_div\">\n<div id=\"provenance-certifications\" class=\"a-section a-spacing-medium a-spacing-top-micro\"><\/div>\n<\/div>\n<\/li>\n<\/ul>","protected":false},"excerpt":{"rendered":"<p class=\"a-size-small\"><span class=\"a-text-bold\">Ein robusteres Design der Karosserie<\/span>\u00a0verbessert das Spiel, indem es den Satz stabil h\u00e4lt und das Netz auch bei den h\u00e4rtesten Spielen lehrt.<\/p>\n<ul class=\"a-unordered-list a-vertical a-spacing-mini\">\n<li><span class=\"a-list-item\">Spike-Ball: Ein spannendes Rasenspiel f\u00fcr Kinder und Erwachsene! Das Set enth\u00e4lt 1 Zielscheibe, 2 9-cm-Wettkampfb\u00e4lle, 1 12-cm-Trainingsball, eine Reisetasche und Spielregeln.<\/span><\/li>\n<li><span class=\"a-list-item\">WAS IST Spike-Ball: Spike-Ball ist ein actiongeladenes 2-gegen-2-Volleyballspiel, bei dem die Teams 3 Schl\u00e4ge haben, um den Ball in das runde Netz zur\u00fcckzuspielen oder zu spiken - ein Spa\u00df f\u00fcr alle am Strand, bei Grillpartys, beim Camping und mehr!<\/span><\/li>\n<li><span class=\"a-list-item\">ATHLETISCHER SPASS: Spikeball ist ein aktives Spiel, das sich hervorragend als Cross-Training f\u00fcr viele andere Sportarten eignet oder einfach nur zum Schwitzen anregt! (empfohlen ab 12 Jahren)<\/span><\/li>\n<\/ul>","protected":false},"featured_media":1187,"template":"","meta":{"_gspb_post_css":""},"product_brand":[],"product_cat":[31],"product_tag":[],"class_list":{"0":"post-1197","1":"product","2":"type-product","3":"status-publish","4":"has-post-thumbnail","6":"product_cat-volleyball-net","8":"first","9":"instock","10":"shipping-taxable","11":"product-type-simple"},"_links":{"self":[{"href":"https:\/\/fsportsnet.com\/de\/wp-json\/wp\/v2\/product\/1197","targetHints":{"allow":["GET"]}}],"collection":[{"href":"https:\/\/fsportsnet.com\/de\/wp-json\/wp\/v2\/product"}],"about":[{"href":"https:\/\/fsportsnet.com\/de\/wp-json\/wp\/v2\/types\/product"}],"wp:featuredmedia":[{"embeddable":true,"href":"https:\/\/fsportsnet.com\/de\/wp-json\/wp\/v2\/media\/1187"}],"wp:attachment":[{"href":"https:\/\/fsportsnet.com\/de\/wp-json\/wp\/v2\/media?parent=1197"}],"wp:term":[{"taxonomy":"product_brand","embeddable":true,"href":"https:\/\/fsportsnet.com\/de\/wp-json\/wp\/v2\/product_brand?post=1197"},{"taxonomy":"product_cat","embeddable":true,"href":"https:\/\/fsportsnet.com\/de\/wp-json\/wp\/v2\/product_cat?post=1197"},{"taxonomy":"product_tag","embeddable":true,"href":"https:\/\/fsportsnet.com\/de\/wp-json\/wp\/v2\/product_tag?post=1197"}],"curies":[{"name":"wp","href":"https:\/\/api.w.org\/{rel}","templated":true}]}}