{"id":1199,"date":"2023-04-19T16:12:02","date_gmt":"2023-04-19T08:12:02","guid":{"rendered":"https:\/\/fsportsnet.com\/?post_type=product&#038;p=1199"},"modified":"2023-04-19T16:13:03","modified_gmt":"2023-04-19T08:13:03","slug":"3-way-volleyball-net-game-set-for-adults-and-kids","status":"publish","type":"product","link":"https:\/\/fsportsnet.com\/de\/product\/3-way-volleyball-net-game-set-for-adults-and-kids\/","title":{"rendered":"3-Wege-Volleyballnetz-Spielset f\u00fcr Erwachsene und Kinder"},"content":{"rendered":"<p><strong>Abmessungen und Gewicht<\/strong><\/p>\n<ul>\n<li>1. Gr\u00f6\u00dfe: 4*2.43*2.26m<br \/>\n2.net: 1,5 \u201dPE-Netz mit 420D Oxford Tuch<br \/>\n3.rahmen: Stahl Eisen Dia 22*0.8mm<br \/>\n4. aus Fiberglas: 7*3.0*33cm<br \/>\n5.Tragetasche: 420DPU<br \/>\n6. kartongr\u00f6\u00dfe: Lx62.9xW18.4xD20.3cmAnweisungen f\u00fcr die Verwendung<\/li>\n<li>FSports Volleyball: Vollst\u00e4ndig verstellbares 3-Wege-Volleyballnetz und das perfekte Spiel f\u00fcr alle Gelegenheiten. Unverzichtbar f\u00fcr Partys, Grillfeste und Grillpartys und das perfekte Geschenk f\u00fcr Ihren Gastgeber im Freien: FSports ist ein aktives Spiel, bei dem vier Felder auf Volleyball treffen. FSports hat die perfekte Gr\u00f6\u00dfe f\u00fcr vier Spieler pro Runde und bietet Ihnen und Ihrer Mannschaft sicheren, einfachen und kinderleichten Spa\u00df!<br \/>\nPERFEKT F\u00dcR JEDES ABENTEUER: Dieses hochwertige Netz ist langlebig und perfekt f\u00fcr Ihren n\u00e4chsten Ausflug. Egal, ob Sie am Strand, im Park oder am See sind, FSports ist der perfekte Katalysator f\u00fcr Familienspa\u00df und freundschaftliche Wettk\u00e4mpfe!<br \/>\nEINFACHER UND SCHNELLER AUFBAU: Mit seinem einzigartigen Design, das ebenso intuitiv wie kompakt ist, ist der Auf- und Abbau ein Kinderspiel! Genie\u00dfen Sie actiongeladenen Spa\u00df in Minuten und falten Sie alles zur\u00fcck in FSports'S perfekt dimensionierten Rucksack in der gleichen Zeit, so dass Sie bereit sind, zu Ihrem n\u00e4chsten Abenteuer zu rasen!<br \/>\nF\u00dcR SPIELER JEDEN ALTERS: Das perfekte Geschenk! Sowohl die Kleinen als auch die Gro\u00dfen werden FSports lieben! Da alles enthalten ist, um die H\u00f6he des Netzes zu ver\u00e4ndern, und das Spiel einfache, leicht verst\u00e4ndliche Regeln und Ziele hat, kann die ganze Familie mitspielen.<\/li>\n<\/ul>","protected":false},"excerpt":{"rendered":"<p>3-Wege-Volleyballnetz mit Tragerucksack und Ball - Volleyballspielset mit 4 Feldern f\u00fcr Erwachsene und Kinder - Schnell aufbaubares Spiel f\u00fcr drau\u00dfen - Spiele f\u00fcr den Garten<\/p>","protected":false},"featured_media":1180,"template":"","meta":{"_gspb_post_css":""},"product_brand":[],"product_cat":[31],"product_tag":[],"class_list":{"0":"post-1199","1":"product","2":"type-product","3":"status-publish","4":"has-post-thumbnail","6":"product_cat-volleyball-net","8":"first","9":"instock","10":"shipping-taxable","11":"product-type-simple"},"_links":{"self":[{"href":"https:\/\/fsportsnet.com\/de\/wp-json\/wp\/v2\/product\/1199","targetHints":{"allow":["GET"]}}],"collection":[{"href":"https:\/\/fsportsnet.com\/de\/wp-json\/wp\/v2\/product"}],"about":[{"href":"https:\/\/fsportsnet.com\/de\/wp-json\/wp\/v2\/types\/product"}],"wp:featuredmedia":[{"embeddable":true,"href":"https:\/\/fsportsnet.com\/de\/wp-json\/wp\/v2\/media\/1180"}],"wp:attachment":[{"href":"https:\/\/fsportsnet.com\/de\/wp-json\/wp\/v2\/media?parent=1199"}],"wp:term":[{"taxonomy":"product_brand","embeddable":true,"href":"https:\/\/fsportsnet.com\/de\/wp-json\/wp\/v2\/product_brand?post=1199"},{"taxonomy":"product_cat","embeddable":true,"href":"https:\/\/fsportsnet.com\/de\/wp-json\/wp\/v2\/product_cat?post=1199"},{"taxonomy":"product_tag","embeddable":true,"href":"https:\/\/fsportsnet.com\/de\/wp-json\/wp\/v2\/product_tag?post=1199"}],"curies":[{"name":"wp","href":"https:\/\/api.w.org\/{rel}","templated":true}]}}