{"id":1419,"date":"2023-04-25T11:13:14","date_gmt":"2023-04-25T03:13:14","guid":{"rendered":"https:\/\/fsportsnet.com\/?post_type=product&#038;p=1419"},"modified":"2023-04-25T11:19:29","modified_gmt":"2023-04-25T03:19:29","slug":"7x7-baseball-net-softball-net-practice-net-baseball-practice-net","status":"publish","type":"product","link":"https:\/\/fsportsnet.com\/de\/product\/7x7-baseball-net-softball-net-practice-net-baseball-practice-net\/","title":{"rendered":"7\u2019\u00d77\u2032 Baseball Netz Softball Netz \u00dcbungsnetz Baseball \u00dcbungsnetz"},"content":{"rendered":"<p>Neues Design einteiliges Taschen-Baseballnetz<\/p>\n<p>1. Gesamtgr\u00f6\u00dfe: 7 x 7\u2032<br \/>\n2. Rahmen: 1\u2033 dia 1.0mm dick schwarz Farbe Eisenrohr<br \/>\n3. Stange: \u03a612.7mm solides schwarzes Fiberglas<br \/>\n4. Netz: 7 Lagen 1,75\u2033 schwarzes knotenloses Polyesternetz mit 420D Gewebebindung<br \/>\n5. Material der Tragetasche: 600D-Oxford-Gewebe<br \/>\n6. Verpacken: Jedes Set in einem K=K-Karton, 114\u00d714,8\u00d714,8cm<br \/>\n7. G.W6.2kg, N.W 5.5kg<br \/>\n8. Paket: 1 x Netz, 4 x Metallrohre, 4 x Stangen, 1 x Tragetasche, 4 x U-f\u00f6rmige Pf\u00e4hle, 1 x A4 Anleitung<\/p>\n<p>HOHE BELASTBARKEIT UND BEW\u00c4HRTE HALTBARKEIT<br \/>\nDoppelt gen\u00e4htes, an den Belastungspunkten verst\u00e4rktes Netz f\u00fcr bew\u00e4hrte Langlebigkeit und robuste N\u00e4hte &amp; starkes, 7-lagiges, knotenloses Netz f\u00fcr mehr Steifigkeit und Gewicht f\u00fcr mehr Stabilit\u00e4t beim Schlagen und Werfen ins Netz<\/p>\n<p>Perfekter Rahmen<br \/>\nPerfektes gew\u00f6lbtes Design Erh\u00f6htes gew\u00f6lbtes Design f\u00fcr die Rohr\u00f6ffnung und bessere Oberfl\u00e4chenbearbeitung zur Reduzierung von Graten, f\u00fcr glatte Rohre und Sicherheit.<br \/>\nPerfekter 1\u201d-Durchmesser, 1,0 mm Dicke nach der Beschichtung, ineinander greifender Stahlboden mit oberen Glasfaserst\u00e4ben f\u00fcr schnellen Auf- und Abbau. Verst\u00e4rkte obere und untere Nylonschlaufen und strapazierf\u00e4hige Klettverschl\u00fcsse.<\/p>\n<p>Glasfaserstangen<br \/>\nGlasfaserstangen 12,7 mm sorgen f\u00fcr unglaubliche St\u00e4rke und Flexibilit\u00e4t<br \/>\nDoppelpackung<br \/>\nDoppelte Verpackung und mittig \u00f6ffnendes Design f\u00fcr mehr Stabilit\u00e4t und Platzersparnis<\/p>","protected":false},"excerpt":{"rendered":"<p>Vorteile\uff1a<br \/>\nHOHE BELASTBARKEIT UND BEW\u00c4HRTE HALTBARKEIT<br \/>\nDoppelt gen\u00e4htes, an den Belastungspunkten verst\u00e4rktes Netz f\u00fcr bew\u00e4hrte Langlebigkeit und robuste N\u00e4hte &amp; starkes, 7-lagiges, knotenloses Netz f\u00fcr mehr Steifigkeit und Gewicht f\u00fcr mehr Stabilit\u00e4t beim Schlagen und Werfen ins Netz<\/p>","protected":false},"featured_media":1424,"template":"","meta":{"_gspb_post_css":""},"product_brand":[],"product_cat":[25],"product_tag":[28],"class_list":{"0":"post-1419","1":"product","2":"type-product","3":"status-publish","4":"has-post-thumbnail","6":"product_cat-baseball-net","7":"product_tag-baseball-net","9":"first","10":"instock","11":"shipping-taxable","12":"product-type-simple"},"_links":{"self":[{"href":"https:\/\/fsportsnet.com\/de\/wp-json\/wp\/v2\/product\/1419","targetHints":{"allow":["GET"]}}],"collection":[{"href":"https:\/\/fsportsnet.com\/de\/wp-json\/wp\/v2\/product"}],"about":[{"href":"https:\/\/fsportsnet.com\/de\/wp-json\/wp\/v2\/types\/product"}],"wp:featuredmedia":[{"embeddable":true,"href":"https:\/\/fsportsnet.com\/de\/wp-json\/wp\/v2\/media\/1424"}],"wp:attachment":[{"href":"https:\/\/fsportsnet.com\/de\/wp-json\/wp\/v2\/media?parent=1419"}],"wp:term":[{"taxonomy":"product_brand","embeddable":true,"href":"https:\/\/fsportsnet.com\/de\/wp-json\/wp\/v2\/product_brand?post=1419"},{"taxonomy":"product_cat","embeddable":true,"href":"https:\/\/fsportsnet.com\/de\/wp-json\/wp\/v2\/product_cat?post=1419"},{"taxonomy":"product_tag","embeddable":true,"href":"https:\/\/fsportsnet.com\/de\/wp-json\/wp\/v2\/product_tag?post=1419"}],"curies":[{"name":"wp","href":"https:\/\/api.w.org\/{rel}","templated":true}]}}