{"id":1448,"date":"2023-04-25T14:18:52","date_gmt":"2023-04-25T06:18:52","guid":{"rendered":"https:\/\/fsportsnet.com\/?post_type=product&#038;p=1448"},"modified":"2023-04-25T14:25:45","modified_gmt":"2023-04-25T06:25:45","slug":"portable-tennis-net-training-net-outdoor-indoor","status":"publish","type":"product","link":"https:\/\/fsportsnet.com\/de\/product\/portable-tennis-net-training-net-outdoor-indoor\/","title":{"rendered":"Tragbares Tennisnetz Trainingsnetz Outdoor Indoor"},"content":{"rendered":"<ul class=\"a-unordered-list a-vertical a-spacing-mini\">\n<li><span class=\"a-list-item\">Netzl\u00e4nge: 10 Fu\u00df\/ 18 Fu\u00df, Netzh\u00f6he: 33 Zoll<\/span><\/li>\n<li><span class=\"a-list-item\">Geeignet zum Spielen von Tennis, Fu\u00dfball, Pool-Volleyball, Pickleball<\/span><\/li>\n<li><span class=\"a-list-item\">Einfache Einrichtung und Demontage<\/span><\/li>\n<li><span class=\"a-list-item\">10ft verwendet f\u00fcr Tennisnetz, Fu\u00dfballtennisnetz, Pickleballnetz<\/span><\/li>\n<li><span class=\"a-list-item\">18ft verwendet f\u00fcr Tennisnetz, Fu\u00dfball-Tennisnetz, Pickleball-Netz, Pool-Volleyball-Netz<\/span><\/li>\n<\/ul>","protected":false},"excerpt":{"rendered":"<p>Beschreibung:<br \/>\nSpielen Sie Tennis am Strand, in der Einfahrt, im Hinterhof und auf jeder ebenen Fl\u00e4che!<br \/>\nEs l\u00e4sst sich schnell aufstellen und wegpacken, ist faltbar, leicht und einfach zu transportieren.<br \/>\nIdeal f\u00fcr Partys, Camping und Familienurlaube. Nimmt kaum Platz im Kofferraum Ihres Autos ein.<br \/>\nHergestellt aus starkem Netz, um ein Zerrei\u00dfen zu vermeiden und Haltbarkeit zu gew\u00e4hrleisten. Mit stabiler Konstruktion, verwenden Sie drinnen und drau\u00dfen ohne Sorgen.<br \/>\nBringen Sie Ihre Kinder nach drau\u00dfen und in Bewegung! Dieses tragbare Netz ist perfekt f\u00fcr Erwachsene und Kinder zum Spielen und Sporttraining.<\/p>","protected":false},"featured_media":1440,"template":"","meta":{"_gspb_post_css":""},"product_brand":[],"product_cat":[33],"product_tag":[],"class_list":{"0":"post-1448","1":"product","2":"type-product","3":"status-publish","4":"has-post-thumbnail","6":"product_cat-tennis-net","8":"first","9":"instock","10":"shipping-taxable","11":"product-type-simple"},"_links":{"self":[{"href":"https:\/\/fsportsnet.com\/de\/wp-json\/wp\/v2\/product\/1448","targetHints":{"allow":["GET"]}}],"collection":[{"href":"https:\/\/fsportsnet.com\/de\/wp-json\/wp\/v2\/product"}],"about":[{"href":"https:\/\/fsportsnet.com\/de\/wp-json\/wp\/v2\/types\/product"}],"wp:featuredmedia":[{"embeddable":true,"href":"https:\/\/fsportsnet.com\/de\/wp-json\/wp\/v2\/media\/1440"}],"wp:attachment":[{"href":"https:\/\/fsportsnet.com\/de\/wp-json\/wp\/v2\/media?parent=1448"}],"wp:term":[{"taxonomy":"product_brand","embeddable":true,"href":"https:\/\/fsportsnet.com\/de\/wp-json\/wp\/v2\/product_brand?post=1448"},{"taxonomy":"product_cat","embeddable":true,"href":"https:\/\/fsportsnet.com\/de\/wp-json\/wp\/v2\/product_cat?post=1448"},{"taxonomy":"product_tag","embeddable":true,"href":"https:\/\/fsportsnet.com\/de\/wp-json\/wp\/v2\/product_tag?post=1448"}],"curies":[{"name":"wp","href":"https:\/\/api.w.org\/{rel}","templated":true}]}}