{"id":1449,"date":"2023-04-25T14:25:56","date_gmt":"2023-04-25T06:25:56","guid":{"rendered":"https:\/\/fsportsnet.com\/?post_type=product&#038;p=1449"},"modified":"2023-04-25T14:34:28","modified_gmt":"2023-04-25T06:34:28","slug":"tennis-net-mini-size-customized-soccer-tennis-training-net","status":"publish","type":"product","link":"https:\/\/fsportsnet.com\/de\/product\/tennis-net-mini-size-customized-soccer-tennis-training-net\/","title":{"rendered":"42\u2032 Ersatznetz f\u00fcr Profi-Tennispl\u00e4tze im Freien"},"content":{"rendered":"<ul class=\"a-unordered-list a-vertical a-spacing-mini\">\n<li><span class=\"a-list-item\">Standard 42\u2032 L\u00e4nge, 3.5\u2032 H\u00f6he Tennisnetz<\/span><\/li>\n<li><span class=\"a-list-item\">Hochwertiges 4mm geflochtenes Polyester-Netz<\/span><\/li>\n<li><span class=\"a-list-item\">6 mm vinylbeschichtetes Stahlkabel<\/span><\/li>\n<li><span class=\"a-list-item\">Ideal f\u00fcr den Einsatz in Clubh\u00e4usern, Schulen, Turnhallen und anderen Orten mit einem gemeinschaftlichen Tennisplatz<\/span><\/li>\n<li><span class=\"a-list-item\">Inklusive tragbarer Tragetasche<\/span><\/li>\n<\/ul>","protected":false},"excerpt":{"rendered":"<p>Beschreibung:<br \/>\nSpielen Sie Tennis am Strand, in der Einfahrt, im Hinterhof und auf jeder ebenen Fl\u00e4che!<br \/>\nEs l\u00e4sst sich schnell aufstellen und wegpacken, ist faltbar, leicht und einfach zu transportieren.<br \/>\nIdeal f\u00fcr Partys, Camping und Familienurlaube. Nimmt kaum Platz im Kofferraum Ihres Autos ein.<br \/>\nHergestellt aus starkem Netz, um ein Zerrei\u00dfen zu vermeiden und Haltbarkeit zu gew\u00e4hrleisten. Mit stabiler Konstruktion, verwenden Sie drinnen und drau\u00dfen ohne Sorgen.<br \/>\nBringen Sie Ihre Kinder nach drau\u00dfen und in Bewegung! Dieses tragbare Netz ist perfekt f\u00fcr Erwachsene und Kinder zum Spielen und Sporttraining.<\/p>","protected":false},"featured_media":1437,"template":"","meta":{"_gspb_post_css":""},"product_brand":[],"product_cat":[33],"product_tag":[],"class_list":{"0":"post-1449","1":"product","2":"type-product","3":"status-publish","4":"has-post-thumbnail","6":"product_cat-tennis-net","8":"first","9":"instock","10":"shipping-taxable","11":"product-type-simple"},"_links":{"self":[{"href":"https:\/\/fsportsnet.com\/de\/wp-json\/wp\/v2\/product\/1449","targetHints":{"allow":["GET"]}}],"collection":[{"href":"https:\/\/fsportsnet.com\/de\/wp-json\/wp\/v2\/product"}],"about":[{"href":"https:\/\/fsportsnet.com\/de\/wp-json\/wp\/v2\/types\/product"}],"wp:featuredmedia":[{"embeddable":true,"href":"https:\/\/fsportsnet.com\/de\/wp-json\/wp\/v2\/media\/1437"}],"wp:attachment":[{"href":"https:\/\/fsportsnet.com\/de\/wp-json\/wp\/v2\/media?parent=1449"}],"wp:term":[{"taxonomy":"product_brand","embeddable":true,"href":"https:\/\/fsportsnet.com\/de\/wp-json\/wp\/v2\/product_brand?post=1449"},{"taxonomy":"product_cat","embeddable":true,"href":"https:\/\/fsportsnet.com\/de\/wp-json\/wp\/v2\/product_cat?post=1449"},{"taxonomy":"product_tag","embeddable":true,"href":"https:\/\/fsportsnet.com\/de\/wp-json\/wp\/v2\/product_tag?post=1449"}],"curies":[{"name":"wp","href":"https:\/\/api.w.org\/{rel}","templated":true}]}}