{"id":1452,"date":"2023-04-25T14:37:47","date_gmt":"2023-04-25T06:37:47","guid":{"rendered":"https:\/\/fsportsnet.com\/?post_type=product&#038;p=1452"},"modified":"2023-04-25T14:41:54","modified_gmt":"2023-04-25T06:41:54","slug":"4-way-tennis-net-training-multi-sports-net-soccer-tennis-net","status":"publish","type":"product","link":"https:\/\/fsportsnet.com\/de\/product\/4-way-tennis-net-training-multi-sports-net-soccer-tennis-net\/","title":{"rendered":"4-Wege-Tennisnetz Training Multi-Sportnetz Fu\u00dfball-Tennisnetz"},"content":{"rendered":"<ul class=\"a-unordered-list a-vertical a-spacing-mini\">\n<li>1. Gr\u00f6\u00dfe: 20x20ft<br \/>\n2. Stahlrohr: \u03a622\u00d71,0mm<br \/>\n3. Stange: \u03a612.7mm Fiberglas<br \/>\n4. Netz: 3 Lagen 1,5 \u201dPolyester knotenloses Netz<br \/>\n5. \u00c4rmel: 420D Oxford-Gewebe<br \/>\n6 Tasche: 600D Oxford-Gewebe<br \/>\n7. Verpacken: Jedes St\u00fcck in einem K=K-Karton, 89x22x14cm<br \/>\n8. NW 10,5kg, GW 11,5kg<\/li>\n<\/ul>","protected":false},"excerpt":{"rendered":"<p>Beschreibung:<br \/>\nSpielen Sie Tennis am Strand, in der Einfahrt, im Hinterhof und auf jeder ebenen Fl\u00e4che!<br \/>\nEs l\u00e4sst sich schnell aufstellen und wegpacken, ist faltbar, leicht und einfach zu transportieren.<br \/>\nIdeal f\u00fcr Partys, Camping und Familienurlaube. Nimmt kaum Platz im Kofferraum Ihres Autos ein.<br \/>\nHergestellt aus starkem Netz, um ein Zerrei\u00dfen zu vermeiden und Haltbarkeit zu gew\u00e4hrleisten. Mit stabiler Konstruktion, verwenden Sie drinnen und drau\u00dfen ohne Sorgen.<br \/>\nBringen Sie Ihre Kinder nach drau\u00dfen und in Bewegung! Dieses tragbare Netz ist perfekt f\u00fcr Erwachsene und Kinder zum Spielen und Sporttraining.<\/p>","protected":false},"featured_media":1438,"template":"","meta":{"_gspb_post_css":""},"product_brand":[],"product_cat":[33],"product_tag":[],"class_list":{"0":"post-1452","1":"product","2":"type-product","3":"status-publish","4":"has-post-thumbnail","6":"product_cat-tennis-net","8":"first","9":"instock","10":"shipping-taxable","11":"product-type-simple"},"_links":{"self":[{"href":"https:\/\/fsportsnet.com\/de\/wp-json\/wp\/v2\/product\/1452","targetHints":{"allow":["GET"]}}],"collection":[{"href":"https:\/\/fsportsnet.com\/de\/wp-json\/wp\/v2\/product"}],"about":[{"href":"https:\/\/fsportsnet.com\/de\/wp-json\/wp\/v2\/types\/product"}],"wp:featuredmedia":[{"embeddable":true,"href":"https:\/\/fsportsnet.com\/de\/wp-json\/wp\/v2\/media\/1438"}],"wp:attachment":[{"href":"https:\/\/fsportsnet.com\/de\/wp-json\/wp\/v2\/media?parent=1452"}],"wp:term":[{"taxonomy":"product_brand","embeddable":true,"href":"https:\/\/fsportsnet.com\/de\/wp-json\/wp\/v2\/product_brand?post=1452"},{"taxonomy":"product_cat","embeddable":true,"href":"https:\/\/fsportsnet.com\/de\/wp-json\/wp\/v2\/product_cat?post=1452"},{"taxonomy":"product_tag","embeddable":true,"href":"https:\/\/fsportsnet.com\/de\/wp-json\/wp\/v2\/product_tag?post=1452"}],"curies":[{"name":"wp","href":"https:\/\/api.w.org\/{rel}","templated":true}]}}