{"id":1453,"date":"2023-04-25T15:53:44","date_gmt":"2023-04-25T07:53:44","guid":{"rendered":"https:\/\/fsportsnet.com\/?post_type=product&#038;p=1453"},"modified":"2023-04-25T15:53:44","modified_gmt":"2023-04-25T07:53:44","slug":"portable-badminton-net-set-easy-and-fast-assembly","status":"publish","type":"product","link":"https:\/\/fsportsnet.com\/de\/product\/portable-badminton-net-set-easy-and-fast-assembly\/","title":{"rendered":"Tragbares Badmintonnetz Set Einfache und schnelle Montage"},"content":{"rendered":"<ul class=\"a-unordered-list a-vertical a-spacing-mini\">\n<li><span class=\"a-list-item\">Hochwertiges Multi-Sport-Netz: Das langlebige Badmintonnetz von Fsport besteht aus hochwertigen Materialien, einschlie\u00dflich PE-Netz und robusten Stahlstangen, wodurch es ideal f\u00fcr den Innen- und Au\u00dfenbereich geeignet ist. Mit einer Gr\u00f6\u00dfe von 10FT lang, ist dieses Sportnetz perfekt f\u00fcr Badminton, Volleyball.<\/span><\/li>\n<li><span class=\"a-list-item\">Stabiles und zuverl\u00e4ssiges Tennisnetz: Unser Sportnetz wurde entwickelt, um stabil und zuverl\u00e4ssig zu sein, mit einem robusten Stahlrahmen, der zus\u00e4tzliche Unterst\u00fctzung und Haltbarkeit bietet. Egal, ob Sie zu Hause oder unterwegs spielen, dieses Netz bleibt an seinem Platz, sodass Sie sich auf Ihr Spiel konzentrieren und den Wettkampf genie\u00dfen k\u00f6nnen.<\/span><\/li>\n<li><span class=\"a-list-item\">Einfach zu lagern und zu transportieren: Mit der mitgelieferten praktischen Tragetasche l\u00e4sst sich dieses Sportnetz leicht verstauen und transportieren. Ob Sie zum Strand oder in den Garten eines Freundes fahren, packen Sie das Netz einfach in die Tasche und nehmen Sie es mit. So einfach ist das!<\/span><\/li>\n<li><span class=\"a-list-item\">Perfekt f\u00fcr alle Altersgruppen: Ob Sie ein erfahrener Profi sind oder gerade erst anfangen, das Badmintonnetz von Fsports ist f\u00fcr Spieler jeden Alters geeignet. Mit seinen hochwertigen Materialien und seiner robusten Konstruktion h\u00e4lt dieses Netz selbst den intensivsten Spielen stand und bietet stundenlangen Spa\u00df f\u00fcr die ganze Familie.<\/span><\/li>\n<li><span class=\"a-list-item\">Ideales Geschenk: Dieses Sportnetz ist ein ideales Geschenk f\u00fcr Geburtstage, Weihnachten oder andere Feste. Mit seiner hochwertigen Konstruktion und seiner vielseitigen Verwendbarkeit wird es sicher jedem, der Sport und die Natur liebt, Freude bereiten. Und mit der schnellen Lieferung in die USA und einem in den USA ans\u00e4ssigen Unternehmen k\u00f6nnen Sie darauf vertrauen, dass wir Ihr Sportnetz schnell und zuverl\u00e4ssig liefern.<\/span><\/li>\n<\/ul>","protected":false},"excerpt":{"rendered":"<p>Geeignet f\u00fcr Gelegenheits- und Wettkampfspieler aller Spielst\u00e4rken und Altersgruppen, f\u00fcr Kinder und Erwachsene gleicherma\u00dfen. Beginnen Sie eine neue Tradition - oder Rivalit\u00e4t - und werden Sie gemeinsam als Familie in Ihrem eigenen Garten aktiv.<br \/>\nDie farblich abgestimmten Schl\u00e4ger in offizieller Gr\u00f6\u00dfe haben ein verst\u00e4rktes Polymer-Gewebe und einen stabilen Metallrahmen. Sie sind leicht und wendig - die perfekte Ausr\u00fcstung f\u00fcr den brandneuen Spieler oder den ambitionierten zuk\u00fcnftigen Profi.<\/p>","protected":false},"featured_media":1471,"template":"","meta":{"_gspb_post_css":""},"product_brand":[],"product_cat":[34],"product_tag":[],"class_list":{"0":"post-1453","1":"product","2":"type-product","3":"status-publish","4":"has-post-thumbnail","6":"product_cat-badminton-net","8":"first","9":"instock","10":"shipping-taxable","11":"product-type-simple"},"_links":{"self":[{"href":"https:\/\/fsportsnet.com\/de\/wp-json\/wp\/v2\/product\/1453","targetHints":{"allow":["GET"]}}],"collection":[{"href":"https:\/\/fsportsnet.com\/de\/wp-json\/wp\/v2\/product"}],"about":[{"href":"https:\/\/fsportsnet.com\/de\/wp-json\/wp\/v2\/types\/product"}],"wp:featuredmedia":[{"embeddable":true,"href":"https:\/\/fsportsnet.com\/de\/wp-json\/wp\/v2\/media\/1471"}],"wp:attachment":[{"href":"https:\/\/fsportsnet.com\/de\/wp-json\/wp\/v2\/media?parent=1453"}],"wp:term":[{"taxonomy":"product_brand","embeddable":true,"href":"https:\/\/fsportsnet.com\/de\/wp-json\/wp\/v2\/product_brand?post=1453"},{"taxonomy":"product_cat","embeddable":true,"href":"https:\/\/fsportsnet.com\/de\/wp-json\/wp\/v2\/product_cat?post=1453"},{"taxonomy":"product_tag","embeddable":true,"href":"https:\/\/fsportsnet.com\/de\/wp-json\/wp\/v2\/product_tag?post=1453"}],"curies":[{"name":"wp","href":"https:\/\/api.w.org\/{rel}","templated":true}]}}