{"id":1475,"date":"2023-04-25T15:58:07","date_gmt":"2023-04-25T07:58:07","guid":{"rendered":"https:\/\/fsportsnet.com\/?post_type=product&#038;p=1475"},"modified":"2023-04-25T16:01:18","modified_gmt":"2023-04-25T08:01:18","slug":"adjustable-height-portable-badminton-net-set-competition-multi-sport-indoor-or-outdoor-net","status":"publish","type":"product","link":"https:\/\/fsportsnet.com\/de\/product\/adjustable-height-portable-badminton-net-set-competition-multi-sport-indoor-or-outdoor-net\/","title":{"rendered":"H\u00f6henverstellbares, tragbares Badmintonnetz-Set Wettkampf-Multisport-Netz f\u00fcr drinnen und drau\u00dfen"},"content":{"rendered":"<ul class=\"a-unordered-list a-vertical a-spacing-mini\">\n<li>VERSTELLBARES NETZ F\u00dcR MULTISPORTANWENDUNGEN: W\u00e4hlen Sie zwischen DREI H\u00f6heneinstellungen f\u00fcr verschiedene Spiel- oder \u00dcbungsm\u00f6glichkeiten. Verwenden Sie das Netz in der niedrigsten Einstellung als Sicherheitsbarriere oder Barrikade, um zu verhindern, dass B\u00e4lle auf die Stra\u00dfe rollen; eine gute Wahl f\u00fcr Eltern.<br \/>\nNETZ F\u00dcR INNEN- UND AUSSENPL\u00c4TZE (KEINE STANGEN ERFORDERLICH): Ob f\u00fcr Badminton, Fu\u00dfballtennis, Rasentennis oder Pickleball, dieses Netz ist eine gute Wahl f\u00fcr Ihre Familie und Freunde. Spielen Sie \u00fcberall - auf dem Rasen, am Strand, im Hinterhof oder in der Turnhalle der Schule.<br \/>\nEINFACHER AUF- UND ABBAU: Der Aufbau dauert weniger als 5 Minuten! Auch der Abbau des rostfreien Netzst\u00e4nders ist schnell und einfach. F\u00fcr das Netz wird hochwertiges Nylongewebe verwendet, damit Sie jahrelang Spa\u00df und Freude haben, ohne sich Sorgen machen zu m\u00fcssen, dass das Netz rei\u00dft.<br \/>\nEINFACHER TRANSPORT UND PRAKTISCHE AUFBEWAHRUNG: Das langlebige Sportnetz-Set ist leicht, faltbar, tragbar und praktisch. INKLUSIVE Tragetasche zur Aufbewahrung der Stangen und des Netzes und zur Mitnahme ins Fitnessstudio, in den Park, zum Camping, zu Versammlungen oder Geburtstagsfeiern.<br \/>\nBONUS-ITEMS: Was w\u00e4re ein offizielles Spielfeld ohne die Linien? Im Lieferumfang sind vier Bodenpf\u00e4hle und Begrenzungslinien enthalten, mit denen Sie Ihr eigenes Spielfeld f\u00fcr wettbewerbsorientierte Spiele anlegen k\u00f6nnen.<\/li>\n<\/ul>","protected":false},"excerpt":{"rendered":"<p>Geeignet f\u00fcr Gelegenheits- und Wettkampfspieler aller Spielst\u00e4rken und Altersgruppen, f\u00fcr Kinder und Erwachsene gleicherma\u00dfen. Beginnen Sie eine neue Tradition - oder Rivalit\u00e4t - und werden Sie gemeinsam als Familie in Ihrem eigenen Garten aktiv.<br \/>\nDie farblich abgestimmten Schl\u00e4ger in offizieller Gr\u00f6\u00dfe haben ein verst\u00e4rktes Polymer-Gewebe und einen stabilen Metallrahmen. Sie sind leicht und wendig - die perfekte Ausr\u00fcstung f\u00fcr den brandneuen Spieler oder den ambitionierten zuk\u00fcnftigen Profi.<\/p>","protected":false},"featured_media":1457,"template":"","meta":{"_gspb_post_css":""},"product_brand":[],"product_cat":[34],"product_tag":[],"class_list":{"0":"post-1475","1":"product","2":"type-product","3":"status-publish","4":"has-post-thumbnail","6":"product_cat-badminton-net","8":"first","9":"instock","10":"shipping-taxable","11":"product-type-simple"},"_links":{"self":[{"href":"https:\/\/fsportsnet.com\/de\/wp-json\/wp\/v2\/product\/1475","targetHints":{"allow":["GET"]}}],"collection":[{"href":"https:\/\/fsportsnet.com\/de\/wp-json\/wp\/v2\/product"}],"about":[{"href":"https:\/\/fsportsnet.com\/de\/wp-json\/wp\/v2\/types\/product"}],"wp:featuredmedia":[{"embeddable":true,"href":"https:\/\/fsportsnet.com\/de\/wp-json\/wp\/v2\/media\/1457"}],"wp:attachment":[{"href":"https:\/\/fsportsnet.com\/de\/wp-json\/wp\/v2\/media?parent=1475"}],"wp:term":[{"taxonomy":"product_brand","embeddable":true,"href":"https:\/\/fsportsnet.com\/de\/wp-json\/wp\/v2\/product_brand?post=1475"},{"taxonomy":"product_cat","embeddable":true,"href":"https:\/\/fsportsnet.com\/de\/wp-json\/wp\/v2\/product_cat?post=1475"},{"taxonomy":"product_tag","embeddable":true,"href":"https:\/\/fsportsnet.com\/de\/wp-json\/wp\/v2\/product_tag?post=1475"}],"curies":[{"name":"wp","href":"https:\/\/api.w.org\/{rel}","templated":true}]}}