{"id":1489,"date":"2023-04-25T17:01:12","date_gmt":"2023-04-25T09:01:12","guid":{"rendered":"https:\/\/fsportsnet.com\/?post_type=product&#038;p=1489"},"modified":"2023-04-25T17:02:19","modified_gmt":"2023-04-25T09:02:19","slug":"youth-street-hockey-net-steel-hockey-goal-for-kids-roller-junior-goal-54","status":"publish","type":"product","link":"https:\/\/fsportsnet.com\/de\/product\/youth-street-hockey-net-steel-hockey-goal-for-kids-roller-junior-goal-54\/","title":{"rendered":"Jugend-Street-Hockey-Netz Stahl-Hockey-Tor f\u00fcr Kinder Roller Junior Goal 54\u2033"},"content":{"rendered":"<ul class=\"a-unordered-list a-vertical a-spacing-mini\">\n<li><span class=\"a-list-item\">HEAVY DUTY: Dieses Streethockeytor besteht aus Stahlrohren mit 1\u2033 Durchmesser, die f\u00fcr eine lange Lebensdauer ausgelegt sind.<\/span><\/li>\n<li><span class=\"a-list-item\">PRO STYLE: Das Tor ist mit einer Profiablage und einer R\u00fcckenst\u00fctze ausgestattet, so dass Sie es wie die Profis richtig krachen lassen k\u00f6nnen.<\/span><\/li>\n<li><span class=\"a-list-item\">LANGLEBIGES NETZMATERIAL: Dieses Tor verf\u00fcgt \u00fcber ein ultraschweres Netz, das selbst den h\u00e4rtesten Slapshots standh\u00e4lt.<\/span><\/li>\n<li><span class=\"a-list-item\">ALLES WETTER: Dieses Tor ist aus wetterfesten Materialien gefertigt, so dass Sie bei jedem Wetter spielen k\u00f6nnen.<\/span><\/li>\n<li><span class=\"a-list-item\">JUGENDGR\u00d6SSE: Bei 54\u2033 x 44\u2033 dieses Ziel ist die perfekte Gr\u00f6\u00dfe f\u00fcr Jugend-Hockeyspieler zu spielen und ihre F\u00e4higkeiten zu verbessern.<\/span><\/li>\n<\/ul>","protected":false},"excerpt":{"rendered":"<p>Fsports ist ein f\u00fchrender Hersteller von qualitativ hochwertigen Hockeynetzen f\u00fcr Inline- und Eishockeyanlagen. Wir fertigen ma\u00dfgeschneiderte Tornetze (Tor mit Netz) und Schutznetze (komplettes Set) f\u00fcr Arenen, Eisstadien und Trainingseinrichtungen, einschlie\u00dflich NHL-Einrichtungen.<\/p>","protected":false},"featured_media":1492,"template":"","meta":{"_gspb_post_css":""},"product_brand":[],"product_cat":[37],"product_tag":[],"class_list":{"0":"post-1489","1":"product","2":"type-product","3":"status-publish","4":"has-post-thumbnail","6":"product_cat-hockey-goal","8":"first","9":"instock","10":"shipping-taxable","11":"product-type-simple"},"_links":{"self":[{"href":"https:\/\/fsportsnet.com\/de\/wp-json\/wp\/v2\/product\/1489","targetHints":{"allow":["GET"]}}],"collection":[{"href":"https:\/\/fsportsnet.com\/de\/wp-json\/wp\/v2\/product"}],"about":[{"href":"https:\/\/fsportsnet.com\/de\/wp-json\/wp\/v2\/types\/product"}],"wp:featuredmedia":[{"embeddable":true,"href":"https:\/\/fsportsnet.com\/de\/wp-json\/wp\/v2\/media\/1492"}],"wp:attachment":[{"href":"https:\/\/fsportsnet.com\/de\/wp-json\/wp\/v2\/media?parent=1489"}],"wp:term":[{"taxonomy":"product_brand","embeddable":true,"href":"https:\/\/fsportsnet.com\/de\/wp-json\/wp\/v2\/product_brand?post=1489"},{"taxonomy":"product_cat","embeddable":true,"href":"https:\/\/fsportsnet.com\/de\/wp-json\/wp\/v2\/product_cat?post=1489"},{"taxonomy":"product_tag","embeddable":true,"href":"https:\/\/fsportsnet.com\/de\/wp-json\/wp\/v2\/product_tag?post=1489"}],"curies":[{"name":"wp","href":"https:\/\/api.w.org\/{rel}","templated":true}]}}