{"id":1497,"date":"2023-04-25T17:02:32","date_gmt":"2023-04-25T09:02:32","guid":{"rendered":"https:\/\/fsportsnet.com\/?post_type=product&#038;p=1497"},"modified":"2023-04-26T08:32:29","modified_gmt":"2023-04-26T00:32:29","slug":"ezgoal-hockey-folding-pro-goal","status":"publish","type":"product","link":"https:\/\/fsportsnet.com\/de\/product\/ezgoal-hockey-folding-pro-goal\/","title":{"rendered":"NHL Kids Street Hockey Goal Portable Lightweight PVC Youth Street Roller Hockey Goal mit Netz 46\u2033"},"content":{"rendered":"<ul class=\"a-unordered-list a-vertical a-spacing-mini\">\n<li><span class=\"a-list-item\">PVC<\/span><\/li>\n<li><span class=\"a-list-item\">Eingef\u00fchrt<\/span><\/li>\n<li><span class=\"a-list-item\">\u00dcBERALL SPIELEN: Unsere leichten Hockeytore sind so konzipiert, dass Sie \u00fcberall spielen k\u00f6nnen, egal ob in der Einfahrt, auf der Terrasse oder in der Turnhalle.<\/span><\/li>\n<li><span class=\"a-list-item\">SCHNELLER AUFBAU: Das vorgefertigte Netz aus Polyester und die Netzbefestigung aus Nylonh\u00fclsen sorgen f\u00fcr lange Haltbarkeit und m\u00fchelose Montage<\/span><\/li>\n<li><span class=\"a-list-item\">LEICHT UND TRAGBAR: Dieses Set ist aus leichtem PVC gefertigt und l\u00e4sst sich in Sekundenschnelle zusammenbauen oder zerlegen, um es einfach zu verstauen.<\/span><\/li>\n<li><span class=\"a-list-item\">GROSSARTIG F\u00dcR KINDER: Entwickelt f\u00fcr Anf\u00e4nger und Jugend Hockeyspieler, mit diesem 46\u2033 x 40\u2033 gro\u00dfen Tor der Spa\u00df nie zu stoppen hat.<\/span><\/li>\n<li><span class=\"a-list-item\">NHL STREET HOCKEY OFFICAL: Dieses Hockeytor ist offiziell von der National Hockey League lizenziert, nur zur Verwendung mit dem offiziellen 2 5\/8\u2033 Streethockeyball<\/span><\/li>\n<li><\/li>\n<\/ul>","protected":false},"excerpt":{"rendered":"<p>Das Fsports 46\u2033 Sleeve Net Hockey Goal ist perfekt f\u00fcr alle Anf\u00e4nger, die auf der Stra\u00dfe spielen wollen! Das Tor verf\u00fcgt \u00fcber hochbelastbare 1,5\u2033 PVC-Rohre und ein strapazierf\u00e4higes, vormontiertes Allwetter-Netz aus 2.400D Polyester. Mit der einfachen Netzbefestigung und den passgenauen Kupplungen ist es schnell aufgebaut. Dieses Design sorgt f\u00fcr eine stabile Konstruktion. Die Spiele k\u00f6nnen beginnen! Gr\u00f6\u00dfe des Tores: 46\u2033 (B) X 40\u2033 (H) X 22\u2033 (T).<\/p>","protected":false},"featured_media":1500,"template":"","meta":{"_gspb_post_css":""},"product_brand":[],"product_cat":[37],"product_tag":[],"class_list":{"0":"post-1497","1":"product","2":"type-product","3":"status-publish","4":"has-post-thumbnail","6":"product_cat-hockey-goal","8":"first","9":"instock","10":"shipping-taxable","11":"product-type-simple"},"_links":{"self":[{"href":"https:\/\/fsportsnet.com\/de\/wp-json\/wp\/v2\/product\/1497","targetHints":{"allow":["GET"]}}],"collection":[{"href":"https:\/\/fsportsnet.com\/de\/wp-json\/wp\/v2\/product"}],"about":[{"href":"https:\/\/fsportsnet.com\/de\/wp-json\/wp\/v2\/types\/product"}],"wp:featuredmedia":[{"embeddable":true,"href":"https:\/\/fsportsnet.com\/de\/wp-json\/wp\/v2\/media\/1500"}],"wp:attachment":[{"href":"https:\/\/fsportsnet.com\/de\/wp-json\/wp\/v2\/media?parent=1497"}],"wp:term":[{"taxonomy":"product_brand","embeddable":true,"href":"https:\/\/fsportsnet.com\/de\/wp-json\/wp\/v2\/product_brand?post=1497"},{"taxonomy":"product_cat","embeddable":true,"href":"https:\/\/fsportsnet.com\/de\/wp-json\/wp\/v2\/product_cat?post=1497"},{"taxonomy":"product_tag","embeddable":true,"href":"https:\/\/fsportsnet.com\/de\/wp-json\/wp\/v2\/product_tag?post=1497"}],"curies":[{"name":"wp","href":"https:\/\/api.w.org\/{rel}","templated":true}]}}