{"id":1502,"date":"2023-04-26T08:32:46","date_gmt":"2023-04-26T00:32:46","guid":{"rendered":"https:\/\/fsportsnet.com\/?post_type=product&#038;p=1502"},"modified":"2023-04-26T08:41:47","modified_gmt":"2023-04-26T00:41:47","slug":"better-hockey-extreme-goal-targets-sharp-shooting-training-aid","status":"publish","type":"product","link":"https:\/\/fsportsnet.com\/de\/product\/better-hockey-extreme-goal-targets-sharp-shooting-training-aid\/","title":{"rendered":"Better Hockey Extreme Goal Targets Scharfes Schie\u00dfen Trainingshilfe"},"content":{"rendered":"<ul class=\"a-unordered-list a-vertical a-spacing-mini\">\n<li><span class=\"a-list-item\">HELFEN SIE DIR, MEHR TORE ZU SCHIE\u00dfEN - diese intelligenten Hockey-Trainingshilfen helfen dir, deine Schusspr\u00e4zision zu verbessern<\/span><\/li>\n<li><span class=\"a-list-item\">PRAKTIEREN SIE WIE DIE PROFIS - diese innovativen Premium-Hockeytorscheiben werden von mehr als 100 Spielern in der NHL verwendet.<\/span><\/li>\n<li><span class=\"a-list-item\">LASSEN SIE MEHRERE WINKEL AUSPROBIEREN - es wird in einem Set mit drei Zielscheiben geliefert, so dass Sie \u00dcbungen erstellen k\u00f6nnen, die Ihre Genauigkeit verbessern werden<\/span><\/li>\n<li><span class=\"a-list-item\">HERGESTELLT AUS DER H\u00d6CHSTEN QUALIT\u00c4T - extrem haltbares, leichtes Material. Nach dem Auftreffen auf die Ziele kehren sie in ihre urspr\u00fcngliche Position zur\u00fcck<\/span><\/li>\n<li><span class=\"a-list-item\">Passt auf jede Regelgr\u00f6\u00dfe von Hockey-Netzen - einfach in Sekunden zu installieren. Das Tor auf den Bildern ist nicht enthalten<\/span><\/li>\n<\/ul>","protected":false},"excerpt":{"rendered":"<p>Das Fsports Hockey Goal Target ist perfekt f\u00fcr alle Anf\u00e4nger, die auf der Stra\u00dfe spielen wollen! Das Tor besteht aus hochschlagfesten 1,5\u2033 PVC-Rohren und einem haltbaren, wetterfesten 2.400D Polyester-Netz. Mit der einfachen Netzbefestigung und den passgenauen Kupplungen l\u00e4sst es sich schnell zusammenbauen. Dieses Design sorgt f\u00fcr eine stabile Konstruktion. Die Spiele k\u00f6nnen beginnen! Gr\u00f6\u00dfe des Tores: 46\u2033 (B) X 40\u2033 (H) X 22\u2033 (T).<\/p>","protected":false},"featured_media":1494,"template":"","meta":{"_gspb_post_css":""},"product_brand":[],"product_cat":[37],"product_tag":[],"class_list":{"0":"post-1502","1":"product","2":"type-product","3":"status-publish","4":"has-post-thumbnail","6":"product_cat-hockey-goal","8":"first","9":"instock","10":"shipping-taxable","11":"product-type-simple"},"_links":{"self":[{"href":"https:\/\/fsportsnet.com\/de\/wp-json\/wp\/v2\/product\/1502","targetHints":{"allow":["GET"]}}],"collection":[{"href":"https:\/\/fsportsnet.com\/de\/wp-json\/wp\/v2\/product"}],"about":[{"href":"https:\/\/fsportsnet.com\/de\/wp-json\/wp\/v2\/types\/product"}],"wp:featuredmedia":[{"embeddable":true,"href":"https:\/\/fsportsnet.com\/de\/wp-json\/wp\/v2\/media\/1494"}],"wp:attachment":[{"href":"https:\/\/fsportsnet.com\/de\/wp-json\/wp\/v2\/media?parent=1502"}],"wp:term":[{"taxonomy":"product_brand","embeddable":true,"href":"https:\/\/fsportsnet.com\/de\/wp-json\/wp\/v2\/product_brand?post=1502"},{"taxonomy":"product_cat","embeddable":true,"href":"https:\/\/fsportsnet.com\/de\/wp-json\/wp\/v2\/product_cat?post=1502"},{"taxonomy":"product_tag","embeddable":true,"href":"https:\/\/fsportsnet.com\/de\/wp-json\/wp\/v2\/product_tag?post=1502"}],"curies":[{"name":"wp","href":"https:\/\/api.w.org\/{rel}","templated":true}]}}