{"id":1503,"date":"2023-04-26T08:33:01","date_gmt":"2023-04-26T00:33:01","guid":{"rendered":"https:\/\/fsportsnet.com\/?post_type=product&#038;p=1503"},"modified":"2023-04-26T08:36:11","modified_gmt":"2023-04-26T00:36:11","slug":"ezgoal-hockey-folding-pro-goal-2","status":"publish","type":"product","link":"https:\/\/fsportsnet.com\/de\/product\/ezgoal-hockey-folding-pro-goal-2\/","title":{"rendered":"EZGoal Hockey Faltbares Profi-Tor"},"content":{"rendered":"<ul class=\"a-unordered-list a-vertical a-spacing-mini\">\n<li><span class=\"a-list-item\">Gebogener Profistil-Rahmen und obere Ablage aus 18 Gauge<\/span><\/li>\n<li><span class=\"a-list-item\">2\u2033 pulverbeschichteter Stahlrahmen mit stabiler Konstruktion<\/span><\/li>\n<li><span class=\"a-list-item\">Zum Patent angemeldeter Rock-Solid-Klappmechanismus f\u00fcr flache Lagerung<\/span><\/li>\n<li><span class=\"a-list-item\">Strapazierf\u00e4higes, UV-behandeltes Polypropylennetz mit nylonverst\u00e4rktem Bodenrand Lebenslange Garantie auf das Tornetz<\/span><\/li>\n<li><span class=\"a-list-item\">Regelgr\u00f6\u00dfe: 72\u2033 breit x 48\u2033 hoch<\/span><\/li>\n<li><span class=\"a-list-item\">Sportart: Fu\u00dfball, Hockey<\/span><\/li>\n<\/ul>","protected":false},"excerpt":{"rendered":"<p>Das Fsports 72\u2033 Sleeve Net Hockey Goal ist perfekt f\u00fcr alle Anf\u00e4nger, die auf der Stra\u00dfe spielen wollen! Es ist schnell mit seiner einfachen H\u00fclse Netzbefestigung und passgenaue Kupplungen montiert. Dieses Design sorgt f\u00fcr eine stabile Konstruktion. Lassen Sie die Spiele beginnen! Goal Gr\u00f6\u00dfe: <span class=\"a-list-item\">72\u2033 breit x 48\u2033 hoch.<\/span><\/p>","protected":false},"featured_media":1495,"template":"","meta":{"_gspb_post_css":""},"product_brand":[],"product_cat":[37],"product_tag":[],"class_list":{"0":"post-1503","1":"product","2":"type-product","3":"status-publish","4":"has-post-thumbnail","6":"product_cat-hockey-goal","8":"first","9":"instock","10":"shipping-taxable","11":"product-type-simple"},"_links":{"self":[{"href":"https:\/\/fsportsnet.com\/de\/wp-json\/wp\/v2\/product\/1503","targetHints":{"allow":["GET"]}}],"collection":[{"href":"https:\/\/fsportsnet.com\/de\/wp-json\/wp\/v2\/product"}],"about":[{"href":"https:\/\/fsportsnet.com\/de\/wp-json\/wp\/v2\/types\/product"}],"wp:featuredmedia":[{"embeddable":true,"href":"https:\/\/fsportsnet.com\/de\/wp-json\/wp\/v2\/media\/1495"}],"wp:attachment":[{"href":"https:\/\/fsportsnet.com\/de\/wp-json\/wp\/v2\/media?parent=1503"}],"wp:term":[{"taxonomy":"product_brand","embeddable":true,"href":"https:\/\/fsportsnet.com\/de\/wp-json\/wp\/v2\/product_brand?post=1503"},{"taxonomy":"product_cat","embeddable":true,"href":"https:\/\/fsportsnet.com\/de\/wp-json\/wp\/v2\/product_cat?post=1503"},{"taxonomy":"product_tag","embeddable":true,"href":"https:\/\/fsportsnet.com\/de\/wp-json\/wp\/v2\/product_tag?post=1503"}],"curies":[{"name":"wp","href":"https:\/\/api.w.org\/{rel}","templated":true}]}}