{"id":1505,"date":"2023-04-26T08:42:15","date_gmt":"2023-04-26T00:42:15","guid":{"rendered":"https:\/\/fsportsnet.com\/?post_type=product&#038;p=1505"},"modified":"2023-04-26T08:50:28","modified_gmt":"2023-04-26T00:50:28","slug":"ultimate-knight-street-hockey-practice-shooting-target","status":"publish","type":"product","link":"https:\/\/fsportsnet.com\/de\/product\/ultimate-knight-street-hockey-practice-shooting-target\/","title":{"rendered":"Ultimate Knight Street Hockey \u00dcbungsschie\u00dfscheibe"},"content":{"rendered":"<ul class=\"a-unordered-list a-vertical a-spacing-mini\">\n<li><span class=\"a-list-item\">TREFFEN SIE DAS ZIEL: Mit 5 wichtigen Zielzonen, um einen echten Torwart zu imitieren und das Zielen und die Pr\u00e4zision zu verbessern<\/span><\/li>\n<li><span class=\"a-list-item\">WETTERBEST\u00c4NDIG: Kunstvoll gestaltetes wetterfestes PVC mit verst\u00e4rktem Rand und beschwertem Boden<\/span><\/li>\n<li><span class=\"a-list-item\">UNIVERSAL PASSEND: Befestigt an jedem Standard 54\u2033 x 44\u2033 Streethockey-Tor mit mitgelieferten Bungee-Fallen<\/span><\/li>\n<li><span class=\"a-list-item\">EINFACHER AUFBAU: Einfacher Auf- und Abbau durch langlebige Bungee-Verschl\u00fcsse, mit denen die 10 Ringe befestigt werden<\/span><\/li>\n<li><span class=\"a-list-item\">ZIEL NICHT ENTHALTEN: Ideal f\u00fcr Anf\u00e4nger und fortgeschrittene Sch\u00fctzen, um ihre Schie\u00dfk\u00fcnste zu verbessern.<\/span><\/li>\n<\/ul>","protected":false},"excerpt":{"rendered":"<p>Das Fsports Hockey Goal Target ist perfekt f\u00fcr alle Anf\u00e4nger, die auf der Stra\u00dfe spielen wollen! Dieses Netz besteht aus haltbaren, wetterfesten Materialien und ist f\u00fcr Spitzenleistungen bei Regen und Sonnenschein ausgelegt. Perfekt f\u00fcr die Einfahrt, Skatebahn, oder \u00fcberall sonst das Spiel nimmt Sie.<\/p>","protected":false},"featured_media":1493,"template":"","meta":{"_gspb_post_css":""},"product_brand":[],"product_cat":[37],"product_tag":[],"class_list":{"0":"post-1505","1":"product","2":"type-product","3":"status-publish","4":"has-post-thumbnail","6":"product_cat-hockey-goal","8":"first","9":"instock","10":"shipping-taxable","11":"product-type-simple"},"_links":{"self":[{"href":"https:\/\/fsportsnet.com\/de\/wp-json\/wp\/v2\/product\/1505","targetHints":{"allow":["GET"]}}],"collection":[{"href":"https:\/\/fsportsnet.com\/de\/wp-json\/wp\/v2\/product"}],"about":[{"href":"https:\/\/fsportsnet.com\/de\/wp-json\/wp\/v2\/types\/product"}],"wp:featuredmedia":[{"embeddable":true,"href":"https:\/\/fsportsnet.com\/de\/wp-json\/wp\/v2\/media\/1493"}],"wp:attachment":[{"href":"https:\/\/fsportsnet.com\/de\/wp-json\/wp\/v2\/media?parent=1505"}],"wp:term":[{"taxonomy":"product_brand","embeddable":true,"href":"https:\/\/fsportsnet.com\/de\/wp-json\/wp\/v2\/product_brand?post=1505"},{"taxonomy":"product_cat","embeddable":true,"href":"https:\/\/fsportsnet.com\/de\/wp-json\/wp\/v2\/product_cat?post=1505"},{"taxonomy":"product_tag","embeddable":true,"href":"https:\/\/fsportsnet.com\/de\/wp-json\/wp\/v2\/product_tag?post=1505"}],"curies":[{"name":"wp","href":"https:\/\/api.w.org\/{rel}","templated":true}]}}