{"id":1507,"date":"2023-04-26T09:23:28","date_gmt":"2023-04-26T01:23:28","guid":{"rendered":"https:\/\/fsportsnet.com\/?post_type=product&#038;p=1507"},"modified":"2023-04-26T09:40:44","modified_gmt":"2023-04-26T01:40:44","slug":"regulation-6-x-6-lacrosse-net-with-steel-frame","status":"publish","type":"product","link":"https:\/\/fsportsnet.com\/de\/product\/regulation-6-x-6-lacrosse-net-with-steel-frame\/","title":{"rendered":"Regelung 6\u2032 x 6\u2032 Lacrosse Netz mit Stahlrahmen"},"content":{"rendered":"<p>SOFORT AUF- UND ABBAU: Einfacher Auf- und Abbau in weniger als 3 Minuten, damit Sie \u00fcberall spielen oder \u00fcben k\u00f6nnen<br \/>\nULTIMATIVE TRAININGSHILFE: Perfektes \u00dcbungsnetz f\u00fcr Lacrosse-Spieler aller Leistungsklassen f\u00fcr Spiele, Scrimmages oder Trainingseinheiten<br \/>\nREGELGR\u00d6SSE: Tor\u00f6ffnung misst 6 ft breit x 6 ft hoch x 6,5 ft tief. Komplettes Set enth\u00e4lt Lacrosse Netz, Rahmen und tragbare Tragetasche<br \/>\nEIN MUSS F\u00dcR TRAINER UND SPIELER: Gut geeignet f\u00fcr LAX-Programme und Organisationen, die Leistung und Qualit\u00e4t verlangen, ohne die Bank zu sprengen<br \/>\nDAUERHAFTE KONSTRUKTION: Verst\u00e4rkter, faltbarer Bogenrahmen mit hochdichtem Polyesternetz und tragbarer Tragetasche; ideal f\u00fcr Lacrosse-Spieler, Trainer und Camps<\/p>\n<p>1. die Gr\u00f6\u00dfe: 4 x 4\u2032, 6 x 6\u2032<br \/>\n2.rahmen: \u03a625 x 1.0mm Stahlrohr &amp; \u03a612.7mm Glasfaserstangen<br \/>\n3.Netz: 5 Lagen 1,5\u201d Polyester knotenlos &amp; 420\/600D Oxford Gewebe<br \/>\nGr\u00f6\u00dfe der Einzelverpackung: 64X10X18 cm<\/p>","protected":false},"excerpt":{"rendered":"<p>Verordnung 6\u2032 x 6\u2032 Lacrosse-Netz mit Stahlrahmen Tragbares Lacrosse-Tor College Lacrosse-Tore<br \/>\nTragbares Lacrosse-Tor<\/p>","protected":false},"featured_media":1546,"template":"","meta":{"_gspb_post_css":""},"product_brand":[],"product_cat":[38],"product_tag":[],"class_list":{"0":"post-1507","1":"product","2":"type-product","3":"status-publish","4":"has-post-thumbnail","6":"product_cat-lacrosse-goal","8":"first","9":"instock","10":"shipping-taxable","11":"product-type-simple"},"_links":{"self":[{"href":"https:\/\/fsportsnet.com\/de\/wp-json\/wp\/v2\/product\/1507","targetHints":{"allow":["GET"]}}],"collection":[{"href":"https:\/\/fsportsnet.com\/de\/wp-json\/wp\/v2\/product"}],"about":[{"href":"https:\/\/fsportsnet.com\/de\/wp-json\/wp\/v2\/types\/product"}],"wp:featuredmedia":[{"embeddable":true,"href":"https:\/\/fsportsnet.com\/de\/wp-json\/wp\/v2\/media\/1546"}],"wp:attachment":[{"href":"https:\/\/fsportsnet.com\/de\/wp-json\/wp\/v2\/media?parent=1507"}],"wp:term":[{"taxonomy":"product_brand","embeddable":true,"href":"https:\/\/fsportsnet.com\/de\/wp-json\/wp\/v2\/product_brand?post=1507"},{"taxonomy":"product_cat","embeddable":true,"href":"https:\/\/fsportsnet.com\/de\/wp-json\/wp\/v2\/product_cat?post=1507"},{"taxonomy":"product_tag","embeddable":true,"href":"https:\/\/fsportsnet.com\/de\/wp-json\/wp\/v2\/product_tag?post=1507"}],"curies":[{"name":"wp","href":"https:\/\/api.w.org\/{rel}","templated":true}]}}