{"id":1553,"date":"2023-04-26T09:58:07","date_gmt":"2023-04-26T01:58:07","guid":{"rendered":"https:\/\/fsportsnet.com\/?post_type=product&#038;p=1553"},"modified":"2023-04-26T10:03:27","modified_gmt":"2023-04-26T02:03:27","slug":"4ft-kids-lacrosse-goal-backyard-training-exercise-lacrosse-net","status":"publish","type":"product","link":"https:\/\/fsportsnet.com\/de\/product\/4ft-kids-lacrosse-goal-backyard-training-exercise-lacrosse-net\/","title":{"rendered":"4ft Kinder Lacrosse Goal Hinterhof Training \u00dcbung Lacrosse Netz"},"content":{"rendered":"<ul class=\"a-unordered-list a-vertical a-spacing-mini\">\n<li><span class=\"a-list-item\">Bestes Lacrosse-Trainingsger\u00e4t - Es ist viel tragbarer als normale Stahlnetze, dass es sogar in den Kofferraum Ihres SUVs passt oder einfach \u00fcber die Schulter getragen werden kann, um \u00fcberall zu \u00fcben!<\/span><\/li>\n<li><span class=\"a-list-item\">Easy Open Easy Fold - Es ist super einfach zu \u00f6ffnen und falten Sie in wenigen Minuten. Falten Sie das Tor einfach zusammen und packen Sie es in die mitgelieferte Tragetasche. Sogar ein Kind kann es leicht \u00f6ffnen und selbst\u00e4ndig zusammenlegen!<\/span><\/li>\n<li><span class=\"a-list-item\">Strapazierf\u00e4higer Fiberglas-Rahmen - Unser Ziel ist allwettertauglich durch Filament-Wickeltechnik, ist robust und flexibel genug, um gegen pl\u00f6tzlichen starken Wind! Lassen Sie sich vom Wetter nicht den Tag verderben.<\/span><\/li>\n<li><span class=\"a-list-item\">Gr\u00f6\u00dfte Lacrosse Geschenke f\u00fcr Jungen - Es ist tragbar, einfach zu \u00f6ffnen und zu falten, dass sogar ein Kind selbst einrichten kann. Absolut das einzigartigste Geschenk f\u00fcr Kinder und Jugendliche, die Lacrosse lieben!<\/span><\/li>\n<li><span class=\"a-list-item\">F\u00fcr alle Lacrosse-Liebhaber - Die richtige Trainingsausr\u00fcstung zu finden, ist ein wichtiger Teil der Komplettierung Ihres Lacrosse-Ausr\u00fcstungspakets. Die erste Wahl f\u00fcr Lacrosse-Enthusiasten, unser Lacrosse-Tor.<\/span><\/li>\n<\/ul>","protected":false},"excerpt":{"rendered":"<h4 class=\"a-spacing-mini\">Schnelles und einfaches Einrichten<\/h4>\n<p>Das Tor ist schnell zusammenklappbar, so dass Sie das Tor in Sekundenschnelle m\u00fchelos aufstellen k\u00f6nnen. Es ist leicht und einfach, das Tor aufzustellen, ohne dass Werkzeug oder Schrauben ben\u00f6tigt werden. Sogar ein Kind kann es leicht selbst aufbauen. Beginnen Sie sofort mit dem Training und verschwenden Sie keine Zeit mehr mit dem Aufstellen eines Tores.<\/p>","protected":false},"featured_media":1525,"template":"","meta":{"_gspb_post_css":""},"product_brand":[],"product_cat":[38],"product_tag":[],"class_list":{"0":"post-1553","1":"product","2":"type-product","3":"status-publish","4":"has-post-thumbnail","6":"product_cat-lacrosse-goal","8":"first","9":"instock","10":"shipping-taxable","11":"product-type-simple"},"_links":{"self":[{"href":"https:\/\/fsportsnet.com\/de\/wp-json\/wp\/v2\/product\/1553","targetHints":{"allow":["GET"]}}],"collection":[{"href":"https:\/\/fsportsnet.com\/de\/wp-json\/wp\/v2\/product"}],"about":[{"href":"https:\/\/fsportsnet.com\/de\/wp-json\/wp\/v2\/types\/product"}],"wp:featuredmedia":[{"embeddable":true,"href":"https:\/\/fsportsnet.com\/de\/wp-json\/wp\/v2\/media\/1525"}],"wp:attachment":[{"href":"https:\/\/fsportsnet.com\/de\/wp-json\/wp\/v2\/media?parent=1553"}],"wp:term":[{"taxonomy":"product_brand","embeddable":true,"href":"https:\/\/fsportsnet.com\/de\/wp-json\/wp\/v2\/product_brand?post=1553"},{"taxonomy":"product_cat","embeddable":true,"href":"https:\/\/fsportsnet.com\/de\/wp-json\/wp\/v2\/product_cat?post=1553"},{"taxonomy":"product_tag","embeddable":true,"href":"https:\/\/fsportsnet.com\/de\/wp-json\/wp\/v2\/product_tag?post=1553"}],"curies":[{"name":"wp","href":"https:\/\/api.w.org\/{rel}","templated":true}]}}