{"id":1554,"date":"2023-04-26T10:04:07","date_gmt":"2023-04-26T02:04:07","guid":{"rendered":"https:\/\/fsportsnet.com\/?post_type=product&#038;p=1554"},"modified":"2023-04-26T10:27:10","modified_gmt":"2023-04-26T02:27:10","slug":"ezgoal-lacrosse-folding-goal-with-steel-frame","status":"publish","type":"product","link":"https:\/\/fsportsnet.com\/de\/product\/ezgoal-lacrosse-folding-goal-with-steel-frame\/","title":{"rendered":"Lacrosse Goal Shooting Target Guard Eckziele f\u00fcr Schie\u00df\u00fcbungen"},"content":{"rendered":"<ul class=\"a-unordered-list a-vertical a-spacing-mini\">\n<li><span class=\"a-list-item\">Premium Schie\u00dfscheibe: Diese schwere, wasserdichte Schie\u00dfscheibe besteht aus hochwertigem Nylongewebe, das Lacrosse-Zieltuch ist tragbar und leicht zu falten. Es wird nicht leicht brechen oder verblassen und kann den meisten Wetterbedingungen standhalten<\/span><\/li>\n<li><span class=\"a-list-item\">Lacrosse-Tore in offizieller Gr\u00f6\u00dfe: 6\u2032 x 6\u2032 Gebrauch: F\u00fcr Lacrosse-Tore in offizieller Gr\u00f6\u00dfe f\u00fcr Erwachsene und Jugendspieler.<\/span><\/li>\n<li><span class=\"a-list-item\">9 Trefferzonen: Dieses Premium-Schussziel verf\u00fcgt \u00fcber 9 realistische Schusszonen, damit die Spieler ihre Schussgenauigkeit \u00fcben k\u00f6nnen, ohne einen Torwart zu ben\u00f6tigen. Unsere Lacrosse-Tore sind f\u00fcr Anf\u00e4nger, Fortgeschrittene und Profis geeignet.<\/span><\/li>\n<li><span class=\"a-list-item\">Einfach zu installieren und zu tragen: ausgestattet mit 16 elastischen Schnallen, die leicht installiert und nach Ihren Bed\u00fcrfnissen eingestellt werden k\u00f6nnen, und Sie k\u00f6nnen leicht falten die Lacrosse-Zubeh\u00f6r weg und speichern Sie sie in einer Tasche, leicht f\u00fcr Sie, um sie mit Ihnen zu nehmen, wo immer Sie gehen m\u00fcssen, nicht zu viel Platz oder Energie zu nehmen<\/span><\/li>\n<\/ul>\n<ul class=\"a-unordered-list a-vertical a-spacing-mini\">\n<li>\u00a01. Abmessungen: 6x6x7ft<br \/>\n2. Rahmen: 31.8\u00d70.8mm mit 50pcs Bungees<br \/>\n3. Netz: 7lagiges knotenloses Netz aus 1,5\u201d Polyester<br \/>\n4. Gewicht: 11,35 Kilogramm<br \/>\n5. Packma\u00df: 39,4 x 16,4 x 4,8 Zoll<\/li>\n<\/ul>","protected":false},"excerpt":{"rendered":"<h4 class=\"a-spacing-mini\">Bauen f\u00fcr Garten und Spiel im Freien<\/h4>\n<p>Unser Lacrosse-Tor ist f\u00fcr Spiele im Hinterhof und Training im Freien gebaut. Mit dem langlebigen Stahlrahmen und Bodenheringe, um das Ziel auf dem Boden zu sichern, helfen Sie gegen das unberechenbare Wetter. Robuste und stabile Ziel bietet Ihnen eine Erfahrung von Non-Stop-Training, die Sie jemals hatten.<\/p>","protected":false},"featured_media":1529,"template":"","meta":{"_gspb_post_css":""},"product_brand":[],"product_cat":[38],"product_tag":[],"class_list":{"0":"post-1554","1":"product","2":"type-product","3":"status-publish","4":"has-post-thumbnail","6":"product_cat-lacrosse-goal","8":"first","9":"instock","10":"shipping-taxable","11":"product-type-simple"},"_links":{"self":[{"href":"https:\/\/fsportsnet.com\/de\/wp-json\/wp\/v2\/product\/1554","targetHints":{"allow":["GET"]}}],"collection":[{"href":"https:\/\/fsportsnet.com\/de\/wp-json\/wp\/v2\/product"}],"about":[{"href":"https:\/\/fsportsnet.com\/de\/wp-json\/wp\/v2\/types\/product"}],"wp:featuredmedia":[{"embeddable":true,"href":"https:\/\/fsportsnet.com\/de\/wp-json\/wp\/v2\/media\/1529"}],"wp:attachment":[{"href":"https:\/\/fsportsnet.com\/de\/wp-json\/wp\/v2\/media?parent=1554"}],"wp:term":[{"taxonomy":"product_brand","embeddable":true,"href":"https:\/\/fsportsnet.com\/de\/wp-json\/wp\/v2\/product_brand?post=1554"},{"taxonomy":"product_cat","embeddable":true,"href":"https:\/\/fsportsnet.com\/de\/wp-json\/wp\/v2\/product_cat?post=1554"},{"taxonomy":"product_tag","embeddable":true,"href":"https:\/\/fsportsnet.com\/de\/wp-json\/wp\/v2\/product_tag?post=1554"}],"curies":[{"name":"wp","href":"https:\/\/api.w.org\/{rel}","templated":true}]}}