{"id":1574,"date":"2023-04-26T14:13:56","date_gmt":"2023-04-26T06:13:56","guid":{"rendered":"https:\/\/fsportsnet.com\/?post_type=product&#038;p=1574"},"modified":"2023-04-26T14:25:00","modified_gmt":"2023-04-26T06:25:00","slug":"soccer-trainer-portable-soccer-rebounder-net","status":"publish","type":"product","link":"https:\/\/fsportsnet.com\/de\/product\/soccer-trainer-portable-soccer-rebounder-net\/","title":{"rendered":"Fu\u00dfball-Trainer Portable Fu\u00dfball Rebounder Netz"},"content":{"rendered":"<div id=\"featurebullets_feature_div\" class=\"celwidget\" data-feature-name=\"featurebullets\" data-csa-c-type=\"widget\" data-csa-c-content-id=\"featurebullets\" data-csa-c-slot-id=\"featurebullets_feature_div\" data-csa-c-asin=\"B00VUMGYLQ\" data-csa-c-is-in-initial-active-row=\"false\" data-csa-c-id=\"r02nsd-ek31ro-15bazj-k71de6\" data-cel-widget=\"featurebullets_feature_div\">\n<div id=\"feature-bullets\" class=\"a-section a-spacing-medium a-spacing-top-small\">\n<ul class=\"a-unordered-list a-vertical a-spacing-mini\">\n<li><span class=\"a-list-item\">Erm\u00f6glicht eine echte Rolle, die das Passen und Empfangen am Boden erleichtert<\/span><\/li>\n<li><span class=\"a-list-item\">Maximiere die Anzahl der Wiederholungen, indem du den Ball mit deinen F\u00fc\u00dfen, Oberschenkeln und deiner Brust aus der Luft f\u00e4ngst.<\/span><\/li>\n<li><span class=\"a-list-item\">Arbeit an Volleys und Halbvolleys mit Spann und Schn\u00fcrsenkeln<\/span><\/li>\n<li><span class=\"a-list-item\">Schie\u00dft den Ball in die Luft f\u00fcr offensive Kopfb\u00e4lle nach unten und defensive Kopfb\u00e4lle nach oben und weg<\/span><\/li>\n<li><span class=\"a-list-item\">Tragbar, leicht und einfach zu verstauen<\/span><\/li>\n<\/ul>\n<\/div>\n<\/div>\n<div id=\"serviceCapabilities_feature_div\" class=\"celwidget\" data-feature-name=\"serviceCapabilities\" data-csa-c-type=\"widget\" data-csa-c-content-id=\"serviceCapabilities\" data-csa-c-slot-id=\"serviceCapabilities_feature_div\" data-csa-c-asin=\"B00VUMGYLQ\" data-csa-c-is-in-initial-active-row=\"false\" data-csa-c-id=\"cdqbcs-cqt9yd-frehzg-ddrb62\" data-cel-widget=\"serviceCapabilities_feature_div\">1. Gr\u00f6\u00dfe: 300x200x120cm<br \/>\n2. Stahlrohr: \u03a625.4 x 1.0mm<br \/>\n3. Fiberglas: 12,7 mm massive Stangen<br \/>\n4. Netz: 3 Lagen 1\u201d Polyester knotenlos<br \/>\n5ply 1.75\u201d Polyester knotenlos<br \/>\n5. Tasche: 420D Oxford-Gewebe<br \/>\n6. G.W 7,5kg, N.W 8,5kg<br \/>\n7. Karton Gr\u00f6\u00dfe: 20*15x102CM<\/div>","protected":false},"excerpt":{"rendered":"<p>Der Quickster Soccer Trainer ist schnell aufgebaut, h\u00e4lt auch den h\u00e4rtesten P\u00e4ssen stand und l\u00e4sst sich leicht verstauen. Dieser leichte und dennoch robuste Multitouch-Rebounder hilft den Spielern, ihre F\u00e4higkeiten auf eine Art und Weise zu entwickeln, die alle anderen Rebounder platt macht.<\/p>","protected":false},"featured_media":1570,"template":"","meta":{"_gspb_post_css":""},"product_brand":[],"product_cat":[32],"product_tag":[],"class_list":{"0":"post-1574","1":"product","2":"type-product","3":"status-publish","4":"has-post-thumbnail","6":"product_cat-rebounder","8":"first","9":"instock","10":"shipping-taxable","11":"product-type-simple"},"_links":{"self":[{"href":"https:\/\/fsportsnet.com\/de\/wp-json\/wp\/v2\/product\/1574","targetHints":{"allow":["GET"]}}],"collection":[{"href":"https:\/\/fsportsnet.com\/de\/wp-json\/wp\/v2\/product"}],"about":[{"href":"https:\/\/fsportsnet.com\/de\/wp-json\/wp\/v2\/types\/product"}],"wp:featuredmedia":[{"embeddable":true,"href":"https:\/\/fsportsnet.com\/de\/wp-json\/wp\/v2\/media\/1570"}],"wp:attachment":[{"href":"https:\/\/fsportsnet.com\/de\/wp-json\/wp\/v2\/media?parent=1574"}],"wp:term":[{"taxonomy":"product_brand","embeddable":true,"href":"https:\/\/fsportsnet.com\/de\/wp-json\/wp\/v2\/product_brand?post=1574"},{"taxonomy":"product_cat","embeddable":true,"href":"https:\/\/fsportsnet.com\/de\/wp-json\/wp\/v2\/product_cat?post=1574"},{"taxonomy":"product_tag","embeddable":true,"href":"https:\/\/fsportsnet.com\/de\/wp-json\/wp\/v2\/product_tag?post=1574"}],"curies":[{"name":"wp","href":"https:\/\/api.w.org\/{rel}","templated":true}]}}